{"id":57599,"date":"2024-07-18T15:31:49","date_gmt":"2024-07-18T13:31:49","guid":{"rendered":"https:\/\/dawell.cz\/produkt\/keramikelement-30-v\/"},"modified":"2025-04-17T07:51:55","modified_gmt":"2025-04-17T05:51:55","slug":"keramikelement-30-v","status":"publish","type":"product","link":"https:\/\/dawell.cz\/de\/produkt-de\/keramikelement-30-v\/","title":{"rendered":"Keramikelement 30 V"},"content":{"rendered":"\t\t<div data-elementor-type=\"product-post\" data-elementor-id=\"57599\" class=\"elementor elementor-57599 elementor-54522\" data-elementor-post-type=\"product\">\n\t\t\t\t<div class=\"elementor-element elementor-element-6d23cb84 thegem-e-con-layout-elementor e-flex e-con-boxed e-con e-parent\" data-id=\"6d23cb84\" data-element_type=\"container\" data-e-type=\"container\" data-settings=\"{&quot;thegem_container_layout&quot;:&quot;elementor&quot;}\">\r\n\t\t\t\t\t<div class=\"e-con-inner\">\r\n\t\t<div class=\"elementor-element elementor-element-5c80e7d1 e-con-full thegem-e-con-layout-elementor e-flex e-con e-child\" data-id=\"5c80e7d1\" data-element_type=\"container\" data-e-type=\"container\" data-settings=\"{&quot;background_background&quot;:&quot;classic&quot;,&quot;thegem_container_layout&quot;:&quot;elementor&quot;}\">\r\n\t\t\t\t<div class=\"elementor-element elementor-element-23b15657 flex-horizontal-align-default flex-horizontal-align-tablet-default flex-horizontal-align-mobile-default flex-vertical-align-default flex-vertical-align-tablet-default flex-vertical-align-mobile-default elementor-widget elementor-widget-text-editor\" data-id=\"23b15657\" data-element_type=\"widget\" data-e-type=\"widget\" data-widget_type=\"text-editor.default\">\n\t\t\t\t<div class=\"elementor-widget-container\">\n\t\t\t\t\t\t\t\t\t\t\t\t<div class=\"elementor-text-editor elementor-clearfix\">\r\n\t\t\t\t\t\t<p><strong>Das Keramikelement<\/strong> eignet sich ideal zum Vor- und Nachw\u00e4rmen bei der W\u00e4rmebehandlung von Produkten, der Reparatur von Gussteilen, Schwei\u00dfn\u00e4hten an dickwandigen Rohren, L\u00e4ngsn\u00e4hten usw.<\/p><p>Die flexiblen Keramikelemente werden aus einem hochwertigen Nickel-Chrom (NiCr) 80\/20-Litzendraht hergestellt und mit gesinterten Aluminiumoxidperlen isoliert, die f\u00fcr Flexibilit\u00e4t und verbesserte W\u00e4rme\u00fcbertragungsf\u00e4higkeit sorgen.<\/p><p>Das Element ist f\u00fcr Betriebstemperaturen bis zu 1050 \u00b0C geeignet.<\/p><p>Die Elemente k\u00f6nnen sowohl auf geraden als auch auf gekr\u00fcmmten Fl\u00e4chen eingesetzt werden und sind in einer Vielzahl von Gr\u00f6\u00dfen erh\u00e4ltlich &#8211; siehe die Tabelle unten.<\/p><p>Standardm\u00e4\u00dfig mit <strong>DINSE-Steckern<\/strong> geliefert.<\/p>\t\t\t\t\t\t\t<\/div>\r\n\t\t\t\t\t\t\t\t\t\t<\/div>\n\t\t\t\t<\/div>\n\t\t\t\t<\/div>\n\t\t<div class=\"elementor-element elementor-element-f12b87a e-con-full thegem-e-con-layout-elementor e-flex e-con e-child\" data-id=\"f12b87a\" data-element_type=\"container\" data-e-type=\"container\" data-settings=\"{&quot;background_background&quot;:&quot;classic&quot;,&quot;thegem_container_layout&quot;:&quot;elementor&quot;}\">\r\n\t\t\t\t<div class=\"elementor-element elementor-element-070a5c9 flex-horizontal-align-default flex-horizontal-align-tablet-default flex-horizontal-align-mobile-default flex-vertical-align-default flex-vertical-align-tablet-default flex-vertical-align-mobile-default elementor-widget elementor-widget-shortcode\" data-id=\"070a5c9\" data-element_type=\"widget\" data-e-type=\"widget\" data-widget_type=\"shortcode.default\">\n\t\t\t\t<div class=\"elementor-widget-container\">\n\t\t\t\t\t\t\t<div class=\"elementor-shortcode\">\n<table id=\"tablepress-dhc30v\" class=\"tablepress tablepress-id-dhc30v tp-clean-header\">\n<thead>\n<tr class=\"row-1\">\n\t<th class=\"column-1\">Order No.<\/th><th class=\"column-2\"><strong>No. of Elements A x B<\/strong><\/th><th class=\"column-3\">Dimensions A x B<\/th>\n<\/tr>\n<\/thead>\n<tbody class=\"row-striping row-hover\">\n<tr class=\"row-2\">\n\t<td class=\"column-1\">88-112<\/td><td class=\"column-2\">3 x 17<\/td><td class=\"column-3\">75 x 355 mm<\/td>\n<\/tr>\n<tr class=\"row-3\">\n\t<td class=\"column-1\">88-113<\/td><td class=\"column-2\">3 x 18<\/td><td class=\"column-3\">75 x 380 mm<\/td>\n<\/tr>\n<tr class=\"row-4\">\n\t<td class=\"column-1\">88-114<\/td><td class=\"column-2\">4 x 11<\/td><td class=\"column-3\">100 x 230 mm<\/td>\n<\/tr>\n<tr class=\"row-5\">\n\t<td class=\"column-1\">88-115<\/td><td class=\"column-2\">4 x 12<\/td><td class=\"column-3\">100 x 250 mm<\/td>\n<\/tr>\n<tr class=\"row-6\">\n\t<td class=\"column-1\">88-103<\/td><td class=\"column-2\">4 x 13<\/td><td class=\"column-3\">100 x 275 mm<\/td>\n<\/tr>\n<tr class=\"row-7\">\n\t<td class=\"column-1\">88-116<\/td><td class=\"column-2\">4 x 14<\/td><td class=\"column-3\">100 x 295 mm<\/td>\n<\/tr>\n<tr class=\"row-8\">\n\t<td class=\"column-1\">88-104<\/td><td class=\"column-2\">5 x 9<\/td><td class=\"column-3\">125 x 190 mm<\/td>\n<\/tr>\n<tr class=\"row-9\">\n\t<td class=\"column-1\">88-117<\/td><td class=\"column-2\">5 x 10<\/td><td class=\"column-3\">125 x 210 mm<\/td>\n<\/tr>\n<tr class=\"row-10\">\n\t<td class=\"column-1\">88-105<\/td><td class=\"column-2\">5 x 11<\/td><td class=\"column-3\">125 x 230 mm<\/td>\n<\/tr>\n<tr class=\"row-11\">\n\t<td class=\"column-1\">88-118<\/td><td class=\"column-2\">6 x 7<\/td><td class=\"column-3\">150 x 145 mm<\/td>\n<\/tr>\n<tr class=\"row-12\">\n\t<td class=\"column-1\">88-111<\/td><td class=\"column-2\">6 x 8<\/td><td class=\"column-3\">150 x 165 mm<\/td>\n<\/tr>\n<tr class=\"row-13\">\n\t<td class=\"column-1\">88-119<\/td><td class=\"column-2\">6 x 9<\/td><td class=\"column-3\">150 x 190 mm<\/td>\n<\/tr>\n<tr class=\"row-14\">\n\t<td class=\"column-1\">88-120<\/td><td class=\"column-2\">7 x 6<\/td><td class=\"column-3\">175 x 125 mm<\/td>\n<\/tr>\n<tr class=\"row-15\">\n\t<td class=\"column-1\">88-121<\/td><td class=\"column-2\">7 x 7<\/td><td class=\"column-3\">175 x 145 mm<\/td>\n<\/tr>\n<tr class=\"row-16\">\n\t<td class=\"column-1\">88-122<\/td><td class=\"column-2\">7 x 8<\/td><td class=\"column-3\">175 x 165 mm<\/td>\n<\/tr>\n<tr class=\"row-17\">\n\t<td class=\"column-1\">88-123<\/td><td class=\"column-2\">8 x 5<\/td><td class=\"column-3\">200 x 105 mm<\/td>\n<\/tr>\n<tr class=\"row-18\">\n\t<td class=\"column-1\">88-124<\/td><td class=\"column-2\">8 x 6<\/td><td class=\"column-3\">200 x 125 mm<\/td>\n<\/tr>\n<tr class=\"row-19\">\n\t<td class=\"column-1\">88-125<\/td><td class=\"column-2\">8 x 7<\/td><td class=\"column-3\">200 x 145 mm<\/td>\n<\/tr>\n<tr class=\"row-20\">\n\t<td class=\"column-1\">88-126<\/td><td class=\"column-2\">9 x 5<\/td><td class=\"column-3\">225 x 105 mm<\/td>\n<\/tr>\n<tr class=\"row-21\">\n\t<td class=\"column-1\">88-127<\/td><td class=\"column-2\">9 x 6<\/td><td class=\"column-3\">225 x 125 mm<\/td>\n<\/tr>\n<tr class=\"row-22\">\n\t<td class=\"column-1\">88-128<\/td><td class=\"column-2\">10 x 4<\/td><td class=\"column-3\">255 x 85 mm<\/td>\n<\/tr>\n<tr class=\"row-23\">\n\t<td class=\"column-1\">88-109<\/td><td class=\"column-2\">10 x 5<\/td><td class=\"column-3\">255 x 105 mm<\/td>\n<\/tr>\n<tr class=\"row-24\">\n\t<td class=\"column-1\">88-102<\/td><td class=\"column-2\">11 x 4<\/td><td class=\"column-3\">280 x 85 mm<\/td>\n<\/tr>\n<tr class=\"row-25\">\n\t<td class=\"column-1\">88-101<\/td><td class=\"column-2\">11 x 5<\/td><td class=\"column-3\">280 x 105 mm<\/td>\n<\/tr>\n<tr class=\"row-26\">\n\t<td class=\"column-1\">88-108<\/td><td class=\"column-2\">12 x 4<\/td><td class=\"column-3\">305 x 85 mm<\/td>\n<\/tr>\n<tr class=\"row-27\">\n\t<td class=\"column-1\">88-129<\/td><td class=\"column-2\">13 x 4<\/td><td class=\"column-3\">330 x 85 mm<\/td>\n<\/tr>\n<tr class=\"row-28\">\n\t<td class=\"column-1\">88-130<\/td><td class=\"column-2\">14 x 4<\/td><td class=\"column-3\">355 x 85 mm<\/td>\n<\/tr>\n<tr class=\"row-29\">\n\t<td class=\"column-1\">88-131<\/td><td class=\"column-2\">15 x 3<\/td><td class=\"column-3\">380 x 65 mm<\/td>\n<\/tr>\n<tr class=\"row-30\">\n\t<td class=\"column-1\">88-132<\/td><td class=\"column-2\">16 x 3<\/td><td class=\"column-3\">405 x 65 mm<\/td>\n<\/tr>\n<tr class=\"row-31\">\n\t<td class=\"column-1\">88-133<\/td><td class=\"column-2\">17 x 3<\/td><td class=\"column-3\">430 x 65 mm<\/td>\n<\/tr>\n<tr class=\"row-32\">\n\t<td class=\"column-1\">88-134<\/td><td class=\"column-2\">18 x 3<\/td><td class=\"column-3\">455 x 65 mm<\/td>\n<\/tr>\n<tr class=\"row-33\">\n\t<td class=\"column-1\">88-110<\/td><td class=\"column-2\">24 x 2<\/td><td class=\"column-3\">610 x 40 mm<\/td>\n<\/tr>\n<\/tbody>\n<\/table>\n<!-- #tablepress-dhc30v from cache --><\/div>\n\t\t\t\t\t\t<\/div>\n\t\t\t\t<\/div>\n\t\t\t\t<\/div>\n\t\t\t\t\t<\/div>\n\t\t\t\t<\/div>\n\t\t\t\t<\/div>\n\t\t","protected":false},"excerpt":{"rendered":"<p>Keramikelemente 30 V f\u00fcr Widerstandserhitzer<\/p>\n","protected":false},"featured_media":53810,"template":"","meta":{"inline_featured_image":false,"_wp_rev_ctl_limit":""},"product_brand":[],"product_cat":[943,1125],"product_tag":[],"class_list":{"0":"post-57599","1":"product","2":"type-product","3":"status-publish","4":"has-post-thumbnail","6":"product_cat-zubehor","7":"product_cat-zubehor-fur-dhc","9":"first","10":"outofstock","11":"taxable","12":"shipping-taxable","13":"purchasable","14":"product-type-simple"},"yoast_head":"<!-- This site is optimized with the Yoast SEO plugin v27.5 - https:\/\/yoast.com\/product\/yoast-seo-wordpress\/ -->\n<title>Keramikelement 30 V - DAWELL CZ<\/title>\n<meta name=\"description\" content=\"Flexibles Keramikelement f\u00fcr DAWELL-Widerstandserhitzer DHC 6510R. Hochwertiger Nickel-Chrom (NiCr)-Litzendraht und langlebige Keramikelemente.\" \/>\n<meta name=\"robots\" content=\"index, follow, max-snippet:-1, max-image-preview:large, max-video-preview:-1\" \/>\n<link rel=\"canonical\" href=\"https:\/\/dawell.cz\/de\/produkt-de\/keramikelement-30-v\/\" \/>\n<meta property=\"og:locale\" content=\"de_DE\" \/>\n<meta property=\"og:type\" content=\"article\" \/>\n<meta property=\"og:title\" content=\"Keramikelement 30 V - DAWELL CZ\" \/>\n<meta property=\"og:description\" content=\"Flexibles Keramikelement f\u00fcr DAWELL-Widerstandserhitzer DHC 6510R. Hochwertiger Nickel-Chrom (NiCr)-Litzendraht und langlebige Keramikelemente.\" \/>\n<meta property=\"og:url\" content=\"https:\/\/dawell.cz\/de\/produkt-de\/keramikelement-30-v\/\" \/>\n<meta property=\"og:site_name\" content=\"DAWELL CZ\" \/>\n<meta property=\"article:publisher\" content=\"https:\/\/www.facebook.com\/dawellcz\/\" \/>\n<meta property=\"article:modified_time\" content=\"2025-04-17T05:51:55+00:00\" \/>\n<meta property=\"og:image\" content=\"https:\/\/dawell.cz\/wp-content\/uploads\/2024\/06\/Element-30V-14x4-1.webp\" \/>\n\t<meta property=\"og:image:width\" content=\"1000\" \/>\n\t<meta property=\"og:image:height\" content=\"1000\" \/>\n\t<meta property=\"og:image:type\" content=\"image\/webp\" \/>\n<meta name=\"twitter:card\" content=\"summary_large_image\" \/>\n<meta name=\"twitter:label1\" content=\"Gesch\u00e4tzte Lesezeit\" \/>\n\t<meta name=\"twitter:data1\" content=\"1\u00a0Minute\" \/>\n<script type=\"application\/ld+json\" class=\"yoast-schema-graph\">{\"@context\":\"https:\\\/\\\/schema.org\",\"@graph\":[{\"@type\":\"WebPage\",\"@id\":\"https:\\\/\\\/dawell.cz\\\/de\\\/produkt-de\\\/keramikelement-30-v\\\/\",\"url\":\"https:\\\/\\\/dawell.cz\\\/de\\\/produkt-de\\\/keramikelement-30-v\\\/\",\"name\":\"Keramikelement 30 V - DAWELL CZ\",\"isPartOf\":{\"@id\":\"https:\\\/\\\/dawell.cz\\\/de\\\/#website\"},\"primaryImageOfPage\":{\"@id\":\"https:\\\/\\\/dawell.cz\\\/de\\\/produkt-de\\\/keramikelement-30-v\\\/#primaryimage\"},\"image\":{\"@id\":\"https:\\\/\\\/dawell.cz\\\/de\\\/produkt-de\\\/keramikelement-30-v\\\/#primaryimage\"},\"thumbnailUrl\":\"https:\\\/\\\/dawell.cz\\\/wp-content\\\/uploads\\\/2024\\\/06\\\/Element-30V-14x4-1.webp\",\"datePublished\":\"2024-07-18T13:31:49+00:00\",\"dateModified\":\"2025-04-17T05:51:55+00:00\",\"description\":\"Flexibles Keramikelement f\u00fcr DAWELL-Widerstandserhitzer DHC 6510R. Hochwertiger Nickel-Chrom (NiCr)-Litzendraht und langlebige Keramikelemente.\",\"breadcrumb\":{\"@id\":\"https:\\\/\\\/dawell.cz\\\/de\\\/produkt-de\\\/keramikelement-30-v\\\/#breadcrumb\"},\"inLanguage\":\"de\",\"potentialAction\":[{\"@type\":\"ReadAction\",\"target\":[\"https:\\\/\\\/dawell.cz\\\/de\\\/produkt-de\\\/keramikelement-30-v\\\/\"]}]},{\"@type\":\"ImageObject\",\"inLanguage\":\"de\",\"@id\":\"https:\\\/\\\/dawell.cz\\\/de\\\/produkt-de\\\/keramikelement-30-v\\\/#primaryimage\",\"url\":\"https:\\\/\\\/dawell.cz\\\/wp-content\\\/uploads\\\/2024\\\/06\\\/Element-30V-14x4-1.webp\",\"contentUrl\":\"https:\\\/\\\/dawell.cz\\\/wp-content\\\/uploads\\\/2024\\\/06\\\/Element-30V-14x4-1.webp\",\"width\":1000,\"height\":1000,\"caption\":\"Element 30V 14x4\"},{\"@type\":\"BreadcrumbList\",\"@id\":\"https:\\\/\\\/dawell.cz\\\/de\\\/produkt-de\\\/keramikelement-30-v\\\/#breadcrumb\",\"itemListElement\":[{\"@type\":\"ListItem\",\"position\":1,\"name\":\"Dom\u016f\",\"item\":\"https:\\\/\\\/dawell.cz\\\/de\\\/home\\\/\"},{\"@type\":\"ListItem\",\"position\":2,\"name\":\"Produkte\",\"item\":\"https:\\\/\\\/dawell.cz\\\/de\\\/shop\\\/\"},{\"@type\":\"ListItem\",\"position\":3,\"name\":\"Keramikelement 30 V\"}]},{\"@type\":\"WebSite\",\"@id\":\"https:\\\/\\\/dawell.cz\\\/de\\\/#website\",\"url\":\"https:\\\/\\\/dawell.cz\\\/de\\\/\",\"name\":\"DAWELL CZ\",\"description\":\"\",\"publisher\":{\"@id\":\"https:\\\/\\\/dawell.cz\\\/de\\\/#organization\"},\"alternateName\":\"Dawell\",\"potentialAction\":[{\"@type\":\"SearchAction\",\"target\":{\"@type\":\"EntryPoint\",\"urlTemplate\":\"https:\\\/\\\/dawell.cz\\\/de\\\/?s={search_term_string}\"},\"query-input\":{\"@type\":\"PropertyValueSpecification\",\"valueRequired\":true,\"valueName\":\"search_term_string\"}}],\"inLanguage\":\"de\"},{\"@type\":\"Organization\",\"@id\":\"https:\\\/\\\/dawell.cz\\\/de\\\/#organization\",\"name\":\"DAWELL CZ s.r.o.\",\"url\":\"https:\\\/\\\/dawell.cz\\\/de\\\/\",\"logo\":{\"@type\":\"ImageObject\",\"inLanguage\":\"de\",\"@id\":\"https:\\\/\\\/dawell.cz\\\/de\\\/#\\\/schema\\\/logo\\\/image\\\/\",\"url\":\"\",\"contentUrl\":\"\",\"caption\":\"DAWELL CZ s.r.o.\"},\"image\":{\"@id\":\"https:\\\/\\\/dawell.cz\\\/de\\\/#\\\/schema\\\/logo\\\/image\\\/\"},\"sameAs\":[\"https:\\\/\\\/www.facebook.com\\\/dawellcz\\\/\"]}]}<\/script>\n<!-- \/ Yoast SEO plugin. -->","yoast_head_json":{"title":"Keramikelement 30 V - DAWELL CZ","description":"Flexibles Keramikelement f\u00fcr DAWELL-Widerstandserhitzer DHC 6510R. Hochwertiger Nickel-Chrom (NiCr)-Litzendraht und langlebige Keramikelemente.","robots":{"index":"index","follow":"follow","max-snippet":"max-snippet:-1","max-image-preview":"max-image-preview:large","max-video-preview":"max-video-preview:-1"},"canonical":"https:\/\/dawell.cz\/de\/produkt-de\/keramikelement-30-v\/","og_locale":"de_DE","og_type":"article","og_title":"Keramikelement 30 V - DAWELL CZ","og_description":"Flexibles Keramikelement f\u00fcr DAWELL-Widerstandserhitzer DHC 6510R. Hochwertiger Nickel-Chrom (NiCr)-Litzendraht und langlebige Keramikelemente.","og_url":"https:\/\/dawell.cz\/de\/produkt-de\/keramikelement-30-v\/","og_site_name":"DAWELL CZ","article_publisher":"https:\/\/www.facebook.com\/dawellcz\/","article_modified_time":"2025-04-17T05:51:55+00:00","og_image":[{"width":1000,"height":1000,"url":"https:\/\/dawell.cz\/wp-content\/uploads\/2024\/06\/Element-30V-14x4-1.webp","type":"image\/webp"}],"twitter_card":"summary_large_image","twitter_misc":{"Gesch\u00e4tzte Lesezeit":"1\u00a0Minute"},"schema":{"@context":"https:\/\/schema.org","@graph":[{"@type":"WebPage","@id":"https:\/\/dawell.cz\/de\/produkt-de\/keramikelement-30-v\/","url":"https:\/\/dawell.cz\/de\/produkt-de\/keramikelement-30-v\/","name":"Keramikelement 30 V - DAWELL CZ","isPartOf":{"@id":"https:\/\/dawell.cz\/de\/#website"},"primaryImageOfPage":{"@id":"https:\/\/dawell.cz\/de\/produkt-de\/keramikelement-30-v\/#primaryimage"},"image":{"@id":"https:\/\/dawell.cz\/de\/produkt-de\/keramikelement-30-v\/#primaryimage"},"thumbnailUrl":"https:\/\/dawell.cz\/wp-content\/uploads\/2024\/06\/Element-30V-14x4-1.webp","datePublished":"2024-07-18T13:31:49+00:00","dateModified":"2025-04-17T05:51:55+00:00","description":"Flexibles Keramikelement f\u00fcr DAWELL-Widerstandserhitzer DHC 6510R. Hochwertiger Nickel-Chrom (NiCr)-Litzendraht und langlebige Keramikelemente.","breadcrumb":{"@id":"https:\/\/dawell.cz\/de\/produkt-de\/keramikelement-30-v\/#breadcrumb"},"inLanguage":"de","potentialAction":[{"@type":"ReadAction","target":["https:\/\/dawell.cz\/de\/produkt-de\/keramikelement-30-v\/"]}]},{"@type":"ImageObject","inLanguage":"de","@id":"https:\/\/dawell.cz\/de\/produkt-de\/keramikelement-30-v\/#primaryimage","url":"https:\/\/dawell.cz\/wp-content\/uploads\/2024\/06\/Element-30V-14x4-1.webp","contentUrl":"https:\/\/dawell.cz\/wp-content\/uploads\/2024\/06\/Element-30V-14x4-1.webp","width":1000,"height":1000,"caption":"Element 30V 14x4"},{"@type":"BreadcrumbList","@id":"https:\/\/dawell.cz\/de\/produkt-de\/keramikelement-30-v\/#breadcrumb","itemListElement":[{"@type":"ListItem","position":1,"name":"Dom\u016f","item":"https:\/\/dawell.cz\/de\/home\/"},{"@type":"ListItem","position":2,"name":"Produkte","item":"https:\/\/dawell.cz\/de\/shop\/"},{"@type":"ListItem","position":3,"name":"Keramikelement 30 V"}]},{"@type":"WebSite","@id":"https:\/\/dawell.cz\/de\/#website","url":"https:\/\/dawell.cz\/de\/","name":"DAWELL CZ","description":"","publisher":{"@id":"https:\/\/dawell.cz\/de\/#organization"},"alternateName":"Dawell","potentialAction":[{"@type":"SearchAction","target":{"@type":"EntryPoint","urlTemplate":"https:\/\/dawell.cz\/de\/?s={search_term_string}"},"query-input":{"@type":"PropertyValueSpecification","valueRequired":true,"valueName":"search_term_string"}}],"inLanguage":"de"},{"@type":"Organization","@id":"https:\/\/dawell.cz\/de\/#organization","name":"DAWELL CZ s.r.o.","url":"https:\/\/dawell.cz\/de\/","logo":{"@type":"ImageObject","inLanguage":"de","@id":"https:\/\/dawell.cz\/de\/#\/schema\/logo\/image\/","url":"","contentUrl":"","caption":"DAWELL CZ s.r.o."},"image":{"@id":"https:\/\/dawell.cz\/de\/#\/schema\/logo\/image\/"},"sameAs":["https:\/\/www.facebook.com\/dawellcz\/"]}]}},"_links":{"self":[{"href":"https:\/\/dawell.cz\/de\/wp-json\/wp\/v2\/product\/57599","targetHints":{"allow":["GET"]}}],"collection":[{"href":"https:\/\/dawell.cz\/de\/wp-json\/wp\/v2\/product"}],"about":[{"href":"https:\/\/dawell.cz\/de\/wp-json\/wp\/v2\/types\/product"}],"version-history":[{"count":0,"href":"https:\/\/dawell.cz\/de\/wp-json\/wp\/v2\/product\/57599\/revisions"}],"wp:featuredmedia":[{"embeddable":true,"href":"https:\/\/dawell.cz\/de\/wp-json\/wp\/v2\/media\/53810"}],"wp:attachment":[{"href":"https:\/\/dawell.cz\/de\/wp-json\/wp\/v2\/media?parent=57599"}],"wp:term":[{"taxonomy":"product_brand","embeddable":true,"href":"https:\/\/dawell.cz\/de\/wp-json\/wp\/v2\/product_brand?post=57599"},{"taxonomy":"product_cat","embeddable":true,"href":"https:\/\/dawell.cz\/de\/wp-json\/wp\/v2\/product_cat?post=57599"},{"taxonomy":"product_tag","embeddable":true,"href":"https:\/\/dawell.cz\/de\/wp-json\/wp\/v2\/product_tag?post=57599"}],"curies":[{"name":"wp","href":"https:\/\/api.w.org\/{rel}","templated":true}]}}