{"id":56521,"date":"2024-11-21T15:10:34","date_gmt":"2024-11-21T14:10:34","guid":{"rendered":"https:\/\/dawell.cz\/?post_type=product&#038;p=56521"},"modified":"2026-04-24T15:50:43","modified_gmt":"2026-04-24T13:50:43","slug":"induktor-u-fuer-dhi-121c-191c-48b","status":"publish","type":"product","link":"https:\/\/dawell.cz\/de\/produkt-de\/induktor-u-fuer-dhi-121c-191c-48b\/","title":{"rendered":"Induktor &#8222;U&#8220; f\u00fcr DHI\u2011121\/161\/191\/48B"},"content":{"rendered":"\t\t<div data-elementor-type=\"product-post\" data-elementor-id=\"56521\" class=\"elementor elementor-56521 elementor-56519\" data-elementor-post-type=\"product\">\n\t\t\t\t<div class=\"elementor-element elementor-element-4ec285f thegem-e-con-layout-elementor e-flex e-con-boxed e-con e-parent\" data-id=\"4ec285f\" data-element_type=\"container\" data-e-type=\"container\" data-settings=\"{&quot;thegem_container_layout&quot;:&quot;elementor&quot;}\">\r\n\t\t\t\t\t<div class=\"e-con-inner\">\r\n\t\t<div class=\"elementor-element elementor-element-14adf14 e-con-full thegem-e-con-layout-elementor e-flex e-con e-child\" data-id=\"14adf14\" data-element_type=\"container\" data-e-type=\"container\" data-settings=\"{&quot;thegem_container_layout&quot;:&quot;elementor&quot;}\">\r\n\t\t\t\t<div class=\"elementor-element elementor-element-8a1172a flex-horizontal-align-default flex-horizontal-align-tablet-default flex-horizontal-align-mobile-default flex-vertical-align-default flex-vertical-align-tablet-default flex-vertical-align-mobile-default elementor-widget elementor-widget-heading\" data-id=\"8a1172a\" data-element_type=\"widget\" data-e-type=\"widget\" data-widget_type=\"heading.default\">\n\t\t\t\t<div class=\"elementor-widget-container\">\n\t\t\t\t\t<h4 class=\"elementor-heading-title elementor-size-default\">Verf\u00fcgbare Durchmesser und Ger\u00e4tekompatibilit\u00e4t<\/h4>\t\t\t\t<\/div>\n\t\t\t\t<\/div>\n\t\t\t\t<div class=\"elementor-element elementor-element-674bf0e flex-horizontal-align-default flex-horizontal-align-tablet-default flex-horizontal-align-mobile-default flex-vertical-align-default flex-vertical-align-tablet-default flex-vertical-align-mobile-default elementor-widget elementor-widget-text-editor\" data-id=\"674bf0e\" data-element_type=\"widget\" data-e-type=\"widget\" data-widget_type=\"text-editor.default\">\n\t\t\t\t<div class=\"elementor-widget-container\">\n\t\t\t\t\t\t\t\t\t\t\t\t<div class=\"elementor-text-editor elementor-clearfix\">\r\n\t\t\t\t\t\t<p><strong>HINWEIS:<\/strong> Die beiden Zahlen in der Spalte unterhalb der Heizart geben die maximale Leistung (in %) an, die f\u00fcr eine bestimmte Kombination aus Maschine, Induktor und Bediener eingestellt werden kann, um alle Sicherheitsbedingungen zu erf\u00fcllen.<\/p><p>Der Wert <strong>vor dem Schr\u00e4gstrich<\/strong> entspricht der Leistung einer<strong> informierten Person<\/strong>.<br>Der Wert <strong>nach dem Schr\u00e4gstrich<\/strong> entspricht der Leistung einer <strong>sachkundigen Person<\/strong>.<\/p><p>Wird das Zeichen <strong>&#8222;\u00d7&#8220;<\/strong> angezeigt, <strong>erf\u00fcllt die Induktivit\u00e4t die Sicherheitsbedingungen nicht <\/strong>oder \u00fcberschreitet die Grenzwerte des Ger\u00e4ts und kann in dieser speziellen Kombination nicht verwendet werden.<\/p><p>\u25a0<strong> Beispiel 1:<\/strong> Wert 100\/100 \u2013 uneingeschr\u00e4nkte Nutzung f\u00fcr beide Benutzergruppen.<br>\u25a0 <strong>Beispiel 2:<\/strong> Wert 60\/100 \u2013 Eine geschulte Person muss die Maschine auf 60 % Leistung einstellen, eine sachkundige Person kann die volle Leistung nutzen.<\/p><p><strong>Eingewiesene Person<\/strong> \u2013 jede Person, die nachweislich mit der Gebrauchsanweisung vertraut ist.<br><strong>Sachkundige Person<\/strong> \u2013 Definition gem\u00e4\u00df der jeweils geltenden Gesetzgebung des betreffenden Bundeslandes.<\/p>\t\t\t\t\t\t\t<\/div>\r\n\t\t\t\t\t\t\t\t\t\t<\/div>\n\t\t\t\t<\/div>\n\t\t<div class=\"elementor-element elementor-element-8e2889a e-grid e-con-full thegem-e-con-layout-elementor e-con e-child\" data-id=\"8e2889a\" data-element_type=\"container\" data-e-type=\"container\" data-settings=\"{&quot;thegem_container_layout&quot;:&quot;elementor&quot;}\">\r\n\t\t\t\t<div class=\"elementor-element elementor-element-5fda0f6 flex-horizontal-align-default flex-horizontal-align-tablet-default flex-horizontal-align-mobile-default flex-vertical-align-default flex-vertical-align-tablet-default flex-vertical-align-mobile-default elementor-widget elementor-widget-tablepress-table\" data-id=\"5fda0f6\" data-element_type=\"widget\" data-e-type=\"widget\" data-widget_type=\"tablepress-table.default\">\n\t\t\t\t\t\n<table id=\"tablepress-u_zavit\" class=\"tablepress tablepress-id-u_zavit tp-clean-header\">\n<thead>\n<tr class=\"row-1\">\n\t<th class=\"column-1\"><strong>\u00d8 [mm]<\/strong><\/th><th class=\"column-2\"><strong>No.<\/strong><\/th><th class=\"column-3\"><strong><a href=\"https:\/\/dawell.cz\/produkt\/dhi-121e\/\">DHI-121E<\/a><\/strong><\/th><th class=\"column-4\"><strong><a href=\"https:\/\/dawell.cz\/produkt\/dhi-121f\/\">DHI-121F<\/a><\/strong><\/th><th class=\"column-5\"><strong><a href=\"https:\/\/dawell.cz\/produkt\/dhi-121c-hd\/\">DHI-121C HD<\/a><\/strong><\/th><th class=\"column-6\"><strong><a href=\"https:\/\/dawell.cz\/produkt\/dhi-161c-hd\/\">DHI-161C HD<\/a><\/strong><\/br><strong><a href=\"https:\/\/dawell.cz\/produkt\/dhi-191c-hd\/\">DHI-191C HD<\/a><\/strong><\/th><th class=\"column-7\"><strong><a href=\"https:\/\/dawell.cz\/produkt\/dhi-48b\/\">DHI-48B<\/a><\/strong><\/th>\n<\/tr>\n<\/thead>\n<tbody class=\"row-hover\">\n<tr class=\"row-2\">\n\t<td class=\"column-1\">12<\/td><td class=\"column-2\">84-017-01<\/td><td class=\"column-3\">100\/100<\/td><td class=\"column-4\">100\/100<\/td><td class=\"column-5\">100\/100<\/td><td class=\"column-6\">80\/100<\/td><td class=\"column-7\">100\/100<\/td>\n<\/tr>\n<tr class=\"row-3\">\n\t<td class=\"column-1\">14<\/td><td class=\"column-2\">84-017-02<\/td><td class=\"column-3\">90\/100<\/td><td class=\"column-4\">90\/100<\/td><td class=\"column-5\">82\/100<\/td><td class=\"column-6\">64\/100<\/td><td class=\"column-7\">100\/100<\/td>\n<\/tr>\n<tr class=\"row-4\">\n\t<td class=\"column-1\">16<\/td><td class=\"column-2\">84-017-03<\/td><td class=\"column-3\">83\/100<\/td><td class=\"column-4\">83\/100<\/td><td class=\"column-5\">76\/100<\/td><td class=\"column-6\">60\/95<\/td><td class=\"column-7\">100\/100<\/td>\n<\/tr>\n<tr class=\"row-5\">\n\t<td class=\"column-1\">18<\/td><td class=\"column-2\">84-017-04<\/td><td class=\"column-3\">80\/100<\/td><td class=\"column-4\">80\/100<\/td><td class=\"column-5\">73\/100<\/td><td class=\"column-6\">58\/92<\/td><td class=\"column-7\">\u00d7<\/td>\n<\/tr>\n<tr class=\"row-6\">\n\t<td class=\"column-1\">21<\/td><td class=\"column-2\">84-017-05<\/td><td class=\"column-3\">68\/100<\/td><td class=\"column-4\">68\/100<\/td><td class=\"column-5\">61\/100<\/td><td class=\"column-6\">50\/80<\/td><td class=\"column-7\">\u00d7<\/td>\n<\/tr>\n<tr class=\"row-7\">\n\t<td class=\"column-1\">24<\/td><td class=\"column-2\">84-017-06<\/td><td class=\"column-3\">65\/100<\/td><td class=\"column-4\">65\/100<\/td><td class=\"column-5\">58\/99<\/td><td class=\"column-6\">48\/77<\/td><td class=\"column-7\">\u00d7<\/td>\n<\/tr>\n<tr class=\"row-8\">\n\t<td class=\"column-1\">27<\/td><td class=\"column-2\">84-018-01<\/td><td class=\"column-3\">66\/100<\/td><td class=\"column-4\">66\/100<\/td><td class=\"column-5\">58\/99<\/td><td class=\"column-6\">48\/77<\/td><td class=\"column-7\">\u00d7<\/td>\n<\/tr>\n<tr class=\"row-9\">\n\t<td class=\"column-1\">31<\/td><td class=\"column-2\">84-018-02<\/td><td class=\"column-3\">\u00d7<\/td><td class=\"column-4\">\u00d7<\/td><td class=\"column-5\">48\/84<\/td><td class=\"column-6\">43\/68<\/td><td class=\"column-7\">\u00d7<\/td>\n<\/tr>\n<tr class=\"row-10\">\n\t<td class=\"column-1\">35<\/td><td class=\"column-2\">84-018-03<\/td><td class=\"column-3\">\u00d7<\/td><td class=\"column-4\">\u00d7<\/td><td class=\"column-5\">43\/75<\/td><td class=\"column-6\">39\/61<\/td><td class=\"column-7\">\u00d7<\/td>\n<\/tr>\n<tr class=\"row-11\">\n\t<td class=\"column-1\">38<\/td><td class=\"column-2\">84-018-04<\/td><td class=\"column-3\">\u00d7<\/td><td class=\"column-4\">\u00d7<\/td><td class=\"column-5\">40\/71<\/td><td class=\"column-6\">37\/57<\/td><td class=\"column-7\">\u00d7<\/td>\n<\/tr>\n<tr class=\"row-12\">\n\t<td class=\"column-1\">42<\/td><td class=\"column-2\">84-018-05<\/td><td class=\"column-3\">\u00d7<\/td><td class=\"column-4\">\u00d7<\/td><td class=\"column-5\">38\/68<\/td><td class=\"column-6\">35\/55<\/td><td class=\"column-7\">\u00d7<\/td>\n<\/tr>\n<tr class=\"row-13\">\n\t<td class=\"column-1\">45<\/td><td class=\"column-2\">84-018-06<\/td><td class=\"column-3\">\u00d7<\/td><td class=\"column-4\">\u00d7<\/td><td class=\"column-5\">35\/63<\/td><td class=\"column-6\">33\/100<\/td><td class=\"column-7\">\u00d7<\/td>\n<\/tr>\n<\/tbody>\n<\/table>\n<!-- #tablepress-u_zavit from cache -->\t\t\t\t<\/div>\n\t\t\t\t<\/div>\n\t\t\t\t<\/div>\n\t\t\t\t\t<\/div>\n\t\t\t\t<\/div>\n\t\t\t\t<\/div>\n\t\t","protected":false},"excerpt":{"rendered":"<p>Fl\u00fcssigkeitsgek\u00fchlter U-f\u00f6rmiger Induktor mit 2 Windungen.<\/p>\n","protected":false},"featured_media":62070,"template":"","meta":{"inline_featured_image":false,"_wp_rev_ctl_limit":""},"product_brand":[],"product_cat":[1122,1160,943],"product_tag":[1141,1143,1145,1154,1157,1137],"class_list":{"0":"post-56521","1":"product","2":"type-product","3":"status-publish","4":"has-post-thumbnail","6":"product_cat-induktoren-fur-dhi-121-dhi-161-dhi-191","7":"product_cat-induktoren-fur-dhi-48b","8":"product_cat-zubehor","9":"product_tag-dhi-121c-hd","10":"product_tag-dhi-121e","11":"product_tag-dhi-121f","12":"product_tag-dhi-161c-hd","13":"product_tag-dhi-191c-hd","14":"product_tag-dhi-48b","16":"first","17":"outofstock","18":"taxable","19":"shipping-taxable","20":"product-type-simple"},"yoast_head":"<!-- This site is optimized with the Yoast SEO plugin v27.5 - https:\/\/yoast.com\/product\/yoast-seo-wordpress\/ -->\n<title>Induktor &quot;U&quot; f\u00fcr DHI\u2011121\/161\/191\/48B - DAWELL CZ<\/title>\n<meta name=\"description\" content=\"Fl\u00fcssigkeitsgek\u00fchlter U-f\u00f6rmiger Induktor mit 2 Windungen f\u00fcr maschinen DAWELL DHI-121C \/ 191C \/ 48B. Verschiedene Gr\u00f6\u00dfen.\" \/>\n<meta name=\"robots\" content=\"index, follow, max-snippet:-1, max-image-preview:large, max-video-preview:-1\" \/>\n<link rel=\"canonical\" href=\"https:\/\/dawell.cz\/de\/produkt-de\/induktor-u-fuer-dhi-121c-191c-48b\/\" \/>\n<meta property=\"og:locale\" content=\"de_DE\" \/>\n<meta property=\"og:type\" content=\"article\" \/>\n<meta property=\"og:title\" content=\"Induktor &quot;U&quot; f\u00fcr DHI\u2011121\/161\/191\/48B - DAWELL CZ\" \/>\n<meta property=\"og:description\" content=\"Fl\u00fcssigkeitsgek\u00fchlter U-f\u00f6rmiger Induktor mit 2 Windungen f\u00fcr maschinen DAWELL DHI-121C \/ 191C \/ 48B. Verschiedene Gr\u00f6\u00dfen.\" \/>\n<meta property=\"og:url\" content=\"https:\/\/dawell.cz\/de\/produkt-de\/induktor-u-fuer-dhi-121c-191c-48b\/\" \/>\n<meta property=\"og:site_name\" content=\"DAWELL CZ\" \/>\n<meta property=\"article:publisher\" content=\"https:\/\/www.facebook.com\/dawellcz\/\" \/>\n<meta property=\"article:modified_time\" content=\"2026-04-24T13:50:43+00:00\" \/>\n<meta property=\"og:image\" content=\"https:\/\/dawell.cz\/wp-content\/uploads\/2024\/11\/U-civka-2-zavitova-DHI-121.webp\" \/>\n\t<meta property=\"og:image:width\" content=\"1000\" \/>\n\t<meta property=\"og:image:height\" content=\"1000\" \/>\n\t<meta property=\"og:image:type\" content=\"image\/webp\" \/>\n<meta name=\"twitter:card\" content=\"summary_large_image\" \/>\n<meta name=\"twitter:label1\" content=\"Gesch\u00e4tzte Lesezeit\" \/>\n\t<meta name=\"twitter:data1\" content=\"1\u00a0Minute\" \/>\n<script type=\"application\/ld+json\" class=\"yoast-schema-graph\">{\"@context\":\"https:\\\/\\\/schema.org\",\"@graph\":[{\"@type\":\"WebPage\",\"@id\":\"https:\\\/\\\/dawell.cz\\\/de\\\/produkt-de\\\/induktor-u-fuer-dhi-121c-191c-48b\\\/\",\"url\":\"https:\\\/\\\/dawell.cz\\\/de\\\/produkt-de\\\/induktor-u-fuer-dhi-121c-191c-48b\\\/\",\"name\":\"Induktor \\\"U\\\" f\u00fcr DHI\u2011121\\\/161\\\/191\\\/48B - DAWELL CZ\",\"isPartOf\":{\"@id\":\"https:\\\/\\\/dawell.cz\\\/de\\\/#website\"},\"primaryImageOfPage\":{\"@id\":\"https:\\\/\\\/dawell.cz\\\/de\\\/produkt-de\\\/induktor-u-fuer-dhi-121c-191c-48b\\\/#primaryimage\"},\"image\":{\"@id\":\"https:\\\/\\\/dawell.cz\\\/de\\\/produkt-de\\\/induktor-u-fuer-dhi-121c-191c-48b\\\/#primaryimage\"},\"thumbnailUrl\":\"https:\\\/\\\/dawell.cz\\\/wp-content\\\/uploads\\\/2024\\\/11\\\/U-civka-2-zavitova-DHI-121.webp\",\"datePublished\":\"2024-11-21T14:10:34+00:00\",\"dateModified\":\"2026-04-24T13:50:43+00:00\",\"description\":\"Fl\u00fcssigkeitsgek\u00fchlter U-f\u00f6rmiger Induktor mit 2 Windungen f\u00fcr maschinen DAWELL DHI-121C \\\/ 191C \\\/ 48B. Verschiedene Gr\u00f6\u00dfen.\",\"breadcrumb\":{\"@id\":\"https:\\\/\\\/dawell.cz\\\/de\\\/produkt-de\\\/induktor-u-fuer-dhi-121c-191c-48b\\\/#breadcrumb\"},\"inLanguage\":\"de\",\"potentialAction\":[{\"@type\":\"ReadAction\",\"target\":[\"https:\\\/\\\/dawell.cz\\\/de\\\/produkt-de\\\/induktor-u-fuer-dhi-121c-191c-48b\\\/\"]}]},{\"@type\":\"ImageObject\",\"inLanguage\":\"de\",\"@id\":\"https:\\\/\\\/dawell.cz\\\/de\\\/produkt-de\\\/induktor-u-fuer-dhi-121c-191c-48b\\\/#primaryimage\",\"url\":\"https:\\\/\\\/dawell.cz\\\/wp-content\\\/uploads\\\/2024\\\/11\\\/U-civka-2-zavitova-DHI-121.webp\",\"contentUrl\":\"https:\\\/\\\/dawell.cz\\\/wp-content\\\/uploads\\\/2024\\\/11\\\/U-civka-2-zavitova-DHI-121.webp\",\"width\":1000,\"height\":1000},{\"@type\":\"BreadcrumbList\",\"@id\":\"https:\\\/\\\/dawell.cz\\\/de\\\/produkt-de\\\/induktor-u-fuer-dhi-121c-191c-48b\\\/#breadcrumb\",\"itemListElement\":[{\"@type\":\"ListItem\",\"position\":1,\"name\":\"Dom\u016f\",\"item\":\"https:\\\/\\\/dawell.cz\\\/de\\\/home\\\/\"},{\"@type\":\"ListItem\",\"position\":2,\"name\":\"Produkte\",\"item\":\"https:\\\/\\\/dawell.cz\\\/de\\\/shop\\\/\"},{\"@type\":\"ListItem\",\"position\":3,\"name\":\"Induktor &#8222;U&#8220; f\u00fcr DHI\u2011121\\\/161\\\/191\\\/48B\"}]},{\"@type\":\"WebSite\",\"@id\":\"https:\\\/\\\/dawell.cz\\\/de\\\/#website\",\"url\":\"https:\\\/\\\/dawell.cz\\\/de\\\/\",\"name\":\"DAWELL CZ\",\"description\":\"\",\"publisher\":{\"@id\":\"https:\\\/\\\/dawell.cz\\\/de\\\/#organization\"},\"alternateName\":\"Dawell\",\"potentialAction\":[{\"@type\":\"SearchAction\",\"target\":{\"@type\":\"EntryPoint\",\"urlTemplate\":\"https:\\\/\\\/dawell.cz\\\/de\\\/?s={search_term_string}\"},\"query-input\":{\"@type\":\"PropertyValueSpecification\",\"valueRequired\":true,\"valueName\":\"search_term_string\"}}],\"inLanguage\":\"de\"},{\"@type\":\"Organization\",\"@id\":\"https:\\\/\\\/dawell.cz\\\/de\\\/#organization\",\"name\":\"DAWELL CZ s.r.o.\",\"url\":\"https:\\\/\\\/dawell.cz\\\/de\\\/\",\"logo\":{\"@type\":\"ImageObject\",\"inLanguage\":\"de\",\"@id\":\"https:\\\/\\\/dawell.cz\\\/de\\\/#\\\/schema\\\/logo\\\/image\\\/\",\"url\":\"\",\"contentUrl\":\"\",\"caption\":\"DAWELL CZ s.r.o.\"},\"image\":{\"@id\":\"https:\\\/\\\/dawell.cz\\\/de\\\/#\\\/schema\\\/logo\\\/image\\\/\"},\"sameAs\":[\"https:\\\/\\\/www.facebook.com\\\/dawellcz\\\/\"]}]}<\/script>\n<!-- \/ Yoast SEO plugin. -->","yoast_head_json":{"title":"Induktor \"U\" f\u00fcr DHI\u2011121\/161\/191\/48B - DAWELL CZ","description":"Fl\u00fcssigkeitsgek\u00fchlter U-f\u00f6rmiger Induktor mit 2 Windungen f\u00fcr maschinen DAWELL DHI-121C \/ 191C \/ 48B. Verschiedene Gr\u00f6\u00dfen.","robots":{"index":"index","follow":"follow","max-snippet":"max-snippet:-1","max-image-preview":"max-image-preview:large","max-video-preview":"max-video-preview:-1"},"canonical":"https:\/\/dawell.cz\/de\/produkt-de\/induktor-u-fuer-dhi-121c-191c-48b\/","og_locale":"de_DE","og_type":"article","og_title":"Induktor \"U\" f\u00fcr DHI\u2011121\/161\/191\/48B - DAWELL CZ","og_description":"Fl\u00fcssigkeitsgek\u00fchlter U-f\u00f6rmiger Induktor mit 2 Windungen f\u00fcr maschinen DAWELL DHI-121C \/ 191C \/ 48B. Verschiedene Gr\u00f6\u00dfen.","og_url":"https:\/\/dawell.cz\/de\/produkt-de\/induktor-u-fuer-dhi-121c-191c-48b\/","og_site_name":"DAWELL CZ","article_publisher":"https:\/\/www.facebook.com\/dawellcz\/","article_modified_time":"2026-04-24T13:50:43+00:00","og_image":[{"width":1000,"height":1000,"url":"https:\/\/dawell.cz\/wp-content\/uploads\/2024\/11\/U-civka-2-zavitova-DHI-121.webp","type":"image\/webp"}],"twitter_card":"summary_large_image","twitter_misc":{"Gesch\u00e4tzte Lesezeit":"1\u00a0Minute"},"schema":{"@context":"https:\/\/schema.org","@graph":[{"@type":"WebPage","@id":"https:\/\/dawell.cz\/de\/produkt-de\/induktor-u-fuer-dhi-121c-191c-48b\/","url":"https:\/\/dawell.cz\/de\/produkt-de\/induktor-u-fuer-dhi-121c-191c-48b\/","name":"Induktor \"U\" f\u00fcr DHI\u2011121\/161\/191\/48B - DAWELL CZ","isPartOf":{"@id":"https:\/\/dawell.cz\/de\/#website"},"primaryImageOfPage":{"@id":"https:\/\/dawell.cz\/de\/produkt-de\/induktor-u-fuer-dhi-121c-191c-48b\/#primaryimage"},"image":{"@id":"https:\/\/dawell.cz\/de\/produkt-de\/induktor-u-fuer-dhi-121c-191c-48b\/#primaryimage"},"thumbnailUrl":"https:\/\/dawell.cz\/wp-content\/uploads\/2024\/11\/U-civka-2-zavitova-DHI-121.webp","datePublished":"2024-11-21T14:10:34+00:00","dateModified":"2026-04-24T13:50:43+00:00","description":"Fl\u00fcssigkeitsgek\u00fchlter U-f\u00f6rmiger Induktor mit 2 Windungen f\u00fcr maschinen DAWELL DHI-121C \/ 191C \/ 48B. Verschiedene Gr\u00f6\u00dfen.","breadcrumb":{"@id":"https:\/\/dawell.cz\/de\/produkt-de\/induktor-u-fuer-dhi-121c-191c-48b\/#breadcrumb"},"inLanguage":"de","potentialAction":[{"@type":"ReadAction","target":["https:\/\/dawell.cz\/de\/produkt-de\/induktor-u-fuer-dhi-121c-191c-48b\/"]}]},{"@type":"ImageObject","inLanguage":"de","@id":"https:\/\/dawell.cz\/de\/produkt-de\/induktor-u-fuer-dhi-121c-191c-48b\/#primaryimage","url":"https:\/\/dawell.cz\/wp-content\/uploads\/2024\/11\/U-civka-2-zavitova-DHI-121.webp","contentUrl":"https:\/\/dawell.cz\/wp-content\/uploads\/2024\/11\/U-civka-2-zavitova-DHI-121.webp","width":1000,"height":1000},{"@type":"BreadcrumbList","@id":"https:\/\/dawell.cz\/de\/produkt-de\/induktor-u-fuer-dhi-121c-191c-48b\/#breadcrumb","itemListElement":[{"@type":"ListItem","position":1,"name":"Dom\u016f","item":"https:\/\/dawell.cz\/de\/home\/"},{"@type":"ListItem","position":2,"name":"Produkte","item":"https:\/\/dawell.cz\/de\/shop\/"},{"@type":"ListItem","position":3,"name":"Induktor &#8222;U&#8220; f\u00fcr DHI\u2011121\/161\/191\/48B"}]},{"@type":"WebSite","@id":"https:\/\/dawell.cz\/de\/#website","url":"https:\/\/dawell.cz\/de\/","name":"DAWELL CZ","description":"","publisher":{"@id":"https:\/\/dawell.cz\/de\/#organization"},"alternateName":"Dawell","potentialAction":[{"@type":"SearchAction","target":{"@type":"EntryPoint","urlTemplate":"https:\/\/dawell.cz\/de\/?s={search_term_string}"},"query-input":{"@type":"PropertyValueSpecification","valueRequired":true,"valueName":"search_term_string"}}],"inLanguage":"de"},{"@type":"Organization","@id":"https:\/\/dawell.cz\/de\/#organization","name":"DAWELL CZ s.r.o.","url":"https:\/\/dawell.cz\/de\/","logo":{"@type":"ImageObject","inLanguage":"de","@id":"https:\/\/dawell.cz\/de\/#\/schema\/logo\/image\/","url":"","contentUrl":"","caption":"DAWELL CZ s.r.o."},"image":{"@id":"https:\/\/dawell.cz\/de\/#\/schema\/logo\/image\/"},"sameAs":["https:\/\/www.facebook.com\/dawellcz\/"]}]}},"_links":{"self":[{"href":"https:\/\/dawell.cz\/de\/wp-json\/wp\/v2\/product\/56521","targetHints":{"allow":["GET"]}}],"collection":[{"href":"https:\/\/dawell.cz\/de\/wp-json\/wp\/v2\/product"}],"about":[{"href":"https:\/\/dawell.cz\/de\/wp-json\/wp\/v2\/types\/product"}],"version-history":[{"count":2,"href":"https:\/\/dawell.cz\/de\/wp-json\/wp\/v2\/product\/56521\/revisions"}],"predecessor-version":[{"id":63241,"href":"https:\/\/dawell.cz\/de\/wp-json\/wp\/v2\/product\/56521\/revisions\/63241"}],"wp:featuredmedia":[{"embeddable":true,"href":"https:\/\/dawell.cz\/de\/wp-json\/wp\/v2\/media\/62070"}],"wp:attachment":[{"href":"https:\/\/dawell.cz\/de\/wp-json\/wp\/v2\/media?parent=56521"}],"wp:term":[{"taxonomy":"product_brand","embeddable":true,"href":"https:\/\/dawell.cz\/de\/wp-json\/wp\/v2\/product_brand?post=56521"},{"taxonomy":"product_cat","embeddable":true,"href":"https:\/\/dawell.cz\/de\/wp-json\/wp\/v2\/product_cat?post=56521"},{"taxonomy":"product_tag","embeddable":true,"href":"https:\/\/dawell.cz\/de\/wp-json\/wp\/v2\/product_tag?post=56521"}],"curies":[{"name":"wp","href":"https:\/\/api.w.org\/{rel}","templated":true}]}}