{"id":56447,"date":"2024-11-21T14:27:28","date_gmt":"2024-11-21T13:27:28","guid":{"rendered":"https:\/\/dawell.cz\/?post_type=product&#038;p=56447"},"modified":"2026-04-06T15:52:20","modified_gmt":"2026-04-06T13:52:20","slug":"ringinduktor-1-windung-fuer-dhi-121-191-48b","status":"publish","type":"product","link":"https:\/\/dawell.cz\/de\/produkt-de\/ringinduktor-1-windung-fuer-dhi-121-191-48b\/","title":{"rendered":"Ringinduktor 1 Windung f\u00fcr DHI-121\/161\/191\/48B"},"content":{"rendered":"\t\t<div data-elementor-type=\"product-post\" data-elementor-id=\"56447\" class=\"elementor elementor-56447 elementor-56433\" data-elementor-post-type=\"product\">\n\t\t\t\t<div class=\"elementor-element elementor-element-5447f51 thegem-e-con-layout-elementor e-flex e-con-boxed e-con e-parent\" data-id=\"5447f51\" data-element_type=\"container\" data-e-type=\"container\" data-settings=\"{&quot;thegem_container_layout&quot;:&quot;elementor&quot;}\">\r\n\t\t\t\t\t<div class=\"e-con-inner\">\r\n\t\t\t\t<div class=\"elementor-element elementor-element-7fcdc60 flex-horizontal-align-default flex-horizontal-align-tablet-default flex-horizontal-align-mobile-default flex-vertical-align-default flex-vertical-align-tablet-default flex-vertical-align-mobile-default elementor-widget elementor-widget-heading\" data-id=\"7fcdc60\" data-element_type=\"widget\" data-e-type=\"widget\" data-widget_type=\"heading.default\">\n\t\t\t\t<div class=\"elementor-widget-container\">\n\t\t\t\t\t<h4 class=\"elementor-heading-title elementor-size-default\">Verf\u00fcgbare Durchmesser und kompatible Ger\u00e4te<\/h4>\t\t\t\t<\/div>\n\t\t\t\t<\/div>\n\t\t<div class=\"elementor-element elementor-element-62906a1 e-grid e-con-full thegem-e-con-layout-elementor e-con e-child\" data-id=\"62906a1\" data-element_type=\"container\" data-e-type=\"container\" data-settings=\"{&quot;thegem_container_layout&quot;:&quot;elementor&quot;}\">\r\n\t\t\t\t<div class=\"elementor-element elementor-element-98f7c96 flex-horizontal-align-default flex-horizontal-align-tablet-default flex-horizontal-align-mobile-default flex-vertical-align-default flex-vertical-align-tablet-default flex-vertical-align-mobile-default elementor-widget elementor-widget-tablepress-table\" data-id=\"98f7c96\" data-element_type=\"widget\" data-e-type=\"widget\" data-widget_type=\"tablepress-table.default\">\n\t\t\t\t\t\n<table id=\"tablepress-1z_zavit\" class=\"tablepress tablepress-id-1z_zavit tp-clean-header\">\n<thead>\n<tr class=\"row-1\">\n\t<th class=\"column-1\"><strong>\u00d8 [mm]<\/strong><\/th><th class=\"column-2\"><strong>No.<\/strong><\/th><th class=\"column-3\"><strong><a href=\"https:\/\/dawell.cz\/produkt\/dhi-121e\/\">DHI-121E<\/a><\/strong><\/th><th class=\"column-4\"><strong><a href=\"https:\/\/dawell.cz\/produkt\/dhi-121f\/\">DHI-121F<\/a><\/strong><\/th><th class=\"column-5\"><strong><a href=\"https:\/\/dawell.cz\/produkt\/dhi-121c-hd\/\">DHI-121C HD<\/a><\/strong><\/th><th class=\"column-6\"><strong><a href=\"https:\/\/dawell.cz\/produkt\/dhi-161c-hd\/\">DHI-161C HD<\/a><\/strong><\/br><strong><a href=\"https:\/\/dawell.cz\/produkt\/dhi-191c-hd\/\">DHI-191C HD<\/a><\/strong><\/th><th class=\"column-7\"><strong><a href=\"https:\/\/dawell.cz\/produkt\/dhi-48b\/\">DHI-48B<\/a><\/strong><\/th>\n<\/tr>\n<\/thead>\n<tbody class=\"row-hover\">\n<tr class=\"row-2\">\n\t<td class=\"column-1\">12<\/td><td class=\"column-2\">84-010-01<\/td><td class=\"column-3\">100\/100<\/td><td class=\"column-4\">100\/100<\/td><td class=\"column-5\">100\/100<\/td><td class=\"column-6\">\u00d7<\/td><td class=\"column-7\">100\/100<\/td>\n<\/tr>\n<tr class=\"row-3\">\n\t<td class=\"column-1\">14<\/td><td class=\"column-2\">84-010-02<\/td><td class=\"column-3\">100\/100<\/td><td class=\"column-4\">100\/100<\/td><td class=\"column-5\">100\/100<\/td><td class=\"column-6\">\u00d7<\/td><td class=\"column-7\">100\/100<\/td>\n<\/tr>\n<tr class=\"row-4\">\n\t<td class=\"column-1\">16<\/td><td class=\"column-2\">84-010-03<\/td><td class=\"column-3\">100\/100<\/td><td class=\"column-4\">100\/100<\/td><td class=\"column-5\">100\/100<\/td><td class=\"column-6\">\u00d7<\/td><td class=\"column-7\">100\/100<\/td>\n<\/tr>\n<tr class=\"row-5\">\n\t<td class=\"column-1\">18<\/td><td class=\"column-2\">84-010-04<\/td><td class=\"column-3\">100\/100<\/td><td class=\"column-4\">100\/100<\/td><td class=\"column-5\">100\/100<\/td><td class=\"column-6\">\u00d7<\/td><td class=\"column-7\">100\/100<\/td>\n<\/tr>\n<tr class=\"row-6\">\n\t<td class=\"column-1\">21<\/td><td class=\"column-2\">84-011-01<\/td><td class=\"column-3\">100\/100<\/td><td class=\"column-4\">100\/100<\/td><td class=\"column-5\">100\/100<\/td><td class=\"column-6\">100\/100<\/td><td class=\"column-7\">100\/100<\/td>\n<\/tr>\n<tr class=\"row-7\">\n\t<td class=\"column-1\">24<\/td><td class=\"column-2\">84-011-02<\/td><td class=\"column-3\">100\/100<\/td><td class=\"column-4\">100\/100<\/td><td class=\"column-5\">100\/100<\/td><td class=\"column-6\">100\/100<\/td><td class=\"column-7\">100\/100<\/td>\n<\/tr>\n<tr class=\"row-8\">\n\t<td class=\"column-1\">27<\/td><td class=\"column-2\">84-011-03<\/td><td class=\"column-3\">100\/100<\/td><td class=\"column-4\">100\/100<\/td><td class=\"column-5\">100\/100<\/td><td class=\"column-6\">100\/100<\/td><td class=\"column-7\">100\/100<\/td>\n<\/tr>\n<tr class=\"row-9\">\n\t<td class=\"column-1\">31<\/td><td class=\"column-2\">84-011-04<\/td><td class=\"column-3\">100\/100<\/td><td class=\"column-4\">100\/100<\/td><td class=\"column-5\">100\/100<\/td><td class=\"column-6\">100\/100<\/td><td class=\"column-7\">100\/100<\/td>\n<\/tr>\n<tr class=\"row-10\">\n\t<td class=\"column-1\">35<\/td><td class=\"column-2\">84-011-05<\/td><td class=\"column-3\">100\/100<\/td><td class=\"column-4\">100\/100<\/td><td class=\"column-5\">100\/100<\/td><td class=\"column-6\">100\/100<\/td><td class=\"column-7\">100\/100<\/td>\n<\/tr>\n<tr class=\"row-11\">\n\t<td class=\"column-1\">38<\/td><td class=\"column-2\">84-011-06<\/td><td class=\"column-3\">100\/100<\/td><td class=\"column-4\">100\/100<\/td><td class=\"column-5\">100\/100<\/td><td class=\"column-6\">100\/100<\/td><td class=\"column-7\">100\/100<\/td>\n<\/tr>\n<tr class=\"row-12\">\n\t<td class=\"column-1\">42<\/td><td class=\"column-2\">84-011-07<\/td><td class=\"column-3\">100\/100<\/td><td class=\"column-4\">100\/100<\/td><td class=\"column-5\">100\/100<\/td><td class=\"column-6\">99\/100<\/td><td class=\"column-7\">100\/100<\/td>\n<\/tr>\n<tr class=\"row-13\">\n\t<td class=\"column-1\">45<\/td><td class=\"column-2\">84-011-08<\/td><td class=\"column-3\">100\/100<\/td><td class=\"column-4\">100\/100<\/td><td class=\"column-5\">100\/100<\/td><td class=\"column-6\">94\/100<\/td><td class=\"column-7\">100\/100<\/td>\n<\/tr>\n<tr class=\"row-14\">\n\t<td class=\"column-1\">50<\/td><td class=\"column-2\">84-012-01<\/td><td class=\"column-3\">100\/100<\/td><td class=\"column-4\">100\/100<\/td><td class=\"column-5\">100\/100<\/td><td class=\"column-6\">93\/100<\/td><td class=\"column-7\">\u00d7<\/td>\n<\/tr>\n<tr class=\"row-15\">\n\t<td class=\"column-1\">55<\/td><td class=\"column-2\">84-012-02<\/td><td class=\"column-3\">100\/100<\/td><td class=\"column-4\">100\/100<\/td><td class=\"column-5\">100\/100<\/td><td class=\"column-6\">87\/100<\/td><td class=\"column-7\">\u00d7<\/td>\n<\/tr>\n<tr class=\"row-16\">\n\t<td class=\"column-1\">60<\/td><td class=\"column-2\">84-012-03<\/td><td class=\"column-3\">100\/100<\/td><td class=\"column-4\">100\/100<\/td><td class=\"column-5\">100\/100<\/td><td class=\"column-6\">78\/100<\/td><td class=\"column-7\">\u00d7<\/td>\n<\/tr>\n<tr class=\"row-17\">\n\t<td class=\"column-1\">65<\/td><td class=\"column-2\">84-012-04<\/td><td class=\"column-3\">99\/100<\/td><td class=\"column-4\">99\/100<\/td><td class=\"column-5\">93\/100<\/td><td class=\"column-6\">71\/100<\/td><td class=\"column-7\">\u00d7<\/td>\n<\/tr>\n<tr class=\"row-18\">\n\t<td class=\"column-1\">70<\/td><td class=\"column-2\">84-012-05<\/td><td class=\"column-3\">91\/100<\/td><td class=\"column-4\">91\/100<\/td><td class=\"column-5\">86\/100<\/td><td class=\"column-6\">66\/100<\/td><td class=\"column-7\">\u00d7<\/td>\n<\/tr>\n<tr class=\"row-19\">\n\t<td class=\"column-1\">75<\/td><td class=\"column-2\">84-012-06<\/td><td class=\"column-3\">86\/100<\/td><td class=\"column-4\">86\/100<\/td><td class=\"column-5\">77\/100<\/td><td class=\"column-6\">60\/95<\/td><td class=\"column-7\">\u00d7<\/td>\n<\/tr>\n<tr class=\"row-20\">\n\t<td class=\"column-1\">80<\/td><td class=\"column-2\">84-012-07<\/td><td class=\"column-3\">82\/100<\/td><td class=\"column-4\">82\/100<\/td><td class=\"column-5\">71\/100<\/td><td class=\"column-6\">56\/90<\/td><td class=\"column-7\">\u00d7<\/td>\n<\/tr>\n<tr class=\"row-21\">\n\t<td class=\"column-1\">85<\/td><td class=\"column-2\">84-012-08<\/td><td class=\"column-3\">73\/100<\/td><td class=\"column-4\">73\/100<\/td><td class=\"column-5\">65\/100<\/td><td class=\"column-6\">52\/84<\/td><td class=\"column-7\">\u00d7<\/td>\n<\/tr>\n<tr class=\"row-22\">\n\t<td class=\"column-1\">90<\/td><td class=\"column-2\">84-012-09<\/td><td class=\"column-3\">66\/100<\/td><td class=\"column-4\">66\/100<\/td><td class=\"column-5\">59\/100<\/td><td class=\"column-6\">49\/78<\/td><td class=\"column-7\">\u00d7<\/td>\n<\/tr>\n<tr class=\"row-23\">\n\t<td class=\"column-1\">95<\/td><td class=\"column-2\">84-012-10<\/td><td class=\"column-3\">64\/100<\/td><td class=\"column-4\">64\/100<\/td><td class=\"column-5\">58\/98<\/td><td class=\"column-6\">\u00d7<\/td><td class=\"column-7\">\u00d7<\/td>\n<\/tr>\n<tr class=\"row-24\">\n\t<td class=\"column-1\">100<\/td><td class=\"column-2\">84-012-11<\/td><td class=\"column-3\">60\/100<\/td><td class=\"column-4\">60\/100<\/td><td class=\"column-5\">54\/91<\/td><td class=\"column-6\">45\/71<\/td><td class=\"column-7\">\u00d7<\/td>\n<\/tr>\n<tr class=\"row-25\">\n\t<td class=\"column-1\">110<\/td><td class=\"column-2\">84-012-12<\/td><td class=\"column-3\">\u00d7<\/td><td class=\"column-4\">\u00d7<\/td><td class=\"column-5\">46\/80<\/td><td class=\"column-6\">42\/65<\/td><td class=\"column-7\">\u00d7<\/td>\n<\/tr>\n<tr class=\"row-26\">\n\t<td class=\"column-1\">120<\/td><td class=\"column-2\">84-012-13<\/td><td class=\"column-3\">\u00d7<\/td><td class=\"column-4\">\u00d7<\/td><td class=\"column-5\">42\/74<\/td><td class=\"column-6\">39\/62<\/td><td class=\"column-7\">\u00d7<\/td>\n<\/tr>\n<tr class=\"row-27\">\n\t<td class=\"column-1\">130<\/td><td class=\"column-2\">84-012-14<\/td><td class=\"column-3\">\u00d7<\/td><td class=\"column-4\">\u00d7<\/td><td class=\"column-5\">39\/68<\/td><td class=\"column-6\">35\/55<\/td><td class=\"column-7\">\u00d7<\/td>\n<\/tr>\n<tr class=\"row-28\">\n\t<td class=\"column-1\">140<\/td><td class=\"column-2\">84-012-15<\/td><td class=\"column-3\">\u00d7<\/td><td class=\"column-4\">\u00d7<\/td><td class=\"column-5\">\u00d7<\/td><td class=\"column-6\">31\/100<\/td><td class=\"column-7\">\u00d7<\/td>\n<\/tr>\n<tr class=\"row-29\">\n\t<td class=\"column-1\">150<\/td><td class=\"column-2\">84-012-16<\/td><td class=\"column-3\">\u00d7<\/td><td class=\"column-4\">\u00d7<\/td><td class=\"column-5\">\u00d7<\/td><td class=\"column-6\">29\/100<\/td><td class=\"column-7\">\u00d7<\/td>\n<\/tr>\n<tr class=\"row-30\">\n\t<td class=\"column-1\">160<\/td><td class=\"column-2\">84-012-17<\/td><td class=\"column-3\">\u00d7<\/td><td class=\"column-4\">\u00d7<\/td><td class=\"column-5\">\u00d7<\/td><td class=\"column-6\">28\/100<\/td><td class=\"column-7\">\u00d7<\/td>\n<\/tr>\n<tr class=\"row-31\">\n\t<td class=\"column-1\">170<\/td><td class=\"column-2\">84-012-18<\/td><td class=\"column-3\">\u00d7<\/td><td class=\"column-4\">\u00d7<\/td><td class=\"column-5\">\u00d7<\/td><td class=\"column-6\">26\/100<\/td><td class=\"column-7\">\u00d7<\/td>\n<\/tr>\n<\/tbody>\n<\/table>\n<!-- #tablepress-1z_zavit from cache -->\t\t\t\t<\/div>\n\t\t\t\t<\/div>\n\t\t\t\t\t<\/div>\n\t\t\t\t<\/div>\n\t\t\t\t<\/div>\n\t\t","protected":false},"excerpt":{"rendered":"<p>Fl\u00fcssigkeitsgek\u00fchlter Ringinduktor mit 1 Windung.<\/p>\n","protected":false},"featured_media":62126,"template":"","meta":{"inline_featured_image":false,"_wp_rev_ctl_limit":""},"product_brand":[],"product_cat":[1122,1160,943],"product_tag":[1141,1143,1145,1154,1157,1137],"class_list":{"0":"post-56447","1":"product","2":"type-product","3":"status-publish","4":"has-post-thumbnail","6":"product_cat-induktoren-fur-dhi-121-dhi-161-dhi-191","7":"product_cat-induktoren-fur-dhi-48b","8":"product_cat-zubehor","9":"product_tag-dhi-121c-hd","10":"product_tag-dhi-121e","11":"product_tag-dhi-121f","12":"product_tag-dhi-161c-hd","13":"product_tag-dhi-191c-hd","14":"product_tag-dhi-48b","16":"first","17":"outofstock","18":"taxable","19":"shipping-taxable","20":"product-type-simple"},"yoast_head":"<!-- This site is optimized with the Yoast SEO plugin v27.6 - https:\/\/yoast.com\/product\/yoast-seo-wordpress\/ -->\n<title>Ringinduktor 1 Windung f\u00fcr DHI-121\/161\/191\/48B - DAWELL CZ<\/title>\n<meta name=\"description\" content=\"Fl\u00fcssigkeitsgek\u00fchlter Ringinduktor mit 1 Windung f\u00fcr Maschinen DHI-121 \/ 161 \/ 191 \/ 48B. Verschiedene Durchmesser.\" \/>\n<meta name=\"robots\" content=\"index, follow, max-snippet:-1, max-image-preview:large, max-video-preview:-1\" \/>\n<link rel=\"canonical\" href=\"https:\/\/dawell.cz\/de\/produkt-de\/ringinduktor-1-windung-fuer-dhi-121-191-48b\/\" \/>\n<meta property=\"og:locale\" content=\"de_DE\" \/>\n<meta property=\"og:type\" content=\"article\" \/>\n<meta property=\"og:title\" content=\"Ringinduktor 1 Windung f\u00fcr DHI-121\/161\/191\/48B - DAWELL CZ\" \/>\n<meta property=\"og:description\" content=\"Fl\u00fcssigkeitsgek\u00fchlter Ringinduktor mit 1 Windung f\u00fcr Maschinen DHI-121 \/ 161 \/ 191 \/ 48B. Verschiedene Durchmesser.\" \/>\n<meta property=\"og:url\" content=\"https:\/\/dawell.cz\/de\/produkt-de\/ringinduktor-1-windung-fuer-dhi-121-191-48b\/\" \/>\n<meta property=\"og:site_name\" content=\"DAWELL CZ\" \/>\n<meta property=\"article:publisher\" content=\"https:\/\/www.facebook.com\/dawellcz\/\" \/>\n<meta property=\"article:modified_time\" content=\"2026-04-06T13:52:20+00:00\" \/>\n<meta property=\"og:image\" content=\"https:\/\/dawell.cz\/wp-content\/uploads\/2024\/11\/Kruhova-civka-1-zavitova-DHI-121.webp\" \/>\n\t<meta property=\"og:image:width\" content=\"1000\" \/>\n\t<meta property=\"og:image:height\" content=\"1000\" \/>\n\t<meta property=\"og:image:type\" content=\"image\/webp\" \/>\n<meta name=\"twitter:card\" content=\"summary_large_image\" \/>\n<meta name=\"twitter:label1\" content=\"Gesch\u00e4tzte Lesezeit\" \/>\n\t<meta name=\"twitter:data1\" content=\"1\u00a0Minute\" \/>\n<script type=\"application\/ld+json\" class=\"yoast-schema-graph\">{\"@context\":\"https:\\\/\\\/schema.org\",\"@graph\":[{\"@type\":\"WebPage\",\"@id\":\"https:\\\/\\\/dawell.cz\\\/de\\\/produkt-de\\\/ringinduktor-1-windung-fuer-dhi-121-191-48b\\\/\",\"url\":\"https:\\\/\\\/dawell.cz\\\/de\\\/produkt-de\\\/ringinduktor-1-windung-fuer-dhi-121-191-48b\\\/\",\"name\":\"Ringinduktor 1 Windung f\u00fcr DHI-121\\\/161\\\/191\\\/48B - DAWELL CZ\",\"isPartOf\":{\"@id\":\"https:\\\/\\\/dawell.cz\\\/de\\\/#website\"},\"primaryImageOfPage\":{\"@id\":\"https:\\\/\\\/dawell.cz\\\/de\\\/produkt-de\\\/ringinduktor-1-windung-fuer-dhi-121-191-48b\\\/#primaryimage\"},\"image\":{\"@id\":\"https:\\\/\\\/dawell.cz\\\/de\\\/produkt-de\\\/ringinduktor-1-windung-fuer-dhi-121-191-48b\\\/#primaryimage\"},\"thumbnailUrl\":\"https:\\\/\\\/dawell.cz\\\/wp-content\\\/uploads\\\/2024\\\/11\\\/Kruhova-civka-1-zavitova-DHI-121.webp\",\"datePublished\":\"2024-11-21T13:27:28+00:00\",\"dateModified\":\"2026-04-06T13:52:20+00:00\",\"description\":\"Fl\u00fcssigkeitsgek\u00fchlter Ringinduktor mit 1 Windung f\u00fcr Maschinen DHI-121 \\\/ 161 \\\/ 191 \\\/ 48B. Verschiedene Durchmesser.\",\"breadcrumb\":{\"@id\":\"https:\\\/\\\/dawell.cz\\\/de\\\/produkt-de\\\/ringinduktor-1-windung-fuer-dhi-121-191-48b\\\/#breadcrumb\"},\"inLanguage\":\"de\",\"potentialAction\":[{\"@type\":\"ReadAction\",\"target\":[\"https:\\\/\\\/dawell.cz\\\/de\\\/produkt-de\\\/ringinduktor-1-windung-fuer-dhi-121-191-48b\\\/\"]}]},{\"@type\":\"ImageObject\",\"inLanguage\":\"de\",\"@id\":\"https:\\\/\\\/dawell.cz\\\/de\\\/produkt-de\\\/ringinduktor-1-windung-fuer-dhi-121-191-48b\\\/#primaryimage\",\"url\":\"https:\\\/\\\/dawell.cz\\\/wp-content\\\/uploads\\\/2024\\\/11\\\/Kruhova-civka-1-zavitova-DHI-121.webp\",\"contentUrl\":\"https:\\\/\\\/dawell.cz\\\/wp-content\\\/uploads\\\/2024\\\/11\\\/Kruhova-civka-1-zavitova-DHI-121.webp\",\"width\":1000,\"height\":1000},{\"@type\":\"BreadcrumbList\",\"@id\":\"https:\\\/\\\/dawell.cz\\\/de\\\/produkt-de\\\/ringinduktor-1-windung-fuer-dhi-121-191-48b\\\/#breadcrumb\",\"itemListElement\":[{\"@type\":\"ListItem\",\"position\":1,\"name\":\"Dom\u016f\",\"item\":\"https:\\\/\\\/dawell.cz\\\/de\\\/home\\\/\"},{\"@type\":\"ListItem\",\"position\":2,\"name\":\"Produkte\",\"item\":\"https:\\\/\\\/dawell.cz\\\/de\\\/shop\\\/\"},{\"@type\":\"ListItem\",\"position\":3,\"name\":\"Ringinduktor 1 Windung f\u00fcr DHI-121\\\/161\\\/191\\\/48B\"}]},{\"@type\":\"WebSite\",\"@id\":\"https:\\\/\\\/dawell.cz\\\/de\\\/#website\",\"url\":\"https:\\\/\\\/dawell.cz\\\/de\\\/\",\"name\":\"DAWELL CZ\",\"description\":\"\",\"publisher\":{\"@id\":\"https:\\\/\\\/dawell.cz\\\/de\\\/#organization\"},\"alternateName\":\"Dawell\",\"potentialAction\":[{\"@type\":\"SearchAction\",\"target\":{\"@type\":\"EntryPoint\",\"urlTemplate\":\"https:\\\/\\\/dawell.cz\\\/de\\\/?s={search_term_string}\"},\"query-input\":{\"@type\":\"PropertyValueSpecification\",\"valueRequired\":true,\"valueName\":\"search_term_string\"}}],\"inLanguage\":\"de\"},{\"@type\":\"Organization\",\"@id\":\"https:\\\/\\\/dawell.cz\\\/de\\\/#organization\",\"name\":\"DAWELL CZ s.r.o.\",\"url\":\"https:\\\/\\\/dawell.cz\\\/de\\\/\",\"logo\":{\"@type\":\"ImageObject\",\"inLanguage\":\"de\",\"@id\":\"https:\\\/\\\/dawell.cz\\\/de\\\/#\\\/schema\\\/logo\\\/image\\\/\",\"url\":\"\",\"contentUrl\":\"\",\"caption\":\"DAWELL CZ s.r.o.\"},\"image\":{\"@id\":\"https:\\\/\\\/dawell.cz\\\/de\\\/#\\\/schema\\\/logo\\\/image\\\/\"},\"sameAs\":[\"https:\\\/\\\/www.facebook.com\\\/dawellcz\\\/\"]}]}<\/script>\n<!-- \/ Yoast SEO plugin. -->","yoast_head_json":{"title":"Ringinduktor 1 Windung f\u00fcr DHI-121\/161\/191\/48B - DAWELL CZ","description":"Fl\u00fcssigkeitsgek\u00fchlter Ringinduktor mit 1 Windung f\u00fcr Maschinen DHI-121 \/ 161 \/ 191 \/ 48B. Verschiedene Durchmesser.","robots":{"index":"index","follow":"follow","max-snippet":"max-snippet:-1","max-image-preview":"max-image-preview:large","max-video-preview":"max-video-preview:-1"},"canonical":"https:\/\/dawell.cz\/de\/produkt-de\/ringinduktor-1-windung-fuer-dhi-121-191-48b\/","og_locale":"de_DE","og_type":"article","og_title":"Ringinduktor 1 Windung f\u00fcr DHI-121\/161\/191\/48B - DAWELL CZ","og_description":"Fl\u00fcssigkeitsgek\u00fchlter Ringinduktor mit 1 Windung f\u00fcr Maschinen DHI-121 \/ 161 \/ 191 \/ 48B. Verschiedene Durchmesser.","og_url":"https:\/\/dawell.cz\/de\/produkt-de\/ringinduktor-1-windung-fuer-dhi-121-191-48b\/","og_site_name":"DAWELL CZ","article_publisher":"https:\/\/www.facebook.com\/dawellcz\/","article_modified_time":"2026-04-06T13:52:20+00:00","og_image":[{"width":1000,"height":1000,"url":"https:\/\/dawell.cz\/wp-content\/uploads\/2024\/11\/Kruhova-civka-1-zavitova-DHI-121.webp","type":"image\/webp"}],"twitter_card":"summary_large_image","twitter_misc":{"Gesch\u00e4tzte Lesezeit":"1\u00a0Minute"},"schema":{"@context":"https:\/\/schema.org","@graph":[{"@type":"WebPage","@id":"https:\/\/dawell.cz\/de\/produkt-de\/ringinduktor-1-windung-fuer-dhi-121-191-48b\/","url":"https:\/\/dawell.cz\/de\/produkt-de\/ringinduktor-1-windung-fuer-dhi-121-191-48b\/","name":"Ringinduktor 1 Windung f\u00fcr DHI-121\/161\/191\/48B - DAWELL CZ","isPartOf":{"@id":"https:\/\/dawell.cz\/de\/#website"},"primaryImageOfPage":{"@id":"https:\/\/dawell.cz\/de\/produkt-de\/ringinduktor-1-windung-fuer-dhi-121-191-48b\/#primaryimage"},"image":{"@id":"https:\/\/dawell.cz\/de\/produkt-de\/ringinduktor-1-windung-fuer-dhi-121-191-48b\/#primaryimage"},"thumbnailUrl":"https:\/\/dawell.cz\/wp-content\/uploads\/2024\/11\/Kruhova-civka-1-zavitova-DHI-121.webp","datePublished":"2024-11-21T13:27:28+00:00","dateModified":"2026-04-06T13:52:20+00:00","description":"Fl\u00fcssigkeitsgek\u00fchlter Ringinduktor mit 1 Windung f\u00fcr Maschinen DHI-121 \/ 161 \/ 191 \/ 48B. Verschiedene Durchmesser.","breadcrumb":{"@id":"https:\/\/dawell.cz\/de\/produkt-de\/ringinduktor-1-windung-fuer-dhi-121-191-48b\/#breadcrumb"},"inLanguage":"de","potentialAction":[{"@type":"ReadAction","target":["https:\/\/dawell.cz\/de\/produkt-de\/ringinduktor-1-windung-fuer-dhi-121-191-48b\/"]}]},{"@type":"ImageObject","inLanguage":"de","@id":"https:\/\/dawell.cz\/de\/produkt-de\/ringinduktor-1-windung-fuer-dhi-121-191-48b\/#primaryimage","url":"https:\/\/dawell.cz\/wp-content\/uploads\/2024\/11\/Kruhova-civka-1-zavitova-DHI-121.webp","contentUrl":"https:\/\/dawell.cz\/wp-content\/uploads\/2024\/11\/Kruhova-civka-1-zavitova-DHI-121.webp","width":1000,"height":1000},{"@type":"BreadcrumbList","@id":"https:\/\/dawell.cz\/de\/produkt-de\/ringinduktor-1-windung-fuer-dhi-121-191-48b\/#breadcrumb","itemListElement":[{"@type":"ListItem","position":1,"name":"Dom\u016f","item":"https:\/\/dawell.cz\/de\/home\/"},{"@type":"ListItem","position":2,"name":"Produkte","item":"https:\/\/dawell.cz\/de\/shop\/"},{"@type":"ListItem","position":3,"name":"Ringinduktor 1 Windung f\u00fcr DHI-121\/161\/191\/48B"}]},{"@type":"WebSite","@id":"https:\/\/dawell.cz\/de\/#website","url":"https:\/\/dawell.cz\/de\/","name":"DAWELL CZ","description":"","publisher":{"@id":"https:\/\/dawell.cz\/de\/#organization"},"alternateName":"Dawell","potentialAction":[{"@type":"SearchAction","target":{"@type":"EntryPoint","urlTemplate":"https:\/\/dawell.cz\/de\/?s={search_term_string}"},"query-input":{"@type":"PropertyValueSpecification","valueRequired":true,"valueName":"search_term_string"}}],"inLanguage":"de"},{"@type":"Organization","@id":"https:\/\/dawell.cz\/de\/#organization","name":"DAWELL CZ s.r.o.","url":"https:\/\/dawell.cz\/de\/","logo":{"@type":"ImageObject","inLanguage":"de","@id":"https:\/\/dawell.cz\/de\/#\/schema\/logo\/image\/","url":"","contentUrl":"","caption":"DAWELL CZ s.r.o."},"image":{"@id":"https:\/\/dawell.cz\/de\/#\/schema\/logo\/image\/"},"sameAs":["https:\/\/www.facebook.com\/dawellcz\/"]}]}},"_links":{"self":[{"href":"https:\/\/dawell.cz\/de\/wp-json\/wp\/v2\/product\/56447","targetHints":{"allow":["GET"]}}],"collection":[{"href":"https:\/\/dawell.cz\/de\/wp-json\/wp\/v2\/product"}],"about":[{"href":"https:\/\/dawell.cz\/de\/wp-json\/wp\/v2\/types\/product"}],"version-history":[{"count":2,"href":"https:\/\/dawell.cz\/de\/wp-json\/wp\/v2\/product\/56447\/revisions"}],"predecessor-version":[{"id":62457,"href":"https:\/\/dawell.cz\/de\/wp-json\/wp\/v2\/product\/56447\/revisions\/62457"}],"wp:featuredmedia":[{"embeddable":true,"href":"https:\/\/dawell.cz\/de\/wp-json\/wp\/v2\/media\/62126"}],"wp:attachment":[{"href":"https:\/\/dawell.cz\/de\/wp-json\/wp\/v2\/media?parent=56447"}],"wp:term":[{"taxonomy":"product_brand","embeddable":true,"href":"https:\/\/dawell.cz\/de\/wp-json\/wp\/v2\/product_brand?post=56447"},{"taxonomy":"product_cat","embeddable":true,"href":"https:\/\/dawell.cz\/de\/wp-json\/wp\/v2\/product_cat?post=56447"},{"taxonomy":"product_tag","embeddable":true,"href":"https:\/\/dawell.cz\/de\/wp-json\/wp\/v2\/product_tag?post=56447"}],"curies":[{"name":"wp","href":"https:\/\/api.w.org\/{rel}","templated":true}]}}