{"id":53417,"date":"2024-01-19T11:18:57","date_gmt":"2024-01-19T10:18:57","guid":{"rendered":"https:\/\/dawell.cz\/product\/runde-gerade-induktionsspule\/"},"modified":"2026-04-13T15:23:50","modified_gmt":"2026-04-13T13:23:50","slug":"runde-gerade-induktionsspule","status":"publish","type":"product","link":"https:\/\/dawell.cz\/de\/produkt-de\/runde-gerade-induktionsspule\/","title":{"rendered":"Frontaler Ringinduktor"},"content":{"rendered":"\t\t<div data-elementor-type=\"product-post\" data-elementor-id=\"53417\" class=\"elementor elementor-53417 elementor-49660\" data-elementor-post-type=\"product\">\n\t\t\t\t<div class=\"elementor-element elementor-element-4ec285f thegem-e-con-layout-elementor e-flex e-con-boxed e-con e-parent\" data-id=\"4ec285f\" data-element_type=\"container\" data-e-type=\"container\" data-settings=\"{&quot;thegem_container_layout&quot;:&quot;elementor&quot;}\">\r\n\t\t\t\t\t<div class=\"e-con-inner\">\r\n\t\t\t\t<div class=\"elementor-element elementor-element-989d67f flex-horizontal-align-default flex-horizontal-align-tablet-default flex-horizontal-align-mobile-default flex-vertical-align-default flex-vertical-align-tablet-default flex-vertical-align-mobile-default elementor-widget elementor-widget-text-editor\" data-id=\"989d67f\" data-element_type=\"widget\" data-e-type=\"widget\" data-widget_type=\"text-editor.default\">\n\t\t\t\t<div class=\"elementor-widget-container\">\n\t\t\t\t\t\t\t\t\t\t\t\t<div class=\"elementor-text-editor elementor-clearfix\">\r\n\t\t\t\t\t\t<p>Verf\u00fcgbare Durchmesser: <strong>15 mm \u2022 19 mm \u2022 23 mm \u2022 26 mm \u2022 32 mm \u2022 38 mm \u2022 45 mm<\/strong>.<\/p><p>Kompatibles Ger\u00e4t DAWELL <strong><a href=\"https:\/\/dawell.cz\/de\/produkt-de\/dci-13\/\">DCI-13<\/a><\/strong> \u2022 <strong> <a href=\"https:\/\/dawell.cz\/de\/produkt-de\/dhi-15\/\">DHI-15<\/a><\/strong>.<\/p>\t\t\t\t\t\t\t<\/div>\r\n\t\t\t\t\t\t\t\t\t\t<\/div>\n\t\t\t\t<\/div>\n\t\t\t\t\t<\/div>\n\t\t\t\t<\/div>\n\t\t\t\t<\/div>\n\t\t","protected":false},"excerpt":{"rendered":"<p>Frontale einsteckbare Ringinduktoren werden zum Erw\u00e4rmen von Muttern, Kupplungen, Dichtungen, Scharnieren, Auspuffrohren, Bolzen und anderen Anwendungen verwendet, bei denen der Induktor frei auf das zu erw\u00e4rmende Teil geschoben werden kann.<br \/>\nL\u00e4nge 220 mm.<\/p>\n","protected":false},"featured_media":51360,"template":"","meta":{"inline_featured_image":false,"_wp_rev_ctl_limit":""},"product_brand":[],"product_cat":[1113,943],"product_tag":[1127,1129],"class_list":{"0":"post-53417","1":"product","2":"type-product","3":"status-publish","4":"has-post-thumbnail","6":"product_cat-induktoren-fur-dci-13-dhi-15","7":"product_cat-zubehor","8":"product_tag-dci-13","9":"product_tag-dhi-15","11":"first","12":"outofstock","13":"taxable","14":"shipping-taxable","15":"purchasable","16":"product-type-variable"},"yoast_head":"<!-- This site is optimized with the Yoast SEO plugin v27.5 - https:\/\/yoast.com\/product\/yoast-seo-wordpress\/ -->\n<title>Frontaler Ringinduktor - DAWELL CZ<\/title>\n<meta name=\"description\" content=\"Frontale einsteckbare Ringinduktoren f\u00fcr Maschinen DAWELL DHI-15 und DCI-13. Zum Erw\u00e4rmen von Muttern, Kupplungen, Dichtungen, Scharnieren, Auspuffrohren, Bolzen usw. Zum Erw\u00e4rmen von Muttern, Kupplungen, Dichtungen, Scharnieren, Auspuffrohren, Bolzen usw.\" \/>\n<meta name=\"robots\" content=\"index, follow, max-snippet:-1, max-image-preview:large, max-video-preview:-1\" \/>\n<link rel=\"canonical\" href=\"https:\/\/dawell.cz\/de\/produkt-de\/runde-gerade-induktionsspule\/\" \/>\n<meta property=\"og:locale\" content=\"de_DE\" \/>\n<meta property=\"og:type\" content=\"article\" \/>\n<meta property=\"og:title\" content=\"Frontaler Ringinduktor - DAWELL CZ\" \/>\n<meta property=\"og:description\" content=\"Frontale einsteckbare Ringinduktoren f\u00fcr Maschinen DAWELL DHI-15 und DCI-13. Zum Erw\u00e4rmen von Muttern, Kupplungen, Dichtungen, Scharnieren, Auspuffrohren, Bolzen usw. Zum Erw\u00e4rmen von Muttern, Kupplungen, Dichtungen, Scharnieren, Auspuffrohren, Bolzen usw.\" \/>\n<meta property=\"og:url\" content=\"https:\/\/dawell.cz\/de\/produkt-de\/runde-gerade-induktionsspule\/\" \/>\n<meta property=\"og:site_name\" content=\"DAWELL CZ\" \/>\n<meta property=\"article:publisher\" content=\"https:\/\/www.facebook.com\/dawellcz\/\" \/>\n<meta property=\"article:modified_time\" content=\"2026-04-13T13:23:50+00:00\" \/>\n<meta property=\"og:image\" content=\"https:\/\/dawell.cz\/wp-content\/uploads\/2024\/01\/Civka-celni-prima-80-10x.webp\" \/>\n\t<meta property=\"og:image:width\" content=\"1000\" \/>\n\t<meta property=\"og:image:height\" content=\"1000\" \/>\n\t<meta property=\"og:image:type\" content=\"image\/webp\" \/>\n<meta name=\"twitter:card\" content=\"summary_large_image\" \/>\n<script type=\"application\/ld+json\" class=\"yoast-schema-graph\">{\"@context\":\"https:\\\/\\\/schema.org\",\"@graph\":[{\"@type\":\"WebPage\",\"@id\":\"https:\\\/\\\/dawell.cz\\\/de\\\/produkt-de\\\/runde-gerade-induktionsspule\\\/\",\"url\":\"https:\\\/\\\/dawell.cz\\\/de\\\/produkt-de\\\/runde-gerade-induktionsspule\\\/\",\"name\":\"Frontaler Ringinduktor - DAWELL CZ\",\"isPartOf\":{\"@id\":\"https:\\\/\\\/dawell.cz\\\/de\\\/#website\"},\"primaryImageOfPage\":{\"@id\":\"https:\\\/\\\/dawell.cz\\\/de\\\/produkt-de\\\/runde-gerade-induktionsspule\\\/#primaryimage\"},\"image\":{\"@id\":\"https:\\\/\\\/dawell.cz\\\/de\\\/produkt-de\\\/runde-gerade-induktionsspule\\\/#primaryimage\"},\"thumbnailUrl\":\"https:\\\/\\\/dawell.cz\\\/wp-content\\\/uploads\\\/2024\\\/01\\\/Civka-celni-prima-80-10x.webp\",\"datePublished\":\"2024-01-19T10:18:57+00:00\",\"dateModified\":\"2026-04-13T13:23:50+00:00\",\"description\":\"Frontale einsteckbare Ringinduktoren f\u00fcr Maschinen DAWELL DHI-15 und DCI-13. Zum Erw\u00e4rmen von Muttern, Kupplungen, Dichtungen, Scharnieren, Auspuffrohren, Bolzen usw. Zum Erw\u00e4rmen von Muttern, Kupplungen, Dichtungen, Scharnieren, Auspuffrohren, Bolzen usw.\",\"breadcrumb\":{\"@id\":\"https:\\\/\\\/dawell.cz\\\/de\\\/produkt-de\\\/runde-gerade-induktionsspule\\\/#breadcrumb\"},\"inLanguage\":\"de\",\"potentialAction\":[{\"@type\":\"ReadAction\",\"target\":[\"https:\\\/\\\/dawell.cz\\\/de\\\/produkt-de\\\/runde-gerade-induktionsspule\\\/\"]}]},{\"@type\":\"ImageObject\",\"inLanguage\":\"de\",\"@id\":\"https:\\\/\\\/dawell.cz\\\/de\\\/produkt-de\\\/runde-gerade-induktionsspule\\\/#primaryimage\",\"url\":\"https:\\\/\\\/dawell.cz\\\/wp-content\\\/uploads\\\/2024\\\/01\\\/Civka-celni-prima-80-10x.webp\",\"contentUrl\":\"https:\\\/\\\/dawell.cz\\\/wp-content\\\/uploads\\\/2024\\\/01\\\/Civka-celni-prima-80-10x.webp\",\"width\":1000,\"height\":1000,\"caption\":\"Frontaler Ringinduktor\"},{\"@type\":\"BreadcrumbList\",\"@id\":\"https:\\\/\\\/dawell.cz\\\/de\\\/produkt-de\\\/runde-gerade-induktionsspule\\\/#breadcrumb\",\"itemListElement\":[{\"@type\":\"ListItem\",\"position\":1,\"name\":\"Dom\u016f\",\"item\":\"https:\\\/\\\/dawell.cz\\\/de\\\/home\\\/\"},{\"@type\":\"ListItem\",\"position\":2,\"name\":\"Produkte\",\"item\":\"https:\\\/\\\/dawell.cz\\\/de\\\/shop\\\/\"},{\"@type\":\"ListItem\",\"position\":3,\"name\":\"Frontaler Ringinduktor\"}]},{\"@type\":\"WebSite\",\"@id\":\"https:\\\/\\\/dawell.cz\\\/de\\\/#website\",\"url\":\"https:\\\/\\\/dawell.cz\\\/de\\\/\",\"name\":\"DAWELL CZ\",\"description\":\"\",\"publisher\":{\"@id\":\"https:\\\/\\\/dawell.cz\\\/de\\\/#organization\"},\"alternateName\":\"Dawell\",\"potentialAction\":[{\"@type\":\"SearchAction\",\"target\":{\"@type\":\"EntryPoint\",\"urlTemplate\":\"https:\\\/\\\/dawell.cz\\\/de\\\/?s={search_term_string}\"},\"query-input\":{\"@type\":\"PropertyValueSpecification\",\"valueRequired\":true,\"valueName\":\"search_term_string\"}}],\"inLanguage\":\"de\"},{\"@type\":\"Organization\",\"@id\":\"https:\\\/\\\/dawell.cz\\\/de\\\/#organization\",\"name\":\"DAWELL CZ s.r.o.\",\"url\":\"https:\\\/\\\/dawell.cz\\\/de\\\/\",\"logo\":{\"@type\":\"ImageObject\",\"inLanguage\":\"de\",\"@id\":\"https:\\\/\\\/dawell.cz\\\/de\\\/#\\\/schema\\\/logo\\\/image\\\/\",\"url\":\"\",\"contentUrl\":\"\",\"caption\":\"DAWELL CZ s.r.o.\"},\"image\":{\"@id\":\"https:\\\/\\\/dawell.cz\\\/de\\\/#\\\/schema\\\/logo\\\/image\\\/\"},\"sameAs\":[\"https:\\\/\\\/www.facebook.com\\\/dawellcz\\\/\"]}]}<\/script>\n<!-- \/ Yoast SEO plugin. -->","yoast_head_json":{"title":"Frontaler Ringinduktor - DAWELL CZ","description":"Frontale einsteckbare Ringinduktoren f\u00fcr Maschinen DAWELL DHI-15 und DCI-13. Zum Erw\u00e4rmen von Muttern, Kupplungen, Dichtungen, Scharnieren, Auspuffrohren, Bolzen usw. Zum Erw\u00e4rmen von Muttern, Kupplungen, Dichtungen, Scharnieren, Auspuffrohren, Bolzen usw.","robots":{"index":"index","follow":"follow","max-snippet":"max-snippet:-1","max-image-preview":"max-image-preview:large","max-video-preview":"max-video-preview:-1"},"canonical":"https:\/\/dawell.cz\/de\/produkt-de\/runde-gerade-induktionsspule\/","og_locale":"de_DE","og_type":"article","og_title":"Frontaler Ringinduktor - DAWELL CZ","og_description":"Frontale einsteckbare Ringinduktoren f\u00fcr Maschinen DAWELL DHI-15 und DCI-13. Zum Erw\u00e4rmen von Muttern, Kupplungen, Dichtungen, Scharnieren, Auspuffrohren, Bolzen usw. Zum Erw\u00e4rmen von Muttern, Kupplungen, Dichtungen, Scharnieren, Auspuffrohren, Bolzen usw.","og_url":"https:\/\/dawell.cz\/de\/produkt-de\/runde-gerade-induktionsspule\/","og_site_name":"DAWELL CZ","article_publisher":"https:\/\/www.facebook.com\/dawellcz\/","article_modified_time":"2026-04-13T13:23:50+00:00","og_image":[{"width":1000,"height":1000,"url":"https:\/\/dawell.cz\/wp-content\/uploads\/2024\/01\/Civka-celni-prima-80-10x.webp","type":"image\/webp"}],"twitter_card":"summary_large_image","schema":{"@context":"https:\/\/schema.org","@graph":[{"@type":"WebPage","@id":"https:\/\/dawell.cz\/de\/produkt-de\/runde-gerade-induktionsspule\/","url":"https:\/\/dawell.cz\/de\/produkt-de\/runde-gerade-induktionsspule\/","name":"Frontaler Ringinduktor - DAWELL CZ","isPartOf":{"@id":"https:\/\/dawell.cz\/de\/#website"},"primaryImageOfPage":{"@id":"https:\/\/dawell.cz\/de\/produkt-de\/runde-gerade-induktionsspule\/#primaryimage"},"image":{"@id":"https:\/\/dawell.cz\/de\/produkt-de\/runde-gerade-induktionsspule\/#primaryimage"},"thumbnailUrl":"https:\/\/dawell.cz\/wp-content\/uploads\/2024\/01\/Civka-celni-prima-80-10x.webp","datePublished":"2024-01-19T10:18:57+00:00","dateModified":"2026-04-13T13:23:50+00:00","description":"Frontale einsteckbare Ringinduktoren f\u00fcr Maschinen DAWELL DHI-15 und DCI-13. Zum Erw\u00e4rmen von Muttern, Kupplungen, Dichtungen, Scharnieren, Auspuffrohren, Bolzen usw. Zum Erw\u00e4rmen von Muttern, Kupplungen, Dichtungen, Scharnieren, Auspuffrohren, Bolzen usw.","breadcrumb":{"@id":"https:\/\/dawell.cz\/de\/produkt-de\/runde-gerade-induktionsspule\/#breadcrumb"},"inLanguage":"de","potentialAction":[{"@type":"ReadAction","target":["https:\/\/dawell.cz\/de\/produkt-de\/runde-gerade-induktionsspule\/"]}]},{"@type":"ImageObject","inLanguage":"de","@id":"https:\/\/dawell.cz\/de\/produkt-de\/runde-gerade-induktionsspule\/#primaryimage","url":"https:\/\/dawell.cz\/wp-content\/uploads\/2024\/01\/Civka-celni-prima-80-10x.webp","contentUrl":"https:\/\/dawell.cz\/wp-content\/uploads\/2024\/01\/Civka-celni-prima-80-10x.webp","width":1000,"height":1000,"caption":"Frontaler Ringinduktor"},{"@type":"BreadcrumbList","@id":"https:\/\/dawell.cz\/de\/produkt-de\/runde-gerade-induktionsspule\/#breadcrumb","itemListElement":[{"@type":"ListItem","position":1,"name":"Dom\u016f","item":"https:\/\/dawell.cz\/de\/home\/"},{"@type":"ListItem","position":2,"name":"Produkte","item":"https:\/\/dawell.cz\/de\/shop\/"},{"@type":"ListItem","position":3,"name":"Frontaler Ringinduktor"}]},{"@type":"WebSite","@id":"https:\/\/dawell.cz\/de\/#website","url":"https:\/\/dawell.cz\/de\/","name":"DAWELL CZ","description":"","publisher":{"@id":"https:\/\/dawell.cz\/de\/#organization"},"alternateName":"Dawell","potentialAction":[{"@type":"SearchAction","target":{"@type":"EntryPoint","urlTemplate":"https:\/\/dawell.cz\/de\/?s={search_term_string}"},"query-input":{"@type":"PropertyValueSpecification","valueRequired":true,"valueName":"search_term_string"}}],"inLanguage":"de"},{"@type":"Organization","@id":"https:\/\/dawell.cz\/de\/#organization","name":"DAWELL CZ s.r.o.","url":"https:\/\/dawell.cz\/de\/","logo":{"@type":"ImageObject","inLanguage":"de","@id":"https:\/\/dawell.cz\/de\/#\/schema\/logo\/image\/","url":"","contentUrl":"","caption":"DAWELL CZ s.r.o."},"image":{"@id":"https:\/\/dawell.cz\/de\/#\/schema\/logo\/image\/"},"sameAs":["https:\/\/www.facebook.com\/dawellcz\/"]}]}},"_links":{"self":[{"href":"https:\/\/dawell.cz\/de\/wp-json\/wp\/v2\/product\/53417","targetHints":{"allow":["GET"]}}],"collection":[{"href":"https:\/\/dawell.cz\/de\/wp-json\/wp\/v2\/product"}],"about":[{"href":"https:\/\/dawell.cz\/de\/wp-json\/wp\/v2\/types\/product"}],"version-history":[{"count":2,"href":"https:\/\/dawell.cz\/de\/wp-json\/wp\/v2\/product\/53417\/revisions"}],"predecessor-version":[{"id":62777,"href":"https:\/\/dawell.cz\/de\/wp-json\/wp\/v2\/product\/53417\/revisions\/62777"}],"wp:featuredmedia":[{"embeddable":true,"href":"https:\/\/dawell.cz\/de\/wp-json\/wp\/v2\/media\/51360"}],"wp:attachment":[{"href":"https:\/\/dawell.cz\/de\/wp-json\/wp\/v2\/media?parent=53417"}],"wp:term":[{"taxonomy":"product_brand","embeddable":true,"href":"https:\/\/dawell.cz\/de\/wp-json\/wp\/v2\/product_brand?post=53417"},{"taxonomy":"product_cat","embeddable":true,"href":"https:\/\/dawell.cz\/de\/wp-json\/wp\/v2\/product_cat?post=53417"},{"taxonomy":"product_tag","embeddable":true,"href":"https:\/\/dawell.cz\/de\/wp-json\/wp\/v2\/product_tag?post=53417"}],"curies":[{"name":"wp","href":"https:\/\/api.w.org\/{rel}","templated":true}]}}