{"id":53411,"date":"2024-01-19T12:55:17","date_gmt":"2024-01-19T11:55:17","guid":{"rendered":"https:\/\/dawell.cz\/product\/flexi-induktionsspule-keramik\/"},"modified":"2026-04-15T16:53:22","modified_gmt":"2026-04-15T14:53:22","slug":"flexi-induktionsspule-keramik","status":"publish","type":"product","link":"https:\/\/dawell.cz\/de\/produkt-de\/flexi-induktionsspule-keramik\/","title":{"rendered":"Induktor FLEXI keramik"},"content":{"rendered":"\t\t<div data-elementor-type=\"product-post\" data-elementor-id=\"53411\" class=\"elementor elementor-53411 elementor-49674\" data-elementor-post-type=\"product\">\n\t\t\t\t<div class=\"elementor-element elementor-element-5b642429 thegem-e-con-layout-elementor e-flex e-con-boxed e-con e-parent\" data-id=\"5b642429\" data-element_type=\"container\" data-e-type=\"container\" data-settings=\"{&quot;thegem_container_layout&quot;:&quot;elementor&quot;}\">\r\n\t\t\t\t\t<div class=\"e-con-inner\">\r\n\t\t<div class=\"elementor-element elementor-element-20e08879 e-con-full thegem-e-con-layout-elementor e-flex e-con e-child\" data-id=\"20e08879\" data-element_type=\"container\" data-e-type=\"container\" data-settings=\"{&quot;background_background&quot;:&quot;classic&quot;,&quot;thegem_container_layout&quot;:&quot;elementor&quot;}\">\r\n\t\t\t\t<div class=\"elementor-element elementor-element-3710142c flex-horizontal-align-default flex-horizontal-align-tablet-default flex-horizontal-align-mobile-default flex-vertical-align-default flex-vertical-align-tablet-default flex-vertical-align-mobile-default elementor-widget elementor-widget-text-editor\" data-id=\"3710142c\" data-element_type=\"widget\" data-e-type=\"widget\" data-widget_type=\"text-editor.default\">\n\t\t\t\t<div class=\"elementor-widget-container\">\n\t\t\t\t\t\t\t\t\t\t\t\t<div class=\"elementor-text-editor elementor-clearfix\">\r\n\t\t\t\t\t\t<p>Kompatibles Ger\u00e4t DAWELL <strong><a href=\"https:\/\/dawell.cz\/de\/?attachment_id=62363\">DCI-13<\/a><\/strong> \u2022 <strong><a href=\"https:\/\/dawell.cz\/de\/produkt-de\/dhi-15\/\">DHI-15<\/a><\/strong>.<\/p>\t\t\t\t\t\t\t<\/div>\r\n\t\t\t\t\t\t\t\t\t\t<\/div>\n\t\t\t\t<\/div>\n\t\t\t\t<\/div>\n\t\t\t\t\t<\/div>\n\t\t\t\t<\/div>\n\t\t\t\t<\/div>\n\t\t","protected":false},"excerpt":{"rendered":"<p>Der flexible Induktor mit Keramikringen f\u00fcr bessere Isolierung. Er ist zum Beispiel f\u00fcr das L\u00f6sen von Achssitzen, festsitzenden Sensoren, Kugelbolzen an verschiedenen schwer zug\u00e4nglichen Stellen bestimmt, an denen es nicht m\u00f6glich ist, die geraden oder seitlichen einsteckbaren Induktoren zu benutzen.<br \/>\nDurch die Anzahl der Umdrehungen um das Teil kann die Erw\u00e4rmungsintensit\u00e4t beeinflu\u00dft werden.<br \/>\nL\u00e4nge 80 cm. <\/p>\n","protected":false},"featured_media":51356,"template":"","meta":{"inline_featured_image":false,"_wp_rev_ctl_limit":""},"product_brand":[],"product_cat":[1113,943],"product_tag":[1127,1129],"class_list":{"0":"post-53411","1":"product","2":"type-product","3":"status-publish","4":"has-post-thumbnail","6":"product_cat-induktoren-fur-dci-13-dhi-15","7":"product_cat-zubehor","8":"product_tag-dci-13","9":"product_tag-dhi-15","11":"first","12":"outofstock","13":"taxable","14":"shipping-taxable","15":"product-type-simple"},"yoast_head":"<!-- This site is optimized with the Yoast SEO plugin v27.5 - https:\/\/yoast.com\/product\/yoast-seo-wordpress\/ -->\n<title>Induktor FLEXI keramik - DAWELL CZ<\/title>\n<meta name=\"description\" content=\"Flexibler Induktor f\u00fcr den Einsatz an schwer zug\u00e4nglichen Stellen. F\u00fcr Maschinen DAWELL DHI-15 und DCI-13.\" \/>\n<meta name=\"robots\" content=\"index, follow, max-snippet:-1, max-image-preview:large, max-video-preview:-1\" \/>\n<link rel=\"canonical\" href=\"https:\/\/dawell.cz\/de\/produkt-de\/flexi-induktionsspule-keramik\/\" \/>\n<meta property=\"og:locale\" content=\"de_DE\" \/>\n<meta property=\"og:type\" content=\"article\" \/>\n<meta property=\"og:title\" content=\"Induktor FLEXI keramik - DAWELL CZ\" \/>\n<meta property=\"og:description\" content=\"Flexibler Induktor f\u00fcr den Einsatz an schwer zug\u00e4nglichen Stellen. F\u00fcr Maschinen DAWELL DHI-15 und DCI-13.\" \/>\n<meta property=\"og:url\" content=\"https:\/\/dawell.cz\/de\/produkt-de\/flexi-induktionsspule-keramik\/\" \/>\n<meta property=\"og:site_name\" content=\"DAWELL CZ\" \/>\n<meta property=\"article:publisher\" content=\"https:\/\/www.facebook.com\/dawellcz\/\" \/>\n<meta property=\"article:modified_time\" content=\"2026-04-15T14:53:22+00:00\" \/>\n<meta property=\"og:image\" content=\"https:\/\/dawell.cz\/wp-content\/uploads\/2024\/01\/Civka-flexi-keramicka-80-257-01.webp\" \/>\n\t<meta property=\"og:image:width\" content=\"1000\" \/>\n\t<meta property=\"og:image:height\" content=\"1000\" \/>\n\t<meta property=\"og:image:type\" content=\"image\/webp\" \/>\n<meta name=\"twitter:card\" content=\"summary_large_image\" \/>\n<script type=\"application\/ld+json\" class=\"yoast-schema-graph\">{\"@context\":\"https:\\\/\\\/schema.org\",\"@graph\":[{\"@type\":\"WebPage\",\"@id\":\"https:\\\/\\\/dawell.cz\\\/de\\\/produkt-de\\\/flexi-induktionsspule-keramik\\\/\",\"url\":\"https:\\\/\\\/dawell.cz\\\/de\\\/produkt-de\\\/flexi-induktionsspule-keramik\\\/\",\"name\":\"Induktor FLEXI keramik - DAWELL CZ\",\"isPartOf\":{\"@id\":\"https:\\\/\\\/dawell.cz\\\/de\\\/#website\"},\"primaryImageOfPage\":{\"@id\":\"https:\\\/\\\/dawell.cz\\\/de\\\/produkt-de\\\/flexi-induktionsspule-keramik\\\/#primaryimage\"},\"image\":{\"@id\":\"https:\\\/\\\/dawell.cz\\\/de\\\/produkt-de\\\/flexi-induktionsspule-keramik\\\/#primaryimage\"},\"thumbnailUrl\":\"https:\\\/\\\/dawell.cz\\\/wp-content\\\/uploads\\\/2024\\\/01\\\/Civka-flexi-keramicka-80-257-01.webp\",\"datePublished\":\"2024-01-19T11:55:17+00:00\",\"dateModified\":\"2026-04-15T14:53:22+00:00\",\"description\":\"Flexibler Induktor f\u00fcr den Einsatz an schwer zug\u00e4nglichen Stellen. F\u00fcr Maschinen DAWELL DHI-15 und DCI-13.\",\"breadcrumb\":{\"@id\":\"https:\\\/\\\/dawell.cz\\\/de\\\/produkt-de\\\/flexi-induktionsspule-keramik\\\/#breadcrumb\"},\"inLanguage\":\"de\",\"potentialAction\":[{\"@type\":\"ReadAction\",\"target\":[\"https:\\\/\\\/dawell.cz\\\/de\\\/produkt-de\\\/flexi-induktionsspule-keramik\\\/\"]}]},{\"@type\":\"ImageObject\",\"inLanguage\":\"de\",\"@id\":\"https:\\\/\\\/dawell.cz\\\/de\\\/produkt-de\\\/flexi-induktionsspule-keramik\\\/#primaryimage\",\"url\":\"https:\\\/\\\/dawell.cz\\\/wp-content\\\/uploads\\\/2024\\\/01\\\/Civka-flexi-keramicka-80-257-01.webp\",\"contentUrl\":\"https:\\\/\\\/dawell.cz\\\/wp-content\\\/uploads\\\/2024\\\/01\\\/Civka-flexi-keramicka-80-257-01.webp\",\"width\":1000,\"height\":1000,\"caption\":\"Induktor FLEXI keramik\"},{\"@type\":\"BreadcrumbList\",\"@id\":\"https:\\\/\\\/dawell.cz\\\/de\\\/produkt-de\\\/flexi-induktionsspule-keramik\\\/#breadcrumb\",\"itemListElement\":[{\"@type\":\"ListItem\",\"position\":1,\"name\":\"Dom\u016f\",\"item\":\"https:\\\/\\\/dawell.cz\\\/de\\\/home\\\/\"},{\"@type\":\"ListItem\",\"position\":2,\"name\":\"Produkte\",\"item\":\"https:\\\/\\\/dawell.cz\\\/de\\\/shop\\\/\"},{\"@type\":\"ListItem\",\"position\":3,\"name\":\"Induktor FLEXI keramik\"}]},{\"@type\":\"WebSite\",\"@id\":\"https:\\\/\\\/dawell.cz\\\/de\\\/#website\",\"url\":\"https:\\\/\\\/dawell.cz\\\/de\\\/\",\"name\":\"DAWELL CZ\",\"description\":\"\",\"publisher\":{\"@id\":\"https:\\\/\\\/dawell.cz\\\/de\\\/#organization\"},\"alternateName\":\"Dawell\",\"potentialAction\":[{\"@type\":\"SearchAction\",\"target\":{\"@type\":\"EntryPoint\",\"urlTemplate\":\"https:\\\/\\\/dawell.cz\\\/de\\\/?s={search_term_string}\"},\"query-input\":{\"@type\":\"PropertyValueSpecification\",\"valueRequired\":true,\"valueName\":\"search_term_string\"}}],\"inLanguage\":\"de\"},{\"@type\":\"Organization\",\"@id\":\"https:\\\/\\\/dawell.cz\\\/de\\\/#organization\",\"name\":\"DAWELL CZ s.r.o.\",\"url\":\"https:\\\/\\\/dawell.cz\\\/de\\\/\",\"logo\":{\"@type\":\"ImageObject\",\"inLanguage\":\"de\",\"@id\":\"https:\\\/\\\/dawell.cz\\\/de\\\/#\\\/schema\\\/logo\\\/image\\\/\",\"url\":\"\",\"contentUrl\":\"\",\"caption\":\"DAWELL CZ s.r.o.\"},\"image\":{\"@id\":\"https:\\\/\\\/dawell.cz\\\/de\\\/#\\\/schema\\\/logo\\\/image\\\/\"},\"sameAs\":[\"https:\\\/\\\/www.facebook.com\\\/dawellcz\\\/\"]}]}<\/script>\n<!-- \/ Yoast SEO plugin. -->","yoast_head_json":{"title":"Induktor FLEXI keramik - DAWELL CZ","description":"Flexibler Induktor f\u00fcr den Einsatz an schwer zug\u00e4nglichen Stellen. F\u00fcr Maschinen DAWELL DHI-15 und DCI-13.","robots":{"index":"index","follow":"follow","max-snippet":"max-snippet:-1","max-image-preview":"max-image-preview:large","max-video-preview":"max-video-preview:-1"},"canonical":"https:\/\/dawell.cz\/de\/produkt-de\/flexi-induktionsspule-keramik\/","og_locale":"de_DE","og_type":"article","og_title":"Induktor FLEXI keramik - DAWELL CZ","og_description":"Flexibler Induktor f\u00fcr den Einsatz an schwer zug\u00e4nglichen Stellen. F\u00fcr Maschinen DAWELL DHI-15 und DCI-13.","og_url":"https:\/\/dawell.cz\/de\/produkt-de\/flexi-induktionsspule-keramik\/","og_site_name":"DAWELL CZ","article_publisher":"https:\/\/www.facebook.com\/dawellcz\/","article_modified_time":"2026-04-15T14:53:22+00:00","og_image":[{"width":1000,"height":1000,"url":"https:\/\/dawell.cz\/wp-content\/uploads\/2024\/01\/Civka-flexi-keramicka-80-257-01.webp","type":"image\/webp"}],"twitter_card":"summary_large_image","schema":{"@context":"https:\/\/schema.org","@graph":[{"@type":"WebPage","@id":"https:\/\/dawell.cz\/de\/produkt-de\/flexi-induktionsspule-keramik\/","url":"https:\/\/dawell.cz\/de\/produkt-de\/flexi-induktionsspule-keramik\/","name":"Induktor FLEXI keramik - DAWELL CZ","isPartOf":{"@id":"https:\/\/dawell.cz\/de\/#website"},"primaryImageOfPage":{"@id":"https:\/\/dawell.cz\/de\/produkt-de\/flexi-induktionsspule-keramik\/#primaryimage"},"image":{"@id":"https:\/\/dawell.cz\/de\/produkt-de\/flexi-induktionsspule-keramik\/#primaryimage"},"thumbnailUrl":"https:\/\/dawell.cz\/wp-content\/uploads\/2024\/01\/Civka-flexi-keramicka-80-257-01.webp","datePublished":"2024-01-19T11:55:17+00:00","dateModified":"2026-04-15T14:53:22+00:00","description":"Flexibler Induktor f\u00fcr den Einsatz an schwer zug\u00e4nglichen Stellen. F\u00fcr Maschinen DAWELL DHI-15 und DCI-13.","breadcrumb":{"@id":"https:\/\/dawell.cz\/de\/produkt-de\/flexi-induktionsspule-keramik\/#breadcrumb"},"inLanguage":"de","potentialAction":[{"@type":"ReadAction","target":["https:\/\/dawell.cz\/de\/produkt-de\/flexi-induktionsspule-keramik\/"]}]},{"@type":"ImageObject","inLanguage":"de","@id":"https:\/\/dawell.cz\/de\/produkt-de\/flexi-induktionsspule-keramik\/#primaryimage","url":"https:\/\/dawell.cz\/wp-content\/uploads\/2024\/01\/Civka-flexi-keramicka-80-257-01.webp","contentUrl":"https:\/\/dawell.cz\/wp-content\/uploads\/2024\/01\/Civka-flexi-keramicka-80-257-01.webp","width":1000,"height":1000,"caption":"Induktor FLEXI keramik"},{"@type":"BreadcrumbList","@id":"https:\/\/dawell.cz\/de\/produkt-de\/flexi-induktionsspule-keramik\/#breadcrumb","itemListElement":[{"@type":"ListItem","position":1,"name":"Dom\u016f","item":"https:\/\/dawell.cz\/de\/home\/"},{"@type":"ListItem","position":2,"name":"Produkte","item":"https:\/\/dawell.cz\/de\/shop\/"},{"@type":"ListItem","position":3,"name":"Induktor FLEXI keramik"}]},{"@type":"WebSite","@id":"https:\/\/dawell.cz\/de\/#website","url":"https:\/\/dawell.cz\/de\/","name":"DAWELL CZ","description":"","publisher":{"@id":"https:\/\/dawell.cz\/de\/#organization"},"alternateName":"Dawell","potentialAction":[{"@type":"SearchAction","target":{"@type":"EntryPoint","urlTemplate":"https:\/\/dawell.cz\/de\/?s={search_term_string}"},"query-input":{"@type":"PropertyValueSpecification","valueRequired":true,"valueName":"search_term_string"}}],"inLanguage":"de"},{"@type":"Organization","@id":"https:\/\/dawell.cz\/de\/#organization","name":"DAWELL CZ s.r.o.","url":"https:\/\/dawell.cz\/de\/","logo":{"@type":"ImageObject","inLanguage":"de","@id":"https:\/\/dawell.cz\/de\/#\/schema\/logo\/image\/","url":"","contentUrl":"","caption":"DAWELL CZ s.r.o."},"image":{"@id":"https:\/\/dawell.cz\/de\/#\/schema\/logo\/image\/"},"sameAs":["https:\/\/www.facebook.com\/dawellcz\/"]}]}},"_links":{"self":[{"href":"https:\/\/dawell.cz\/de\/wp-json\/wp\/v2\/product\/53411","targetHints":{"allow":["GET"]}}],"collection":[{"href":"https:\/\/dawell.cz\/de\/wp-json\/wp\/v2\/product"}],"about":[{"href":"https:\/\/dawell.cz\/de\/wp-json\/wp\/v2\/types\/product"}],"version-history":[{"count":2,"href":"https:\/\/dawell.cz\/de\/wp-json\/wp\/v2\/product\/53411\/revisions"}],"predecessor-version":[{"id":62796,"href":"https:\/\/dawell.cz\/de\/wp-json\/wp\/v2\/product\/53411\/revisions\/62796"}],"wp:featuredmedia":[{"embeddable":true,"href":"https:\/\/dawell.cz\/de\/wp-json\/wp\/v2\/media\/51356"}],"wp:attachment":[{"href":"https:\/\/dawell.cz\/de\/wp-json\/wp\/v2\/media?parent=53411"}],"wp:term":[{"taxonomy":"product_brand","embeddable":true,"href":"https:\/\/dawell.cz\/de\/wp-json\/wp\/v2\/product_brand?post=53411"},{"taxonomy":"product_cat","embeddable":true,"href":"https:\/\/dawell.cz\/de\/wp-json\/wp\/v2\/product_cat?post=53411"},{"taxonomy":"product_tag","embeddable":true,"href":"https:\/\/dawell.cz\/de\/wp-json\/wp\/v2\/product_tag?post=53411"}],"curies":[{"name":"wp","href":"https:\/\/api.w.org\/{rel}","templated":true}]}}