{"id":53409,"date":"2024-01-19T13:38:05","date_gmt":"2024-01-19T12:38:05","guid":{"rendered":"https:\/\/dawell.cz\/product\/fokussierspule-fuer-dhi-15\/"},"modified":"2026-04-15T16:53:10","modified_gmt":"2026-04-15T14:53:10","slug":"fokussierspule-fuer-dhi-15","status":"publish","type":"product","link":"https:\/\/dawell.cz\/de\/produkt-de\/fokussierspule-fuer-dhi-15\/","title":{"rendered":"Fokussierinduktor f\u00fcr DHI-15"},"content":{"rendered":"\t\t<div data-elementor-type=\"product-post\" data-elementor-id=\"53409\" class=\"elementor elementor-53409 elementor-49682\" data-elementor-post-type=\"product\">\n\t\t\t\t<div class=\"elementor-element elementor-element-7701581 thegem-e-con-layout-elementor e-flex e-con-boxed e-con e-parent\" data-id=\"7701581\" data-element_type=\"container\" data-e-type=\"container\" data-settings=\"{&quot;thegem_container_layout&quot;:&quot;elementor&quot;}\">\r\n\t\t\t\t\t<div class=\"e-con-inner\">\r\n\t\t\t\t<div class=\"elementor-element elementor-element-32b471a flex-horizontal-align-default flex-horizontal-align-tablet-default flex-horizontal-align-mobile-default flex-vertical-align-default flex-vertical-align-tablet-default flex-vertical-align-mobile-default elementor-widget elementor-widget-text-editor\" data-id=\"32b471a\" data-element_type=\"widget\" data-e-type=\"widget\" data-widget_type=\"text-editor.default\">\n\t\t\t\t<div class=\"elementor-widget-container\">\n\t\t\t\t\t\t\t\t\t\t\t\t<div class=\"elementor-text-editor elementor-clearfix\">\r\n\t\t\t\t\t\t<p>Kompatible Ger\u00e4te DAWELL <a href=\"https:\/\/dawell.cz\/de\/produkt-de\/dhi-15\/\">DHI-15<\/a>.<\/p>\t\t\t\t\t\t\t<\/div>\r\n\t\t\t\t\t\t\t\t\t\t<\/div>\n\t\t\t\t<\/div>\n\t\t\t\t\t<\/div>\n\t\t\t\t<\/div>\n\t\t\t\t<\/div>\n\t\t","protected":false},"excerpt":{"rendered":"<p>Fokussierinduktor mit einem Ferritkern f\u00fcr die intensive Erw\u00e4rmung des Materials auf kleinen Fl\u00e4chen. Besonders geeignet f\u00fcr die Erw\u00e4rmung flacher Materialien durch Anbringung.<br \/>\nL\u00e4nge 220 mm.<\/p>\n","protected":false},"featured_media":51354,"template":"","meta":{"inline_featured_image":false,"_wp_rev_ctl_limit":""},"product_brand":[],"product_cat":[1113,943],"product_tag":[1129],"class_list":{"0":"post-53409","1":"product","2":"type-product","3":"status-publish","4":"has-post-thumbnail","6":"product_cat-induktoren-fur-dci-13-dhi-15","7":"product_cat-zubehor","8":"product_tag-dhi-15","10":"first","11":"outofstock","12":"taxable","13":"shipping-taxable","14":"product-type-simple"},"yoast_head":"<!-- This site is optimized with the Yoast SEO plugin v27.5 - https:\/\/yoast.com\/product\/yoast-seo-wordpress\/ -->\n<title>Fokussierinduktor f\u00fcr DHI-15 - DAWELL CZ<\/title>\n<meta name=\"description\" content=\"Fokussierinduktor mit einem Ferritkern f\u00fcr DAWELL DHI-15.\" \/>\n<meta name=\"robots\" content=\"index, follow, max-snippet:-1, max-image-preview:large, max-video-preview:-1\" \/>\n<link rel=\"canonical\" href=\"https:\/\/dawell.cz\/de\/produkt-de\/fokussierspule-fuer-dhi-15\/\" \/>\n<meta property=\"og:locale\" content=\"de_DE\" \/>\n<meta property=\"og:type\" content=\"article\" \/>\n<meta property=\"og:title\" content=\"Fokussierinduktor f\u00fcr DHI-15 - DAWELL CZ\" \/>\n<meta property=\"og:description\" content=\"Fokussierinduktor mit einem Ferritkern f\u00fcr DAWELL DHI-15.\" \/>\n<meta property=\"og:url\" content=\"https:\/\/dawell.cz\/de\/produkt-de\/fokussierspule-fuer-dhi-15\/\" \/>\n<meta property=\"og:site_name\" content=\"DAWELL CZ\" \/>\n<meta property=\"article:publisher\" content=\"https:\/\/www.facebook.com\/dawellcz\/\" \/>\n<meta property=\"article:modified_time\" content=\"2026-04-15T14:53:10+00:00\" \/>\n<meta property=\"og:image\" content=\"https:\/\/dawell.cz\/wp-content\/uploads\/2024\/01\/Civka-fokus-bila-80-251.webp\" \/>\n\t<meta property=\"og:image:width\" content=\"1000\" \/>\n\t<meta property=\"og:image:height\" content=\"1000\" \/>\n\t<meta property=\"og:image:type\" content=\"image\/webp\" \/>\n<meta name=\"twitter:card\" content=\"summary_large_image\" \/>\n<script type=\"application\/ld+json\" class=\"yoast-schema-graph\">{\"@context\":\"https:\\\/\\\/schema.org\",\"@graph\":[{\"@type\":\"WebPage\",\"@id\":\"https:\\\/\\\/dawell.cz\\\/de\\\/produkt-de\\\/fokussierspule-fuer-dhi-15\\\/\",\"url\":\"https:\\\/\\\/dawell.cz\\\/de\\\/produkt-de\\\/fokussierspule-fuer-dhi-15\\\/\",\"name\":\"Fokussierinduktor f\u00fcr DHI-15 - DAWELL CZ\",\"isPartOf\":{\"@id\":\"https:\\\/\\\/dawell.cz\\\/de\\\/#website\"},\"primaryImageOfPage\":{\"@id\":\"https:\\\/\\\/dawell.cz\\\/de\\\/produkt-de\\\/fokussierspule-fuer-dhi-15\\\/#primaryimage\"},\"image\":{\"@id\":\"https:\\\/\\\/dawell.cz\\\/de\\\/produkt-de\\\/fokussierspule-fuer-dhi-15\\\/#primaryimage\"},\"thumbnailUrl\":\"https:\\\/\\\/dawell.cz\\\/wp-content\\\/uploads\\\/2024\\\/01\\\/Civka-fokus-bila-80-251.webp\",\"datePublished\":\"2024-01-19T12:38:05+00:00\",\"dateModified\":\"2026-04-15T14:53:10+00:00\",\"description\":\"Fokussierinduktor mit einem Ferritkern f\u00fcr DAWELL DHI-15.\",\"breadcrumb\":{\"@id\":\"https:\\\/\\\/dawell.cz\\\/de\\\/produkt-de\\\/fokussierspule-fuer-dhi-15\\\/#breadcrumb\"},\"inLanguage\":\"de\",\"potentialAction\":[{\"@type\":\"ReadAction\",\"target\":[\"https:\\\/\\\/dawell.cz\\\/de\\\/produkt-de\\\/fokussierspule-fuer-dhi-15\\\/\"]}]},{\"@type\":\"ImageObject\",\"inLanguage\":\"de\",\"@id\":\"https:\\\/\\\/dawell.cz\\\/de\\\/produkt-de\\\/fokussierspule-fuer-dhi-15\\\/#primaryimage\",\"url\":\"https:\\\/\\\/dawell.cz\\\/wp-content\\\/uploads\\\/2024\\\/01\\\/Civka-fokus-bila-80-251.webp\",\"contentUrl\":\"https:\\\/\\\/dawell.cz\\\/wp-content\\\/uploads\\\/2024\\\/01\\\/Civka-fokus-bila-80-251.webp\",\"width\":1000,\"height\":1000,\"caption\":\"Fokussierinduktor\"},{\"@type\":\"BreadcrumbList\",\"@id\":\"https:\\\/\\\/dawell.cz\\\/de\\\/produkt-de\\\/fokussierspule-fuer-dhi-15\\\/#breadcrumb\",\"itemListElement\":[{\"@type\":\"ListItem\",\"position\":1,\"name\":\"Dom\u016f\",\"item\":\"https:\\\/\\\/dawell.cz\\\/de\\\/home\\\/\"},{\"@type\":\"ListItem\",\"position\":2,\"name\":\"Produkte\",\"item\":\"https:\\\/\\\/dawell.cz\\\/de\\\/shop\\\/\"},{\"@type\":\"ListItem\",\"position\":3,\"name\":\"Fokussierinduktor f\u00fcr DHI-15\"}]},{\"@type\":\"WebSite\",\"@id\":\"https:\\\/\\\/dawell.cz\\\/de\\\/#website\",\"url\":\"https:\\\/\\\/dawell.cz\\\/de\\\/\",\"name\":\"DAWELL CZ\",\"description\":\"\",\"publisher\":{\"@id\":\"https:\\\/\\\/dawell.cz\\\/de\\\/#organization\"},\"alternateName\":\"Dawell\",\"potentialAction\":[{\"@type\":\"SearchAction\",\"target\":{\"@type\":\"EntryPoint\",\"urlTemplate\":\"https:\\\/\\\/dawell.cz\\\/de\\\/?s={search_term_string}\"},\"query-input\":{\"@type\":\"PropertyValueSpecification\",\"valueRequired\":true,\"valueName\":\"search_term_string\"}}],\"inLanguage\":\"de\"},{\"@type\":\"Organization\",\"@id\":\"https:\\\/\\\/dawell.cz\\\/de\\\/#organization\",\"name\":\"DAWELL CZ s.r.o.\",\"url\":\"https:\\\/\\\/dawell.cz\\\/de\\\/\",\"logo\":{\"@type\":\"ImageObject\",\"inLanguage\":\"de\",\"@id\":\"https:\\\/\\\/dawell.cz\\\/de\\\/#\\\/schema\\\/logo\\\/image\\\/\",\"url\":\"\",\"contentUrl\":\"\",\"caption\":\"DAWELL CZ s.r.o.\"},\"image\":{\"@id\":\"https:\\\/\\\/dawell.cz\\\/de\\\/#\\\/schema\\\/logo\\\/image\\\/\"},\"sameAs\":[\"https:\\\/\\\/www.facebook.com\\\/dawellcz\\\/\"]}]}<\/script>\n<!-- \/ Yoast SEO plugin. -->","yoast_head_json":{"title":"Fokussierinduktor f\u00fcr DHI-15 - DAWELL CZ","description":"Fokussierinduktor mit einem Ferritkern f\u00fcr DAWELL DHI-15.","robots":{"index":"index","follow":"follow","max-snippet":"max-snippet:-1","max-image-preview":"max-image-preview:large","max-video-preview":"max-video-preview:-1"},"canonical":"https:\/\/dawell.cz\/de\/produkt-de\/fokussierspule-fuer-dhi-15\/","og_locale":"de_DE","og_type":"article","og_title":"Fokussierinduktor f\u00fcr DHI-15 - DAWELL CZ","og_description":"Fokussierinduktor mit einem Ferritkern f\u00fcr DAWELL DHI-15.","og_url":"https:\/\/dawell.cz\/de\/produkt-de\/fokussierspule-fuer-dhi-15\/","og_site_name":"DAWELL CZ","article_publisher":"https:\/\/www.facebook.com\/dawellcz\/","article_modified_time":"2026-04-15T14:53:10+00:00","og_image":[{"width":1000,"height":1000,"url":"https:\/\/dawell.cz\/wp-content\/uploads\/2024\/01\/Civka-fokus-bila-80-251.webp","type":"image\/webp"}],"twitter_card":"summary_large_image","schema":{"@context":"https:\/\/schema.org","@graph":[{"@type":"WebPage","@id":"https:\/\/dawell.cz\/de\/produkt-de\/fokussierspule-fuer-dhi-15\/","url":"https:\/\/dawell.cz\/de\/produkt-de\/fokussierspule-fuer-dhi-15\/","name":"Fokussierinduktor f\u00fcr DHI-15 - DAWELL CZ","isPartOf":{"@id":"https:\/\/dawell.cz\/de\/#website"},"primaryImageOfPage":{"@id":"https:\/\/dawell.cz\/de\/produkt-de\/fokussierspule-fuer-dhi-15\/#primaryimage"},"image":{"@id":"https:\/\/dawell.cz\/de\/produkt-de\/fokussierspule-fuer-dhi-15\/#primaryimage"},"thumbnailUrl":"https:\/\/dawell.cz\/wp-content\/uploads\/2024\/01\/Civka-fokus-bila-80-251.webp","datePublished":"2024-01-19T12:38:05+00:00","dateModified":"2026-04-15T14:53:10+00:00","description":"Fokussierinduktor mit einem Ferritkern f\u00fcr DAWELL DHI-15.","breadcrumb":{"@id":"https:\/\/dawell.cz\/de\/produkt-de\/fokussierspule-fuer-dhi-15\/#breadcrumb"},"inLanguage":"de","potentialAction":[{"@type":"ReadAction","target":["https:\/\/dawell.cz\/de\/produkt-de\/fokussierspule-fuer-dhi-15\/"]}]},{"@type":"ImageObject","inLanguage":"de","@id":"https:\/\/dawell.cz\/de\/produkt-de\/fokussierspule-fuer-dhi-15\/#primaryimage","url":"https:\/\/dawell.cz\/wp-content\/uploads\/2024\/01\/Civka-fokus-bila-80-251.webp","contentUrl":"https:\/\/dawell.cz\/wp-content\/uploads\/2024\/01\/Civka-fokus-bila-80-251.webp","width":1000,"height":1000,"caption":"Fokussierinduktor"},{"@type":"BreadcrumbList","@id":"https:\/\/dawell.cz\/de\/produkt-de\/fokussierspule-fuer-dhi-15\/#breadcrumb","itemListElement":[{"@type":"ListItem","position":1,"name":"Dom\u016f","item":"https:\/\/dawell.cz\/de\/home\/"},{"@type":"ListItem","position":2,"name":"Produkte","item":"https:\/\/dawell.cz\/de\/shop\/"},{"@type":"ListItem","position":3,"name":"Fokussierinduktor f\u00fcr DHI-15"}]},{"@type":"WebSite","@id":"https:\/\/dawell.cz\/de\/#website","url":"https:\/\/dawell.cz\/de\/","name":"DAWELL CZ","description":"","publisher":{"@id":"https:\/\/dawell.cz\/de\/#organization"},"alternateName":"Dawell","potentialAction":[{"@type":"SearchAction","target":{"@type":"EntryPoint","urlTemplate":"https:\/\/dawell.cz\/de\/?s={search_term_string}"},"query-input":{"@type":"PropertyValueSpecification","valueRequired":true,"valueName":"search_term_string"}}],"inLanguage":"de"},{"@type":"Organization","@id":"https:\/\/dawell.cz\/de\/#organization","name":"DAWELL CZ s.r.o.","url":"https:\/\/dawell.cz\/de\/","logo":{"@type":"ImageObject","inLanguage":"de","@id":"https:\/\/dawell.cz\/de\/#\/schema\/logo\/image\/","url":"","contentUrl":"","caption":"DAWELL CZ s.r.o."},"image":{"@id":"https:\/\/dawell.cz\/de\/#\/schema\/logo\/image\/"},"sameAs":["https:\/\/www.facebook.com\/dawellcz\/"]}]}},"_links":{"self":[{"href":"https:\/\/dawell.cz\/de\/wp-json\/wp\/v2\/product\/53409","targetHints":{"allow":["GET"]}}],"collection":[{"href":"https:\/\/dawell.cz\/de\/wp-json\/wp\/v2\/product"}],"about":[{"href":"https:\/\/dawell.cz\/de\/wp-json\/wp\/v2\/types\/product"}],"version-history":[{"count":2,"href":"https:\/\/dawell.cz\/de\/wp-json\/wp\/v2\/product\/53409\/revisions"}],"predecessor-version":[{"id":62750,"href":"https:\/\/dawell.cz\/de\/wp-json\/wp\/v2\/product\/53409\/revisions\/62750"}],"wp:featuredmedia":[{"embeddable":true,"href":"https:\/\/dawell.cz\/de\/wp-json\/wp\/v2\/media\/51354"}],"wp:attachment":[{"href":"https:\/\/dawell.cz\/de\/wp-json\/wp\/v2\/media?parent=53409"}],"wp:term":[{"taxonomy":"product_brand","embeddable":true,"href":"https:\/\/dawell.cz\/de\/wp-json\/wp\/v2\/product_brand?post=53409"},{"taxonomy":"product_cat","embeddable":true,"href":"https:\/\/dawell.cz\/de\/wp-json\/wp\/v2\/product_cat?post=53409"},{"taxonomy":"product_tag","embeddable":true,"href":"https:\/\/dawell.cz\/de\/wp-json\/wp\/v2\/product_tag?post=53409"}],"curies":[{"name":"wp","href":"https:\/\/api.w.org\/{rel}","templated":true}]}}