{"id":53337,"date":"2024-03-14T14:18:10","date_gmt":"2024-03-14T13:18:10","guid":{"rendered":"https:\/\/dawell.cz\/product\/fokussierspule-rund-fuer-dhi-190f-hd\/"},"modified":"2026-04-05T17:27:32","modified_gmt":"2026-04-05T15:27:32","slug":"fokussierspule-rund-fuer-dhi-190f-hd","status":"publish","type":"product","link":"https:\/\/dawell.cz\/de\/produkt-de\/fokussierspule-rund-fuer-dhi-190f-hd\/","title":{"rendered":"Fokussierinduktor kreisf\u00f6rmiger f\u00fcr DHI-160\/190"},"content":{"rendered":"\t\t<div data-elementor-type=\"product-post\" data-elementor-id=\"53337\" class=\"elementor elementor-53337 elementor-50727\" data-elementor-post-type=\"product\">\n\t\t\t\t<div class=\"elementor-element elementor-element-4ec285f thegem-e-con-layout-elementor e-flex e-con-boxed e-con e-parent\" data-id=\"4ec285f\" data-element_type=\"container\" data-e-type=\"container\" data-settings=\"{&quot;thegem_container_layout&quot;:&quot;elementor&quot;}\">\r\n\t\t\t\t\t<div class=\"e-con-inner\">\r\n\t\t\t\t<div class=\"elementor-element elementor-element-989d67f flex-horizontal-align-default flex-horizontal-align-tablet-default flex-horizontal-align-mobile-default flex-vertical-align-default flex-vertical-align-tablet-default flex-vertical-align-mobile-default elementor-widget elementor-widget-text-editor\" data-id=\"989d67f\" data-element_type=\"widget\" data-e-type=\"widget\" data-widget_type=\"text-editor.default\">\n\t\t\t\t<div class=\"elementor-widget-container\">\n\t\t\t\t\t\t\t\t\t\t\t\t<div class=\"elementor-text-editor elementor-clearfix\">\r\n\t\t\t\t\t\t<p>Kompatibles Dawell-Ger\u00e4te <strong><a href=\"https:\/\/dawell.cz\/de\/produkt-de\/dhi-160e\/\">DHI-160E<\/a> \u2022 <a href=\"https:\/\/dawell.cz\/de\/produkt-de\/dhi-190f-hd-kopirovat-3\/\">DHI-160F HD<\/a> \u2022 <a href=\"https:\/\/dawell.cz\/de\/produkt-de\/dhi-190e\/\">DHI-190E<\/a> \u2022 <a href=\"https:\/\/dawell.cz\/de\/produkt-de\/dhi-190f-hd\/\">DHI-190F HD<\/a><\/strong>.<\/p>\t\t\t\t\t\t\t<\/div>\r\n\t\t\t\t\t\t\t\t\t\t<\/div>\n\t\t\t\t<\/div>\n\t\t\t\t\t<\/div>\n\t\t\t\t<\/div>\n\t\t\t\t<\/div>\n\t\t","protected":false},"excerpt":{"rendered":"<p>Fl\u00fcssigkeitsgek\u00fchlter kreisf\u00f6rmiger Fokussierungsinduktor.<br \/>\nFerrit Durchmesser 38 mm.<\/p>\n","protected":false},"featured_media":51412,"template":"","meta":{"inline_featured_image":false,"_wp_rev_ctl_limit":""},"product_brand":[],"product_cat":[1123,943],"product_tag":[1147,1149,1155,1156],"class_list":{"0":"post-53337","1":"product","2":"type-product","3":"status-publish","4":"has-post-thumbnail","6":"product_cat-induktoren-fur-dhi-160-dhi-190","7":"product_cat-zubehor","8":"product_tag-dhi-160e","9":"product_tag-dhi-160f-hd","10":"product_tag-dhi-190e","11":"product_tag-dhi-190f-hd","13":"first","14":"outofstock","15":"taxable","16":"shipping-taxable","17":"product-type-simple"},"yoast_head":"<!-- This site is optimized with the Yoast SEO plugin v27.5 - https:\/\/yoast.com\/product\/yoast-seo-wordpress\/ -->\n<title>Fokussierinduktor kreisf\u00f6rmiger f\u00fcr DHI-160\/190 - DAWELL CZ<\/title>\n<meta name=\"description\" content=\"Kreisf\u00f6rmiger frontalen fl\u00fcssigkeitsgek\u00fchlter Fokussierinduktor f\u00fcr Maschinen DAWELL DHI-160 \/ 190. Ferrit Durchmesser 38 mm.\" \/>\n<meta name=\"robots\" content=\"index, follow, max-snippet:-1, max-image-preview:large, max-video-preview:-1\" \/>\n<link rel=\"canonical\" href=\"https:\/\/dawell.cz\/de\/produkt-de\/fokussierspule-rund-fuer-dhi-190f-hd\/\" \/>\n<meta property=\"og:locale\" content=\"de_DE\" \/>\n<meta property=\"og:type\" content=\"article\" \/>\n<meta property=\"og:title\" content=\"Fokussierinduktor kreisf\u00f6rmiger f\u00fcr DHI-160\/190 - DAWELL CZ\" \/>\n<meta property=\"og:description\" content=\"Kreisf\u00f6rmiger frontalen fl\u00fcssigkeitsgek\u00fchlter Fokussierinduktor f\u00fcr Maschinen DAWELL DHI-160 \/ 190. Ferrit Durchmesser 38 mm.\" \/>\n<meta property=\"og:url\" content=\"https:\/\/dawell.cz\/de\/produkt-de\/fokussierspule-rund-fuer-dhi-190f-hd\/\" \/>\n<meta property=\"og:site_name\" content=\"DAWELL CZ\" \/>\n<meta property=\"article:publisher\" content=\"https:\/\/www.facebook.com\/dawellcz\/\" \/>\n<meta property=\"article:modified_time\" content=\"2026-04-05T15:27:32+00:00\" \/>\n<meta property=\"og:image\" content=\"https:\/\/dawell.cz\/wp-content\/uploads\/2024\/03\/Fokus-civka-kruhova-DHI-190-12-102-01.webp\" \/>\n\t<meta property=\"og:image:width\" content=\"1000\" \/>\n\t<meta property=\"og:image:height\" content=\"1000\" \/>\n\t<meta property=\"og:image:type\" content=\"image\/webp\" \/>\n<meta name=\"twitter:card\" content=\"summary_large_image\" \/>\n<script type=\"application\/ld+json\" class=\"yoast-schema-graph\">{\"@context\":\"https:\\\/\\\/schema.org\",\"@graph\":[{\"@type\":\"WebPage\",\"@id\":\"https:\\\/\\\/dawell.cz\\\/de\\\/produkt-de\\\/fokussierspule-rund-fuer-dhi-190f-hd\\\/\",\"url\":\"https:\\\/\\\/dawell.cz\\\/de\\\/produkt-de\\\/fokussierspule-rund-fuer-dhi-190f-hd\\\/\",\"name\":\"Fokussierinduktor kreisf\u00f6rmiger f\u00fcr DHI-160\\\/190 - DAWELL CZ\",\"isPartOf\":{\"@id\":\"https:\\\/\\\/dawell.cz\\\/de\\\/#website\"},\"primaryImageOfPage\":{\"@id\":\"https:\\\/\\\/dawell.cz\\\/de\\\/produkt-de\\\/fokussierspule-rund-fuer-dhi-190f-hd\\\/#primaryimage\"},\"image\":{\"@id\":\"https:\\\/\\\/dawell.cz\\\/de\\\/produkt-de\\\/fokussierspule-rund-fuer-dhi-190f-hd\\\/#primaryimage\"},\"thumbnailUrl\":\"https:\\\/\\\/dawell.cz\\\/wp-content\\\/uploads\\\/2024\\\/03\\\/Fokus-civka-kruhova-DHI-190-12-102-01.webp\",\"datePublished\":\"2024-03-14T13:18:10+00:00\",\"dateModified\":\"2026-04-05T15:27:32+00:00\",\"description\":\"Kreisf\u00f6rmiger frontalen fl\u00fcssigkeitsgek\u00fchlter Fokussierinduktor f\u00fcr Maschinen DAWELL DHI-160 \\\/ 190. Ferrit Durchmesser 38 mm.\",\"breadcrumb\":{\"@id\":\"https:\\\/\\\/dawell.cz\\\/de\\\/produkt-de\\\/fokussierspule-rund-fuer-dhi-190f-hd\\\/#breadcrumb\"},\"inLanguage\":\"de\",\"potentialAction\":[{\"@type\":\"ReadAction\",\"target\":[\"https:\\\/\\\/dawell.cz\\\/de\\\/produkt-de\\\/fokussierspule-rund-fuer-dhi-190f-hd\\\/\"]}]},{\"@type\":\"ImageObject\",\"inLanguage\":\"de\",\"@id\":\"https:\\\/\\\/dawell.cz\\\/de\\\/produkt-de\\\/fokussierspule-rund-fuer-dhi-190f-hd\\\/#primaryimage\",\"url\":\"https:\\\/\\\/dawell.cz\\\/wp-content\\\/uploads\\\/2024\\\/03\\\/Fokus-civka-kruhova-DHI-190-12-102-01.webp\",\"contentUrl\":\"https:\\\/\\\/dawell.cz\\\/wp-content\\\/uploads\\\/2024\\\/03\\\/Fokus-civka-kruhova-DHI-190-12-102-01.webp\",\"width\":1000,\"height\":1000,\"caption\":\"Fokussierinduktor kreisf\u00f6rmiger\"},{\"@type\":\"BreadcrumbList\",\"@id\":\"https:\\\/\\\/dawell.cz\\\/de\\\/produkt-de\\\/fokussierspule-rund-fuer-dhi-190f-hd\\\/#breadcrumb\",\"itemListElement\":[{\"@type\":\"ListItem\",\"position\":1,\"name\":\"Dom\u016f\",\"item\":\"https:\\\/\\\/dawell.cz\\\/de\\\/home\\\/\"},{\"@type\":\"ListItem\",\"position\":2,\"name\":\"Produkte\",\"item\":\"https:\\\/\\\/dawell.cz\\\/de\\\/shop\\\/\"},{\"@type\":\"ListItem\",\"position\":3,\"name\":\"Fokussierinduktor kreisf\u00f6rmiger f\u00fcr DHI-160\\\/190\"}]},{\"@type\":\"WebSite\",\"@id\":\"https:\\\/\\\/dawell.cz\\\/de\\\/#website\",\"url\":\"https:\\\/\\\/dawell.cz\\\/de\\\/\",\"name\":\"DAWELL CZ\",\"description\":\"\",\"publisher\":{\"@id\":\"https:\\\/\\\/dawell.cz\\\/de\\\/#organization\"},\"alternateName\":\"Dawell\",\"potentialAction\":[{\"@type\":\"SearchAction\",\"target\":{\"@type\":\"EntryPoint\",\"urlTemplate\":\"https:\\\/\\\/dawell.cz\\\/de\\\/?s={search_term_string}\"},\"query-input\":{\"@type\":\"PropertyValueSpecification\",\"valueRequired\":true,\"valueName\":\"search_term_string\"}}],\"inLanguage\":\"de\"},{\"@type\":\"Organization\",\"@id\":\"https:\\\/\\\/dawell.cz\\\/de\\\/#organization\",\"name\":\"DAWELL CZ s.r.o.\",\"url\":\"https:\\\/\\\/dawell.cz\\\/de\\\/\",\"logo\":{\"@type\":\"ImageObject\",\"inLanguage\":\"de\",\"@id\":\"https:\\\/\\\/dawell.cz\\\/de\\\/#\\\/schema\\\/logo\\\/image\\\/\",\"url\":\"\",\"contentUrl\":\"\",\"caption\":\"DAWELL CZ s.r.o.\"},\"image\":{\"@id\":\"https:\\\/\\\/dawell.cz\\\/de\\\/#\\\/schema\\\/logo\\\/image\\\/\"},\"sameAs\":[\"https:\\\/\\\/www.facebook.com\\\/dawellcz\\\/\"]}]}<\/script>\n<!-- \/ Yoast SEO plugin. -->","yoast_head_json":{"title":"Fokussierinduktor kreisf\u00f6rmiger f\u00fcr DHI-160\/190 - DAWELL CZ","description":"Kreisf\u00f6rmiger frontalen fl\u00fcssigkeitsgek\u00fchlter Fokussierinduktor f\u00fcr Maschinen DAWELL DHI-160 \/ 190. Ferrit Durchmesser 38 mm.","robots":{"index":"index","follow":"follow","max-snippet":"max-snippet:-1","max-image-preview":"max-image-preview:large","max-video-preview":"max-video-preview:-1"},"canonical":"https:\/\/dawell.cz\/de\/produkt-de\/fokussierspule-rund-fuer-dhi-190f-hd\/","og_locale":"de_DE","og_type":"article","og_title":"Fokussierinduktor kreisf\u00f6rmiger f\u00fcr DHI-160\/190 - DAWELL CZ","og_description":"Kreisf\u00f6rmiger frontalen fl\u00fcssigkeitsgek\u00fchlter Fokussierinduktor f\u00fcr Maschinen DAWELL DHI-160 \/ 190. Ferrit Durchmesser 38 mm.","og_url":"https:\/\/dawell.cz\/de\/produkt-de\/fokussierspule-rund-fuer-dhi-190f-hd\/","og_site_name":"DAWELL CZ","article_publisher":"https:\/\/www.facebook.com\/dawellcz\/","article_modified_time":"2026-04-05T15:27:32+00:00","og_image":[{"width":1000,"height":1000,"url":"https:\/\/dawell.cz\/wp-content\/uploads\/2024\/03\/Fokus-civka-kruhova-DHI-190-12-102-01.webp","type":"image\/webp"}],"twitter_card":"summary_large_image","schema":{"@context":"https:\/\/schema.org","@graph":[{"@type":"WebPage","@id":"https:\/\/dawell.cz\/de\/produkt-de\/fokussierspule-rund-fuer-dhi-190f-hd\/","url":"https:\/\/dawell.cz\/de\/produkt-de\/fokussierspule-rund-fuer-dhi-190f-hd\/","name":"Fokussierinduktor kreisf\u00f6rmiger f\u00fcr DHI-160\/190 - DAWELL CZ","isPartOf":{"@id":"https:\/\/dawell.cz\/de\/#website"},"primaryImageOfPage":{"@id":"https:\/\/dawell.cz\/de\/produkt-de\/fokussierspule-rund-fuer-dhi-190f-hd\/#primaryimage"},"image":{"@id":"https:\/\/dawell.cz\/de\/produkt-de\/fokussierspule-rund-fuer-dhi-190f-hd\/#primaryimage"},"thumbnailUrl":"https:\/\/dawell.cz\/wp-content\/uploads\/2024\/03\/Fokus-civka-kruhova-DHI-190-12-102-01.webp","datePublished":"2024-03-14T13:18:10+00:00","dateModified":"2026-04-05T15:27:32+00:00","description":"Kreisf\u00f6rmiger frontalen fl\u00fcssigkeitsgek\u00fchlter Fokussierinduktor f\u00fcr Maschinen DAWELL DHI-160 \/ 190. Ferrit Durchmesser 38 mm.","breadcrumb":{"@id":"https:\/\/dawell.cz\/de\/produkt-de\/fokussierspule-rund-fuer-dhi-190f-hd\/#breadcrumb"},"inLanguage":"de","potentialAction":[{"@type":"ReadAction","target":["https:\/\/dawell.cz\/de\/produkt-de\/fokussierspule-rund-fuer-dhi-190f-hd\/"]}]},{"@type":"ImageObject","inLanguage":"de","@id":"https:\/\/dawell.cz\/de\/produkt-de\/fokussierspule-rund-fuer-dhi-190f-hd\/#primaryimage","url":"https:\/\/dawell.cz\/wp-content\/uploads\/2024\/03\/Fokus-civka-kruhova-DHI-190-12-102-01.webp","contentUrl":"https:\/\/dawell.cz\/wp-content\/uploads\/2024\/03\/Fokus-civka-kruhova-DHI-190-12-102-01.webp","width":1000,"height":1000,"caption":"Fokussierinduktor kreisf\u00f6rmiger"},{"@type":"BreadcrumbList","@id":"https:\/\/dawell.cz\/de\/produkt-de\/fokussierspule-rund-fuer-dhi-190f-hd\/#breadcrumb","itemListElement":[{"@type":"ListItem","position":1,"name":"Dom\u016f","item":"https:\/\/dawell.cz\/de\/home\/"},{"@type":"ListItem","position":2,"name":"Produkte","item":"https:\/\/dawell.cz\/de\/shop\/"},{"@type":"ListItem","position":3,"name":"Fokussierinduktor kreisf\u00f6rmiger f\u00fcr DHI-160\/190"}]},{"@type":"WebSite","@id":"https:\/\/dawell.cz\/de\/#website","url":"https:\/\/dawell.cz\/de\/","name":"DAWELL CZ","description":"","publisher":{"@id":"https:\/\/dawell.cz\/de\/#organization"},"alternateName":"Dawell","potentialAction":[{"@type":"SearchAction","target":{"@type":"EntryPoint","urlTemplate":"https:\/\/dawell.cz\/de\/?s={search_term_string}"},"query-input":{"@type":"PropertyValueSpecification","valueRequired":true,"valueName":"search_term_string"}}],"inLanguage":"de"},{"@type":"Organization","@id":"https:\/\/dawell.cz\/de\/#organization","name":"DAWELL CZ s.r.o.","url":"https:\/\/dawell.cz\/de\/","logo":{"@type":"ImageObject","inLanguage":"de","@id":"https:\/\/dawell.cz\/de\/#\/schema\/logo\/image\/","url":"","contentUrl":"","caption":"DAWELL CZ s.r.o."},"image":{"@id":"https:\/\/dawell.cz\/de\/#\/schema\/logo\/image\/"},"sameAs":["https:\/\/www.facebook.com\/dawellcz\/"]}]}},"_links":{"self":[{"href":"https:\/\/dawell.cz\/de\/wp-json\/wp\/v2\/product\/53337","targetHints":{"allow":["GET"]}}],"collection":[{"href":"https:\/\/dawell.cz\/de\/wp-json\/wp\/v2\/product"}],"about":[{"href":"https:\/\/dawell.cz\/de\/wp-json\/wp\/v2\/types\/product"}],"version-history":[{"count":2,"href":"https:\/\/dawell.cz\/de\/wp-json\/wp\/v2\/product\/53337\/revisions"}],"predecessor-version":[{"id":62634,"href":"https:\/\/dawell.cz\/de\/wp-json\/wp\/v2\/product\/53337\/revisions\/62634"}],"wp:featuredmedia":[{"embeddable":true,"href":"https:\/\/dawell.cz\/de\/wp-json\/wp\/v2\/media\/51412"}],"wp:attachment":[{"href":"https:\/\/dawell.cz\/de\/wp-json\/wp\/v2\/media?parent=53337"}],"wp:term":[{"taxonomy":"product_brand","embeddable":true,"href":"https:\/\/dawell.cz\/de\/wp-json\/wp\/v2\/product_brand?post=53337"},{"taxonomy":"product_cat","embeddable":true,"href":"https:\/\/dawell.cz\/de\/wp-json\/wp\/v2\/product_cat?post=53337"},{"taxonomy":"product_tag","embeddable":true,"href":"https:\/\/dawell.cz\/de\/wp-json\/wp\/v2\/product_tag?post=53337"}],"curies":[{"name":"wp","href":"https:\/\/api.w.org\/{rel}","templated":true}]}}