{"id":53009,"date":"2024-03-18T16:48:14","date_gmt":"2024-03-18T15:48:14","guid":{"rendered":"https:\/\/dawell.cz\/product\/kreisfoermige-spule-1-mit-gewinde-versenkbar\/"},"modified":"2026-04-05T15:29:43","modified_gmt":"2026-04-05T13:29:43","slug":"kreisfoermige-spule-1-mit-gewinde-versenkbar","status":"publish","type":"product","link":"https:\/\/dawell.cz\/de\/produkt-de\/kreisfoermige-spule-1-mit-gewinde-versenkbar\/","title":{"rendered":"Ringinduktor 1 Windung f\u00fcr DHI-44E\/45F"},"content":{"rendered":"\t\t<div data-elementor-type=\"product-post\" data-elementor-id=\"53009\" class=\"elementor elementor-53009 elementor-50786\" data-elementor-post-type=\"product\">\n\t\t\t\t<div class=\"elementor-element elementor-element-4ec285f thegem-e-con-layout-elementor e-flex e-con-boxed e-con e-parent\" data-id=\"4ec285f\" data-element_type=\"container\" data-e-type=\"container\" data-settings=\"{&quot;thegem_container_layout&quot;:&quot;elementor&quot;}\">\r\n\t\t\t\t\t<div class=\"e-con-inner\">\r\n\t\t\t\t<div class=\"elementor-element elementor-element-989d67f flex-horizontal-align-default flex-horizontal-align-tablet-default flex-horizontal-align-mobile-default flex-vertical-align-default flex-vertical-align-tablet-default flex-vertical-align-mobile-default elementor-widget elementor-widget-text-editor\" data-id=\"989d67f\" data-element_type=\"widget\" data-e-type=\"widget\" data-widget_type=\"text-editor.default\">\n\t\t\t\t<div class=\"elementor-widget-container\">\n\t\t\t\t\t\t\t\t\t\t\t\t<div class=\"elementor-text-editor elementor-clearfix\">\r\n\t\t\t\t\t\t<p>Verf\u00fcgbare Durchmesser <strong>20 mm \u2022 26 mm \u2022 32 mm \u2022 38 mm \u2022 40 mm \u2022 45 mm \u2022 53 mm<\/strong>.<\/p><p>Kompatibles Ger\u00e4t DAWELL <a href=\"https:\/\/dawell.cz\/de\/produkt-de\/dhi-44e\/\"><strong>DHI-44E<\/strong><\/a> \u2022 <strong><a href=\"https:\/\/dawell.cz\/de\/produkt-de\/dhi-45f\/\">DHI-45F<\/a><\/strong>.<\/p>\t\t\t\t\t\t\t<\/div>\r\n\t\t\t\t\t\t\t\t\t\t<\/div>\n\t\t\t\t<\/div>\n\t\t\t\t\t<\/div>\n\t\t\t\t<\/div>\n\t\t\t\t<\/div>\n\t\t","protected":false},"excerpt":{"rendered":"<p>Fl\u00fcssigkeitsgek\u00fchlter Ringinduktor mit 1 Windung. Muss in Kombination mit <a href=\"https:\/\/dawell.cz\/de\/produkt-de\/reduzierstueck-fuer-runde-spulen\/\">Reduzierst\u00fcck f\u00fcr Ringinduktoren<\/a> verwendet werden. <\/p>\n","protected":false},"featured_media":51420,"template":"","meta":{"inline_featured_image":false,"_wp_rev_ctl_limit":""},"product_brand":[],"product_cat":[1119,943],"product_tag":[1131,1135],"class_list":{"0":"post-53009","1":"product","2":"type-product","3":"status-publish","4":"has-post-thumbnail","6":"product_cat-induktoren-fur-dhi-44e-dhi-45f","7":"product_cat-zubehor","8":"product_tag-dhi-44e","9":"product_tag-dhi-45f","11":"first","12":"outofstock","13":"taxable","14":"shipping-taxable","15":"purchasable","16":"product-type-variable"},"yoast_head":"<!-- This site is optimized with the Yoast SEO plugin v27.5 - https:\/\/yoast.com\/product\/yoast-seo-wordpress\/ -->\n<title>Ringinduktor 1 Windung f\u00fcr DHI-44E\/45F - DAWELL CZ<\/title>\n<meta name=\"description\" content=\"Fl\u00fcssigkeitsgek\u00fchlter Ringinduktor mit 1 Windung f\u00fcr Maschinen DAWELL DHI-44E und 45F in Kombination mit Reduzierst\u00fcck. Verschiedene Durchmesser.\" \/>\n<meta name=\"robots\" content=\"index, follow, max-snippet:-1, max-image-preview:large, max-video-preview:-1\" \/>\n<link rel=\"canonical\" href=\"https:\/\/dawell.cz\/de\/produkt-de\/kreisfoermige-spule-1-mit-gewinde-versenkbar\/\" \/>\n<meta property=\"og:locale\" content=\"de_DE\" \/>\n<meta property=\"og:type\" content=\"article\" \/>\n<meta property=\"og:title\" content=\"Ringinduktor 1 Windung f\u00fcr DHI-44E\/45F - DAWELL CZ\" \/>\n<meta property=\"og:description\" content=\"Fl\u00fcssigkeitsgek\u00fchlter Ringinduktor mit 1 Windung f\u00fcr Maschinen DAWELL DHI-44E und 45F in Kombination mit Reduzierst\u00fcck. Verschiedene Durchmesser.\" \/>\n<meta property=\"og:url\" content=\"https:\/\/dawell.cz\/de\/produkt-de\/kreisfoermige-spule-1-mit-gewinde-versenkbar\/\" \/>\n<meta property=\"og:site_name\" content=\"DAWELL CZ\" \/>\n<meta property=\"article:publisher\" content=\"https:\/\/www.facebook.com\/dawellcz\/\" \/>\n<meta property=\"article:modified_time\" content=\"2026-04-05T13:29:43+00:00\" \/>\n<meta property=\"og:image\" content=\"https:\/\/dawell.cz\/wp-content\/uploads\/2024\/03\/Kruhova-civka-1-zavitova-81-00x.webp\" \/>\n\t<meta property=\"og:image:width\" content=\"1000\" \/>\n\t<meta property=\"og:image:height\" content=\"1000\" \/>\n\t<meta property=\"og:image:type\" content=\"image\/webp\" \/>\n<meta name=\"twitter:card\" content=\"summary_large_image\" \/>\n<script type=\"application\/ld+json\" class=\"yoast-schema-graph\">{\"@context\":\"https:\\\/\\\/schema.org\",\"@graph\":[{\"@type\":\"WebPage\",\"@id\":\"https:\\\/\\\/dawell.cz\\\/de\\\/produkt-de\\\/kreisfoermige-spule-1-mit-gewinde-versenkbar\\\/\",\"url\":\"https:\\\/\\\/dawell.cz\\\/de\\\/produkt-de\\\/kreisfoermige-spule-1-mit-gewinde-versenkbar\\\/\",\"name\":\"Ringinduktor 1 Windung f\u00fcr DHI-44E\\\/45F - DAWELL CZ\",\"isPartOf\":{\"@id\":\"https:\\\/\\\/dawell.cz\\\/de\\\/#website\"},\"primaryImageOfPage\":{\"@id\":\"https:\\\/\\\/dawell.cz\\\/de\\\/produkt-de\\\/kreisfoermige-spule-1-mit-gewinde-versenkbar\\\/#primaryimage\"},\"image\":{\"@id\":\"https:\\\/\\\/dawell.cz\\\/de\\\/produkt-de\\\/kreisfoermige-spule-1-mit-gewinde-versenkbar\\\/#primaryimage\"},\"thumbnailUrl\":\"https:\\\/\\\/dawell.cz\\\/wp-content\\\/uploads\\\/2024\\\/03\\\/Kruhova-civka-1-zavitova-81-00x.webp\",\"datePublished\":\"2024-03-18T15:48:14+00:00\",\"dateModified\":\"2026-04-05T13:29:43+00:00\",\"description\":\"Fl\u00fcssigkeitsgek\u00fchlter Ringinduktor mit 1 Windung f\u00fcr Maschinen DAWELL DHI-44E und 45F in Kombination mit Reduzierst\u00fcck. Verschiedene Durchmesser.\",\"breadcrumb\":{\"@id\":\"https:\\\/\\\/dawell.cz\\\/de\\\/produkt-de\\\/kreisfoermige-spule-1-mit-gewinde-versenkbar\\\/#breadcrumb\"},\"inLanguage\":\"de\",\"potentialAction\":[{\"@type\":\"ReadAction\",\"target\":[\"https:\\\/\\\/dawell.cz\\\/de\\\/produkt-de\\\/kreisfoermige-spule-1-mit-gewinde-versenkbar\\\/\"]}]},{\"@type\":\"ImageObject\",\"inLanguage\":\"de\",\"@id\":\"https:\\\/\\\/dawell.cz\\\/de\\\/produkt-de\\\/kreisfoermige-spule-1-mit-gewinde-versenkbar\\\/#primaryimage\",\"url\":\"https:\\\/\\\/dawell.cz\\\/wp-content\\\/uploads\\\/2024\\\/03\\\/Kruhova-civka-1-zavitova-81-00x.webp\",\"contentUrl\":\"https:\\\/\\\/dawell.cz\\\/wp-content\\\/uploads\\\/2024\\\/03\\\/Kruhova-civka-1-zavitova-81-00x.webp\",\"width\":1000,\"height\":1000,\"caption\":\"Ringinduktor 1 Windung\"},{\"@type\":\"BreadcrumbList\",\"@id\":\"https:\\\/\\\/dawell.cz\\\/de\\\/produkt-de\\\/kreisfoermige-spule-1-mit-gewinde-versenkbar\\\/#breadcrumb\",\"itemListElement\":[{\"@type\":\"ListItem\",\"position\":1,\"name\":\"Dom\u016f\",\"item\":\"https:\\\/\\\/dawell.cz\\\/de\\\/home\\\/\"},{\"@type\":\"ListItem\",\"position\":2,\"name\":\"Produkte\",\"item\":\"https:\\\/\\\/dawell.cz\\\/de\\\/shop\\\/\"},{\"@type\":\"ListItem\",\"position\":3,\"name\":\"Ringinduktor 1 Windung f\u00fcr DHI-44E\\\/45F\"}]},{\"@type\":\"WebSite\",\"@id\":\"https:\\\/\\\/dawell.cz\\\/de\\\/#website\",\"url\":\"https:\\\/\\\/dawell.cz\\\/de\\\/\",\"name\":\"DAWELL CZ\",\"description\":\"\",\"publisher\":{\"@id\":\"https:\\\/\\\/dawell.cz\\\/de\\\/#organization\"},\"alternateName\":\"Dawell\",\"potentialAction\":[{\"@type\":\"SearchAction\",\"target\":{\"@type\":\"EntryPoint\",\"urlTemplate\":\"https:\\\/\\\/dawell.cz\\\/de\\\/?s={search_term_string}\"},\"query-input\":{\"@type\":\"PropertyValueSpecification\",\"valueRequired\":true,\"valueName\":\"search_term_string\"}}],\"inLanguage\":\"de\"},{\"@type\":\"Organization\",\"@id\":\"https:\\\/\\\/dawell.cz\\\/de\\\/#organization\",\"name\":\"DAWELL CZ s.r.o.\",\"url\":\"https:\\\/\\\/dawell.cz\\\/de\\\/\",\"logo\":{\"@type\":\"ImageObject\",\"inLanguage\":\"de\",\"@id\":\"https:\\\/\\\/dawell.cz\\\/de\\\/#\\\/schema\\\/logo\\\/image\\\/\",\"url\":\"\",\"contentUrl\":\"\",\"caption\":\"DAWELL CZ s.r.o.\"},\"image\":{\"@id\":\"https:\\\/\\\/dawell.cz\\\/de\\\/#\\\/schema\\\/logo\\\/image\\\/\"},\"sameAs\":[\"https:\\\/\\\/www.facebook.com\\\/dawellcz\\\/\"]}]}<\/script>\n<!-- \/ Yoast SEO plugin. -->","yoast_head_json":{"title":"Ringinduktor 1 Windung f\u00fcr DHI-44E\/45F - DAWELL CZ","description":"Fl\u00fcssigkeitsgek\u00fchlter Ringinduktor mit 1 Windung f\u00fcr Maschinen DAWELL DHI-44E und 45F in Kombination mit Reduzierst\u00fcck. Verschiedene Durchmesser.","robots":{"index":"index","follow":"follow","max-snippet":"max-snippet:-1","max-image-preview":"max-image-preview:large","max-video-preview":"max-video-preview:-1"},"canonical":"https:\/\/dawell.cz\/de\/produkt-de\/kreisfoermige-spule-1-mit-gewinde-versenkbar\/","og_locale":"de_DE","og_type":"article","og_title":"Ringinduktor 1 Windung f\u00fcr DHI-44E\/45F - DAWELL CZ","og_description":"Fl\u00fcssigkeitsgek\u00fchlter Ringinduktor mit 1 Windung f\u00fcr Maschinen DAWELL DHI-44E und 45F in Kombination mit Reduzierst\u00fcck. Verschiedene Durchmesser.","og_url":"https:\/\/dawell.cz\/de\/produkt-de\/kreisfoermige-spule-1-mit-gewinde-versenkbar\/","og_site_name":"DAWELL CZ","article_publisher":"https:\/\/www.facebook.com\/dawellcz\/","article_modified_time":"2026-04-05T13:29:43+00:00","og_image":[{"width":1000,"height":1000,"url":"https:\/\/dawell.cz\/wp-content\/uploads\/2024\/03\/Kruhova-civka-1-zavitova-81-00x.webp","type":"image\/webp"}],"twitter_card":"summary_large_image","schema":{"@context":"https:\/\/schema.org","@graph":[{"@type":"WebPage","@id":"https:\/\/dawell.cz\/de\/produkt-de\/kreisfoermige-spule-1-mit-gewinde-versenkbar\/","url":"https:\/\/dawell.cz\/de\/produkt-de\/kreisfoermige-spule-1-mit-gewinde-versenkbar\/","name":"Ringinduktor 1 Windung f\u00fcr DHI-44E\/45F - DAWELL CZ","isPartOf":{"@id":"https:\/\/dawell.cz\/de\/#website"},"primaryImageOfPage":{"@id":"https:\/\/dawell.cz\/de\/produkt-de\/kreisfoermige-spule-1-mit-gewinde-versenkbar\/#primaryimage"},"image":{"@id":"https:\/\/dawell.cz\/de\/produkt-de\/kreisfoermige-spule-1-mit-gewinde-versenkbar\/#primaryimage"},"thumbnailUrl":"https:\/\/dawell.cz\/wp-content\/uploads\/2024\/03\/Kruhova-civka-1-zavitova-81-00x.webp","datePublished":"2024-03-18T15:48:14+00:00","dateModified":"2026-04-05T13:29:43+00:00","description":"Fl\u00fcssigkeitsgek\u00fchlter Ringinduktor mit 1 Windung f\u00fcr Maschinen DAWELL DHI-44E und 45F in Kombination mit Reduzierst\u00fcck. Verschiedene Durchmesser.","breadcrumb":{"@id":"https:\/\/dawell.cz\/de\/produkt-de\/kreisfoermige-spule-1-mit-gewinde-versenkbar\/#breadcrumb"},"inLanguage":"de","potentialAction":[{"@type":"ReadAction","target":["https:\/\/dawell.cz\/de\/produkt-de\/kreisfoermige-spule-1-mit-gewinde-versenkbar\/"]}]},{"@type":"ImageObject","inLanguage":"de","@id":"https:\/\/dawell.cz\/de\/produkt-de\/kreisfoermige-spule-1-mit-gewinde-versenkbar\/#primaryimage","url":"https:\/\/dawell.cz\/wp-content\/uploads\/2024\/03\/Kruhova-civka-1-zavitova-81-00x.webp","contentUrl":"https:\/\/dawell.cz\/wp-content\/uploads\/2024\/03\/Kruhova-civka-1-zavitova-81-00x.webp","width":1000,"height":1000,"caption":"Ringinduktor 1 Windung"},{"@type":"BreadcrumbList","@id":"https:\/\/dawell.cz\/de\/produkt-de\/kreisfoermige-spule-1-mit-gewinde-versenkbar\/#breadcrumb","itemListElement":[{"@type":"ListItem","position":1,"name":"Dom\u016f","item":"https:\/\/dawell.cz\/de\/home\/"},{"@type":"ListItem","position":2,"name":"Produkte","item":"https:\/\/dawell.cz\/de\/shop\/"},{"@type":"ListItem","position":3,"name":"Ringinduktor 1 Windung f\u00fcr DHI-44E\/45F"}]},{"@type":"WebSite","@id":"https:\/\/dawell.cz\/de\/#website","url":"https:\/\/dawell.cz\/de\/","name":"DAWELL CZ","description":"","publisher":{"@id":"https:\/\/dawell.cz\/de\/#organization"},"alternateName":"Dawell","potentialAction":[{"@type":"SearchAction","target":{"@type":"EntryPoint","urlTemplate":"https:\/\/dawell.cz\/de\/?s={search_term_string}"},"query-input":{"@type":"PropertyValueSpecification","valueRequired":true,"valueName":"search_term_string"}}],"inLanguage":"de"},{"@type":"Organization","@id":"https:\/\/dawell.cz\/de\/#organization","name":"DAWELL CZ s.r.o.","url":"https:\/\/dawell.cz\/de\/","logo":{"@type":"ImageObject","inLanguage":"de","@id":"https:\/\/dawell.cz\/de\/#\/schema\/logo\/image\/","url":"","contentUrl":"","caption":"DAWELL CZ s.r.o."},"image":{"@id":"https:\/\/dawell.cz\/de\/#\/schema\/logo\/image\/"},"sameAs":["https:\/\/www.facebook.com\/dawellcz\/"]}]}},"_links":{"self":[{"href":"https:\/\/dawell.cz\/de\/wp-json\/wp\/v2\/product\/53009","targetHints":{"allow":["GET"]}}],"collection":[{"href":"https:\/\/dawell.cz\/de\/wp-json\/wp\/v2\/product"}],"about":[{"href":"https:\/\/dawell.cz\/de\/wp-json\/wp\/v2\/types\/product"}],"version-history":[{"count":2,"href":"https:\/\/dawell.cz\/de\/wp-json\/wp\/v2\/product\/53009\/revisions"}],"predecessor-version":[{"id":62604,"href":"https:\/\/dawell.cz\/de\/wp-json\/wp\/v2\/product\/53009\/revisions\/62604"}],"wp:featuredmedia":[{"embeddable":true,"href":"https:\/\/dawell.cz\/de\/wp-json\/wp\/v2\/media\/51420"}],"wp:attachment":[{"href":"https:\/\/dawell.cz\/de\/wp-json\/wp\/v2\/media?parent=53009"}],"wp:term":[{"taxonomy":"product_brand","embeddable":true,"href":"https:\/\/dawell.cz\/de\/wp-json\/wp\/v2\/product_brand?post=53009"},{"taxonomy":"product_cat","embeddable":true,"href":"https:\/\/dawell.cz\/de\/wp-json\/wp\/v2\/product_cat?post=53009"},{"taxonomy":"product_tag","embeddable":true,"href":"https:\/\/dawell.cz\/de\/wp-json\/wp\/v2\/product_tag?post=53009"}],"curies":[{"name":"wp","href":"https:\/\/api.w.org\/{rel}","templated":true}]}}