{"id":54275,"date":"2024-07-10T15:13:30","date_gmt":"2024-07-10T13:13:30","guid":{"rendered":"https:\/\/dawell.cz\/schutz-persoenlicher-daten\/"},"modified":"2024-07-17T12:58:34","modified_gmt":"2024-07-17T10:58:34","slug":"schutz-persoenlicher-daten","status":"publish","type":"page","link":"https:\/\/dawell.cz\/de\/schutz-persoenlicher-daten\/","title":{"rendered":"Schutz pers\u00f6nlicher Daten"},"content":{"rendered":"\t\t<div data-elementor-type=\"wp-page\" data-elementor-id=\"54275\" class=\"elementor elementor-54275 elementor-54263\" data-elementor-post-type=\"page\">\n\t\t\t\t<div class=\"elementor-element elementor-element-b4ca3b4 thegem-e-con-layout-elementor e-flex e-con-boxed e-con e-parent\" data-id=\"b4ca3b4\" data-element_type=\"container\" data-e-type=\"container\" data-settings=\"{&quot;thegem_container_layout&quot;:&quot;elementor&quot;}\">\r\n\t\t\t\t\t<div class=\"e-con-inner\">\r\n\t\t\t\t<div class=\"elementor-element elementor-element-bc59278 flex-horizontal-align-default flex-horizontal-align-tablet-default flex-horizontal-align-mobile-default flex-vertical-align-default flex-vertical-align-tablet-default flex-vertical-align-mobile-default elementor-widget elementor-widget-heading\" data-id=\"bc59278\" data-element_type=\"widget\" data-e-type=\"widget\" data-widget_type=\"heading.default\">\n\t\t\t\t<div class=\"elementor-widget-container\">\n\t\t\t\t\t<h3 class=\"light elementor-heading-title elementor-size-default\">Datenschutzbestimmungen<\/h3>\t\t\t\t<\/div>\n\t\t\t\t<\/div>\n\t\t\t\t<div class=\"elementor-element elementor-element-ff21229 flex-horizontal-align-default flex-horizontal-align-tablet-default flex-horizontal-align-mobile-default flex-vertical-align-default flex-vertical-align-tablet-default flex-vertical-align-mobile-default elementor-widget elementor-widget-text-editor\" data-id=\"ff21229\" data-element_type=\"widget\" data-e-type=\"widget\" data-widget_type=\"text-editor.default\">\n\t\t\t\t<div class=\"elementor-widget-container\">\n\t\t\t\t\t\t\t\t\t\t\t\t<div class=\"elementor-text-editor elementor-clearfix\">\r\n\t\t\t\t\t\t<p><strong>I. <\/strong><strong>Grundlegende Bestimmungen<\/strong><\/p>\n<ol>\n<li>Der f\u00fcr die Verarbeitung personenbezogener Daten Verantwortliche im Sinne von Art.<br \/>\n4 (7) der Verordnung (EU) 2016\/679 des Europ\u00e4ischen Parlaments und des Rates zum Schutz nat\u00fcrlicher Personen bei der Verarbeitung personenbezogener Daten und zum freien Datenverkehr (im Folgenden:<strong>&#8222;DSGVO<\/strong>&#8222;) ist <em>DAWELL CZ s.r.o., ID-Nr. 293 78 362, mit Sitz in Budischowsk\u00e9ho 1073, 674 01 T\u0159eb\u00ed\u010d, Tschechische<\/em> Republik (im Folgenden:<strong>&#8222;Verantwortlicher<\/strong>&#8222;). <\/li>\n<li>Die Kontaktdaten des Administrators lauten<\/li>\n<\/ol>\n<ul>\n<li><em>E-Mail: sales@dawell.cz<\/em><\/li>\n<li><em>Telefon: +420 702 160 066<\/em><\/li>\n<\/ul>\n<ol start=\"3\">\n<li>Personenbezogene Daten sind Informationen \u00fcber eine identifizierbare Person &#8211; Name, Adresse, Telefon, E-Mail, usw.<\/li>\n<\/ol>\n<p><strong> <\/strong><strong>II. <\/strong><strong>Quellen und Kategorien der verarbeiteten personenbezogenen Daten<\/strong><\/p>\n<ol>\n<li>Der f\u00fcr die Verarbeitung Verantwortliche verarbeitet personenbezogene Daten, die Sie ihm zur Verf\u00fcgung gestellt haben, oder personenbezogene Daten, die der f\u00fcr die Verarbeitung Verantwortliche erhalten hat, z. B. auf der Grundlage der Erf\u00fcllung Ihrer Bestellung.<\/li>\n<li>Der f\u00fcr die Verarbeitung Verantwortliche verarbeitet Ihre Identifikations- und Kontaktdaten sowie Daten, die f\u00fcr die Erf\u00fcllung des Vertrags erforderlich sind.<\/li>\n<\/ol>\n<p><strong>III.  <\/strong><strong>Rechtm\u00e4\u00dfiger Grund und Zweck der Verarbeitung personenbezogener Daten<\/strong><\/p>\n<ol>\n<li>Der rechtm\u00e4\u00dfige Grund f\u00fcr die Verarbeitung personenbezogener Daten ist<\/li>\n<\/ol>\n<ul>\n<li>die Erf\u00fcllung des Vertrags zwischen Ihnen und dem Verwalter gem\u00e4\u00df Art.<br \/>\n6 Absatz.<br \/>\n1 lit.<br \/>\nb) GDPR,   <\/li>\n<li>das berechtigte Interesse des f\u00fcr die Verarbeitung Verantwortlichen an der Bereitstellung von Direktmarketing (insbesondere f\u00fcr die Zusendung von kommerziellen Mitteilungen und Newslettern) gem\u00e4\u00df Art.<br \/>\n6 Absatz.<br \/>\n1 lit.<br \/>\n(f) GDPR,   <\/li>\n<li>Ihre Zustimmung zur Verarbeitung zum Zwecke des Direktmarketings (insbesondere zum Versand von kommerziellen Mitteilungen und Newslettern) gem\u00e4\u00df Artikel 6(1)(a) GDPR in Verbindung mit Abschnitt 7(2) des Gesetzes Nr. 480\/2004 Coll. \u00fcber bestimmte Dienste der Informationsgesellschaft, wenn keine Bestellung von Waren oder Dienstleistungen vorliegt.<\/li>\n<\/ul>\n<ol start=\"2\">\n<li>Der Zweck der Verarbeitung von personenbezogenen Daten ist<\/li>\n<\/ol>\n<ul>\n<li>die Bearbeitung Ihrer Bestellung und die Aus\u00fcbung der Rechte und Pflichten, die sich aus dem Vertragsverh\u00e4ltnis zwischen Ihnen und dem f\u00fcr die Verarbeitung Verantwortlichen ergeben; bei einer Bestellung werden personenbezogene Daten ben\u00f6tigt, die f\u00fcr die erfolgreiche Abwicklung der Bestellung erforderlich sind (Name und Adresse, Kontakt), die Bereitstellung personenbezogener Daten ist eine notwendige Voraussetzung f\u00fcr den Abschluss und die Erf\u00fcllung des Vertrags, ohne die Bereitstellung personenbezogener Daten ist der Abschluss des Vertrags oder dessen Erf\u00fcllung durch den f\u00fcr die Verarbeitung Verantwortlichen nicht m\u00f6glich,<\/li>\n<li>die Versendung kommerzieller Mitteilungen und andere Marketingaktivit\u00e4ten.<\/li>\n<\/ul>\n<ol start=\"3\">\n<li>Es gibt keine automatische individuelle Entscheidungsfindung durch den Administrator im Sinne von Art.<br \/>\n22 GDPR.  Sie haben Ihre ausdr\u00fcckliche Zustimmung zu dieser Verarbeitung gegeben.<\/li>\n<\/ol>\n<p><strong>IV.  <\/strong><strong>Dauer der Datenspeicherung<\/strong><\/p>\n<ol>\n<li>Der Controller speichert personenbezogene Daten<\/li>\n<\/ol>\n<ul>\n<li>f\u00fcr den Zeitraum, der erforderlich ist, um die Rechte und Pflichten aus dem Vertragsverh\u00e4ltnis zwischen Ihnen und dem f\u00fcr die Verarbeitung Verantwortlichen auszu\u00fcben und um Anspr\u00fcche aus diesen Vertragsverh\u00e4ltnissen geltend zu machen (f\u00fcr einen Zeitraum von 1 Jahr nach Beendigung des Vertragsverh\u00e4ltnisses).<\/li>\n<li>f\u00fcr einen Zeitraum, bevor die Zustimmung zur Verarbeitung personenbezogener Daten zu Marketingzwecken widerrufen wird, jedoch nicht l\u00e4nger als 1 Jahr, wenn die personenbezogenen Daten auf der Grundlage einer Zustimmung verarbeitet werden.<\/li>\n<\/ul>\n<ol start=\"2\">\n<li>Nach Ablauf der Aufbewahrungsfrist wird der f\u00fcr die Verarbeitung Verantwortliche die personenbezogenen Daten l\u00f6schen.<\/li>\n<\/ol>\n<p><strong>V. <\/strong><strong>Empf\u00e4nger von personenbezogenen Daten (Unterauftragnehmer des f\u00fcr die Verarbeitung Verantwortlichen)<\/strong><\/p>\n<ol>\n<li>Empf\u00e4nger von personenbezogenen Daten sind Personen<\/li>\n<\/ol>\n<ul>\n<li>die an der Lieferung von Waren\/Dienstleistungen\/Zahlungen im Rahmen des Vertrags beteiligt sind,<\/li>\n<li>die am Betrieb der Dienste beteiligt sind,<\/li>\n<li>Bereitstellung von Marketingdienstleistungen.<\/li>\n<\/ul>\n<ol start=\"2\">\n<li>Der f\u00fcr die Verarbeitung Verantwortliche hat nicht die Absicht, personenbezogene Daten an ein Drittland (Nicht-EU-Land) oder eine internationale Organisation zu \u00fcbermitteln.  <\/li>\n<\/ol>\n<p><strong>VI.  <\/strong><strong>Ihre Rechte<\/strong><\/p>\n<ol>\n<li>Gem\u00e4\u00df den Bestimmungen der DSGVO haben Sie<\/li>\n<\/ol>\n<ul>\n<li>das Recht auf Zugang zu Ihren personenbezogenen Daten gem\u00e4\u00df Art.<br \/>\n15 GDPR, <\/li>\n<li>das Recht auf Berichtigung der personenbezogenen Daten gem\u00e4\u00df Art.<br \/>\n16 GDPR oder die Einschr\u00e4nkung der Verarbeitung gem\u00e4\u00df Art.<br \/>\n18 GDPR.  <\/li>\n<li>das Recht auf L\u00f6schung der personenbezogenen Daten gem\u00e4\u00df Art.<br \/>\n17 GDPR. <\/li>\n<li>das Recht auf Widerspruch gegen die Verarbeitung gem\u00e4\u00df Art.<br \/>\n21 GDPR und <\/li>\n<li>das Recht auf Daten\u00fcbertragbarkeit gem\u00e4\u00df Art.<br \/>\n20 GDPR. <\/li>\n<li>das Recht, die Zustimmung zur Verarbeitung schriftlich oder elektronisch an die in Art.<br \/>\nIII dieser Allgemeinen Gesch\u00e4ftsbedingungen. <\/li>\n<\/ul>\n<ol start=\"2\">\n<li>Sie haben auch das Recht, eine Beschwerde beim Amt f\u00fcr den Schutz personenbezogener Daten einzureichen, wenn Sie glauben, dass Ihr Recht auf den Schutz personenbezogener Daten verletzt wurde.<\/li>\n<\/ol>\n<p><strong>VII.  <\/strong><strong>Bedingungen f\u00fcr die Sicherheit pers\u00f6nlicher Daten<\/strong><\/p>\n<ol>\n<li>Der f\u00fcr die Verarbeitung Verantwortliche erkl\u00e4rt, dass er alle geeigneten technischen und organisatorischen Ma\u00dfnahmen zum Schutz personenbezogener Daten getroffen hat.<\/li>\n<li>Der f\u00fcr die Verarbeitung Verantwortliche hat technische Ma\u00dfnahmen zur Sicherung der Datenspeicherung und der Speicherung personenbezogener Daten in Papierform ergriffen, insbesondere Antivirenprogramme, sichere Speicherung von Backups, sichere Zugangspassw\u00f6rter usw.<\/li>\n<li>Der f\u00fcr die Verarbeitung Verantwortliche erkl\u00e4rt, dass nur von ihm autorisierte Personen Zugang zu den personenbezogenen Daten haben.<\/li>\n<\/ol>\n<p><strong>VIII.  <\/strong><strong>Schlussbestimmungen<\/strong><\/p>\n<ol>\n<li>Indem Sie eine Bestellung \u00fcber das Online-Bestellformular aufgeben, best\u00e4tigen Sie, dass Sie die Bedingungen der Datenschutzerkl\u00e4rung zur Kenntnis genommen haben und diese in vollem Umfang akzeptieren.<\/li>\n<li>Sie stimmen diesen Bedingungen zu, indem Sie das Zustimmungsfeld im Online-Formular ankreuzen. Indem Sie das Zustimmungsfeld ankreuzen, best\u00e4tigen Sie, dass Sie die Datenschutzbestimmungen zur Kenntnis genommen haben und sie in vollem Umfang akzeptieren.<\/li>\n<li>Der Verwalter ist berechtigt, diese Bedingungen zu \u00e4ndern. Er wird die neue Version der Datenschutzrichtlinie auf seiner Website ver\u00f6ffentlichen oder Ihnen eine neue Version der Datenschutzrichtlinie an die E-Mail-Adresse senden, die Sie dem f\u00fcr die Verarbeitung Verantwortlichen mitgeteilt haben.<\/li>\n<\/ol>\n<p>Diese Allgemeinen Gesch\u00e4ftsbedingungen treten am 10. 7. 2024.<\/p>\n\t\t\t\t\t\t\t<\/div>\r\n\t\t\t\t\t\t\t\t\t\t<\/div>\n\t\t\t\t<\/div>\n\t\t\t\t\t<\/div>\n\t\t\t\t<\/div>\n\t\t\t\t<\/div>\n\t\t","protected":false},"excerpt":{"rendered":"<p>Datenschutzbestimmungen I. Grundlegende Bestimmungen Der f\u00fcr die Verarbeitung personenbezogener Daten Verantwortliche im Sinne von Art. 4 (7) der Verordnung (EU)&#8230;<\/p>\n","protected":false},"author":1,"featured_media":0,"parent":0,"menu_order":0,"comment_status":"closed","ping_status":"closed","template":"page-fullwidth.php","meta":{"inline_featured_image":false,"footnotes":"","_wp_rev_ctl_limit":""},"class_list":["post-54275","page","type-page","status-publish"],"yoast_head":"<!-- This site is optimized with the Yoast SEO plugin v27.6 - https:\/\/yoast.com\/product\/yoast-seo-wordpress\/ -->\n<title>Schutz pers\u00f6nlicher Daten - DAWELL CZ<\/title>\n<meta name=\"description\" content=\"Datenschutzbestimmungen.\" \/>\n<meta name=\"robots\" content=\"index, follow, max-snippet:-1, max-image-preview:large, max-video-preview:-1\" \/>\n<link rel=\"canonical\" href=\"https:\/\/dawell.cz\/de\/schutz-persoenlicher-daten\/\" \/>\n<meta property=\"og:locale\" content=\"de_DE\" \/>\n<meta property=\"og:type\" content=\"article\" \/>\n<meta property=\"og:title\" content=\"Schutz pers\u00f6nlicher Daten - DAWELL CZ\" \/>\n<meta property=\"og:description\" content=\"Datenschutzbestimmungen.\" \/>\n<meta property=\"og:url\" content=\"https:\/\/dawell.cz\/de\/schutz-persoenlicher-daten\/\" \/>\n<meta property=\"og:site_name\" content=\"DAWELL CZ\" \/>\n<meta property=\"article:publisher\" content=\"https:\/\/www.facebook.com\/dawellcz\/\" \/>\n<meta property=\"article:modified_time\" content=\"2024-07-17T10:58:34+00:00\" \/>\n<meta name=\"twitter:card\" content=\"summary_large_image\" \/>\n<meta name=\"twitter:label1\" content=\"Gesch\u00e4tzte Lesezeit\" \/>\n\t<meta name=\"twitter:data1\" content=\"4\u00a0Minuten\" \/>\n<script type=\"application\/ld+json\" class=\"yoast-schema-graph\">{\"@context\":\"https:\\\/\\\/schema.org\",\"@graph\":[{\"@type\":\"WebPage\",\"@id\":\"https:\\\/\\\/dawell.cz\\\/de\\\/schutz-persoenlicher-daten\\\/\",\"url\":\"https:\\\/\\\/dawell.cz\\\/de\\\/schutz-persoenlicher-daten\\\/\",\"name\":\"Schutz pers\u00f6nlicher Daten - DAWELL CZ\",\"isPartOf\":{\"@id\":\"https:\\\/\\\/dawell.cz\\\/de\\\/#website\"},\"datePublished\":\"2024-07-10T13:13:30+00:00\",\"dateModified\":\"2024-07-17T10:58:34+00:00\",\"description\":\"Datenschutzbestimmungen.\",\"breadcrumb\":{\"@id\":\"https:\\\/\\\/dawell.cz\\\/de\\\/schutz-persoenlicher-daten\\\/#breadcrumb\"},\"inLanguage\":\"de\",\"potentialAction\":[{\"@type\":\"ReadAction\",\"target\":[\"https:\\\/\\\/dawell.cz\\\/de\\\/schutz-persoenlicher-daten\\\/\"]}]},{\"@type\":\"BreadcrumbList\",\"@id\":\"https:\\\/\\\/dawell.cz\\\/de\\\/schutz-persoenlicher-daten\\\/#breadcrumb\",\"itemListElement\":[{\"@type\":\"ListItem\",\"position\":1,\"name\":\"Dom\u016f\",\"item\":\"https:\\\/\\\/dawell.cz\\\/de\\\/home\\\/\"},{\"@type\":\"ListItem\",\"position\":2,\"name\":\"Schutz pers\u00f6nlicher Daten\"}]},{\"@type\":\"WebSite\",\"@id\":\"https:\\\/\\\/dawell.cz\\\/de\\\/#website\",\"url\":\"https:\\\/\\\/dawell.cz\\\/de\\\/\",\"name\":\"DAWELL CZ\",\"description\":\"\",\"publisher\":{\"@id\":\"https:\\\/\\\/dawell.cz\\\/de\\\/#organization\"},\"alternateName\":\"Dawell\",\"potentialAction\":[{\"@type\":\"SearchAction\",\"target\":{\"@type\":\"EntryPoint\",\"urlTemplate\":\"https:\\\/\\\/dawell.cz\\\/de\\\/?s={search_term_string}\"},\"query-input\":{\"@type\":\"PropertyValueSpecification\",\"valueRequired\":true,\"valueName\":\"search_term_string\"}}],\"inLanguage\":\"de\"},{\"@type\":\"Organization\",\"@id\":\"https:\\\/\\\/dawell.cz\\\/de\\\/#organization\",\"name\":\"DAWELL CZ s.r.o.\",\"url\":\"https:\\\/\\\/dawell.cz\\\/de\\\/\",\"logo\":{\"@type\":\"ImageObject\",\"inLanguage\":\"de\",\"@id\":\"https:\\\/\\\/dawell.cz\\\/de\\\/#\\\/schema\\\/logo\\\/image\\\/\",\"url\":\"\",\"contentUrl\":\"\",\"caption\":\"DAWELL CZ s.r.o.\"},\"image\":{\"@id\":\"https:\\\/\\\/dawell.cz\\\/de\\\/#\\\/schema\\\/logo\\\/image\\\/\"},\"sameAs\":[\"https:\\\/\\\/www.facebook.com\\\/dawellcz\\\/\"]}]}<\/script>\n<!-- \/ Yoast SEO plugin. -->","yoast_head_json":{"title":"Schutz pers\u00f6nlicher Daten - DAWELL CZ","description":"Datenschutzbestimmungen.","robots":{"index":"index","follow":"follow","max-snippet":"max-snippet:-1","max-image-preview":"max-image-preview:large","max-video-preview":"max-video-preview:-1"},"canonical":"https:\/\/dawell.cz\/de\/schutz-persoenlicher-daten\/","og_locale":"de_DE","og_type":"article","og_title":"Schutz pers\u00f6nlicher Daten - DAWELL CZ","og_description":"Datenschutzbestimmungen.","og_url":"https:\/\/dawell.cz\/de\/schutz-persoenlicher-daten\/","og_site_name":"DAWELL CZ","article_publisher":"https:\/\/www.facebook.com\/dawellcz\/","article_modified_time":"2024-07-17T10:58:34+00:00","twitter_card":"summary_large_image","twitter_misc":{"Gesch\u00e4tzte Lesezeit":"4\u00a0Minuten"},"schema":{"@context":"https:\/\/schema.org","@graph":[{"@type":"WebPage","@id":"https:\/\/dawell.cz\/de\/schutz-persoenlicher-daten\/","url":"https:\/\/dawell.cz\/de\/schutz-persoenlicher-daten\/","name":"Schutz pers\u00f6nlicher Daten - DAWELL CZ","isPartOf":{"@id":"https:\/\/dawell.cz\/de\/#website"},"datePublished":"2024-07-10T13:13:30+00:00","dateModified":"2024-07-17T10:58:34+00:00","description":"Datenschutzbestimmungen.","breadcrumb":{"@id":"https:\/\/dawell.cz\/de\/schutz-persoenlicher-daten\/#breadcrumb"},"inLanguage":"de","potentialAction":[{"@type":"ReadAction","target":["https:\/\/dawell.cz\/de\/schutz-persoenlicher-daten\/"]}]},{"@type":"BreadcrumbList","@id":"https:\/\/dawell.cz\/de\/schutz-persoenlicher-daten\/#breadcrumb","itemListElement":[{"@type":"ListItem","position":1,"name":"Dom\u016f","item":"https:\/\/dawell.cz\/de\/home\/"},{"@type":"ListItem","position":2,"name":"Schutz pers\u00f6nlicher Daten"}]},{"@type":"WebSite","@id":"https:\/\/dawell.cz\/de\/#website","url":"https:\/\/dawell.cz\/de\/","name":"DAWELL CZ","description":"","publisher":{"@id":"https:\/\/dawell.cz\/de\/#organization"},"alternateName":"Dawell","potentialAction":[{"@type":"SearchAction","target":{"@type":"EntryPoint","urlTemplate":"https:\/\/dawell.cz\/de\/?s={search_term_string}"},"query-input":{"@type":"PropertyValueSpecification","valueRequired":true,"valueName":"search_term_string"}}],"inLanguage":"de"},{"@type":"Organization","@id":"https:\/\/dawell.cz\/de\/#organization","name":"DAWELL CZ s.r.o.","url":"https:\/\/dawell.cz\/de\/","logo":{"@type":"ImageObject","inLanguage":"de","@id":"https:\/\/dawell.cz\/de\/#\/schema\/logo\/image\/","url":"","contentUrl":"","caption":"DAWELL CZ s.r.o."},"image":{"@id":"https:\/\/dawell.cz\/de\/#\/schema\/logo\/image\/"},"sameAs":["https:\/\/www.facebook.com\/dawellcz\/"]}]}},"_links":{"self":[{"href":"https:\/\/dawell.cz\/de\/wp-json\/wp\/v2\/pages\/54275","targetHints":{"allow":["GET"]}}],"collection":[{"href":"https:\/\/dawell.cz\/de\/wp-json\/wp\/v2\/pages"}],"about":[{"href":"https:\/\/dawell.cz\/de\/wp-json\/wp\/v2\/types\/page"}],"author":[{"embeddable":true,"href":"https:\/\/dawell.cz\/de\/wp-json\/wp\/v2\/users\/1"}],"replies":[{"embeddable":true,"href":"https:\/\/dawell.cz\/de\/wp-json\/wp\/v2\/comments?post=54275"}],"version-history":[{"count":0,"href":"https:\/\/dawell.cz\/de\/wp-json\/wp\/v2\/pages\/54275\/revisions"}],"wp:attachment":[{"href":"https:\/\/dawell.cz\/de\/wp-json\/wp\/v2\/media?parent=54275"}],"curies":[{"name":"wp","href":"https:\/\/api.w.org\/{rel}","templated":true}]}}